
{"id":58183,"date":"2023-10-29T14:28:49","date_gmt":"2023-10-29T14:28:49","guid":{"rendered":"https:\/\/azurefilm.com\/product\/volcano-fuvoka-kompatibilis-az-artillery-sidewinderrel\/"},"modified":"2023-10-29T14:28:49","modified_gmt":"2023-10-29T14:28:49","slug":"volcano-fuvoka-kompatibilis-az-artillery-sidewinderrel","status":"publish","type":"product","link":"https:\/\/azurefilm.com\/hu\/termek\/volcano-fuvoka-kompatibilis-az-artillery-sidewinderrel\/","title":{"rendered":"Volcano f\u00fav\u00f3ka Kompatibilis az Artillery Sidewinderrel"},"content":{"rendered":"<h2><b>F\u0151bb jellemz\u0151k:<\/b><\/h2>\n<ul>\n<li>Kompatibilis a k\u00f6vetkez\u0151kkel: T\u00fcz\u00e9rs\u00e9gi Sidewinder X1<\/li>\n<li>Kiv\u00e1l\u00f3 min\u0151s\u00e9g\u0171 3D nyomtat\u00f3 f\u00fav\u00f3k\u00e1k<\/li>\n<li>Bemeneti \u00e1tm\u00e9r\u0151: 1.75mm<\/li>\n<li>Anyag: S\u00e1rgar\u00e9z<\/li>\n<li>\u00c1r 1 darabra.<\/li>\n<\/ul>\n<p>&nbsp;<\/p>\n","protected":false},"excerpt":{"rendered":"<p>Kiv\u00e1l\u00f3 min\u0151s\u00e9g\u0171 <strong>Volcano f\u00fav\u00f3ka Kompatibilis az Artillery Sidewinderrel<\/strong>, 1,75 mm-es filament bemenettel.<\/p>\n","protected":false},"featured_media":58184,"comment_status":"closed","ping_status":"closed","template":"","meta":{"_acf_changed":false},"product_brand":[],"product_cat":[1679,2226,2224,2221,2227],"product_tag":[],"brand":[],"class_list":{"0":"post-58183","1":"product","2":"type-product","3":"status-publish","4":"has-post-thumbnail","6":"product_cat-elado","7":"product_cat-fuvoszarnyak","8":"product_cat-minden-potalkatresz","9":"product_cat-potalkatreszek","10":"product_cat-rendszeres-fuvokak","11":"pa_nozzle-diameter-0-2mm","12":"pa_nozzle-diameter-0-3mm","13":"pa_nozzle-diameter-0-4mm","14":"pa_nozzle-diameter-0-6mm","15":"pa_nozzle-diameter-0-8mm","16":"pa_nozzle-diameter-1-0mm","17":"pa_nozzle-diameter-12mm","19":"first","20":"instock","21":"sale","22":"taxable","23":"shipping-taxable","24":"purchasable","25":"product-type-variable"},"acf":[],"_links":{"self":[{"href":"https:\/\/azurefilm.com\/hu\/wp-json\/wp\/v2\/product\/58183","targetHints":{"allow":["GET"]}}],"collection":[{"href":"https:\/\/azurefilm.com\/hu\/wp-json\/wp\/v2\/product"}],"about":[{"href":"https:\/\/azurefilm.com\/hu\/wp-json\/wp\/v2\/types\/product"}],"replies":[{"embeddable":true,"href":"https:\/\/azurefilm.com\/hu\/wp-json\/wp\/v2\/comments?post=58183"}],"wp:featuredmedia":[{"embeddable":true,"href":"https:\/\/azurefilm.com\/hu\/wp-json\/wp\/v2\/media\/58184"}],"wp:attachment":[{"href":"https:\/\/azurefilm.com\/hu\/wp-json\/wp\/v2\/media?parent=58183"}],"wp:term":[{"taxonomy":"product_brand","embeddable":true,"href":"https:\/\/azurefilm.com\/hu\/wp-json\/wp\/v2\/product_brand?post=58183"},{"taxonomy":"product_cat","embeddable":true,"href":"https:\/\/azurefilm.com\/hu\/wp-json\/wp\/v2\/product_cat?post=58183"},{"taxonomy":"product_tag","embeddable":true,"href":"https:\/\/azurefilm.com\/hu\/wp-json\/wp\/v2\/product_tag?post=58183"},{"taxonomy":"brand","embeddable":true,"href":"https:\/\/azurefilm.com\/hu\/wp-json\/wp\/v2\/brand?post=58183"}],"curies":[{"name":"wp","href":"https:\/\/api.w.org\/{rel}","templated":true}]}}