
{"id":58194,"date":"2023-10-29T14:29:24","date_gmt":"2023-10-29T14:29:24","guid":{"rendered":"https:\/\/azurefilm.com\/product\/keresztkulcs-huvely\/"},"modified":"2023-10-29T14:29:24","modified_gmt":"2023-10-29T14:29:24","slug":"keresztkulcs-huvely","status":"publish","type":"product","link":"https:\/\/azurefilm.com\/hu\/termek\/keresztkulcs-huvely\/","title":{"rendered":"Keresztkulcs h\u00fcvely"},"content":{"rendered":"<h2><strong>F\u0151bb jellemz\u0151k:<\/strong><\/h2>\n<ul>\n<li>Alkalmas M2, M2.5, M3, M4 csavarany\u00e1hoz<\/li>\n<li>A keresztkulcsos h\u00fcvely seg\u00edts\u00e9g\u00e9vel t\u00f6bbek k\u00f6z\u00f6tt a 3D nyomtat\u00f3 f\u00fav\u00f3k\u00e1j\u00e1t is k\u00f6nnyed\u00e9n kicser\u00e9lheti.<\/li>\n<li>Kiv\u00e1l\u00f3 min\u0151s\u00e9g\u0171 anyagokb\u00f3l k\u00e9sz\u00fclt, k\u00f6nny\u0171 \u00e9s k\u00f6nnyen hordozhat\u00f3.<\/li>\n<li>Rozsdamentes \u00e9s tart\u00f3s,<\/li>\n<li>hossz\u00fa \u00e9lettartam\u00fa \u00e9s hossz\u00fa ideig haszn\u00e1lhat\u00f3.<\/li>\n<li>Kis m\u00e9ret\u0171, \u00e9s hordozhat\u00f3 eszk\u00f6zk\u00e9nt b\u00e1rhov\u00e1 mag\u00e1val vihet\u0151.<\/li>\n<li>Sz\u00e9les k\u00f6rben haszn\u00e1lhat\u00f3 a h\u00e1ztart\u00e1si bark\u00e1csol\u00e1sban, aut\u00f3alkatr\u00e9szekben, famegmunk\u00e1l\u00e1sban, professzion\u00e1lis mechanik\u00e1ban \u00e9s \u00edgy tov\u00e1bb.<\/li>\n<li>Sz\u00edn: Ez\u00fcst<\/li>\n<li>Anyag: F\u00e9m<\/li>\n<\/ul>\n","protected":false},"excerpt":{"rendered":"<p><strong>Keresztkulcs h\u00fcvely<\/strong> alkalmas M2, M2.5, M3, M4 csavarany\u00e1hoz.<\/p>\n","protected":false},"featured_media":58195,"comment_status":"closed","ping_status":"closed","template":"","meta":{"_acf_changed":false},"product_brand":[],"product_cat":[2238,1679,2224,2221],"product_tag":[],"brand":[],"class_list":{"0":"post-58194","1":"product","2":"type-product","3":"status-publish","4":"has-post-thumbnail","6":"product_cat-egyeb-tetelek","7":"product_cat-elado","8":"product_cat-minden-potalkatresz","9":"product_cat-potalkatreszek","11":"first","12":"instock","13":"sale","14":"taxable","15":"shipping-taxable","16":"purchasable","17":"product-type-simple"},"acf":[],"_links":{"self":[{"href":"https:\/\/azurefilm.com\/hu\/wp-json\/wp\/v2\/product\/58194","targetHints":{"allow":["GET"]}}],"collection":[{"href":"https:\/\/azurefilm.com\/hu\/wp-json\/wp\/v2\/product"}],"about":[{"href":"https:\/\/azurefilm.com\/hu\/wp-json\/wp\/v2\/types\/product"}],"replies":[{"embeddable":true,"href":"https:\/\/azurefilm.com\/hu\/wp-json\/wp\/v2\/comments?post=58194"}],"wp:featuredmedia":[{"embeddable":true,"href":"https:\/\/azurefilm.com\/hu\/wp-json\/wp\/v2\/media\/58195"}],"wp:attachment":[{"href":"https:\/\/azurefilm.com\/hu\/wp-json\/wp\/v2\/media?parent=58194"}],"wp:term":[{"taxonomy":"product_brand","embeddable":true,"href":"https:\/\/azurefilm.com\/hu\/wp-json\/wp\/v2\/product_brand?post=58194"},{"taxonomy":"product_cat","embeddable":true,"href":"https:\/\/azurefilm.com\/hu\/wp-json\/wp\/v2\/product_cat?post=58194"},{"taxonomy":"product_tag","embeddable":true,"href":"https:\/\/azurefilm.com\/hu\/wp-json\/wp\/v2\/product_tag?post=58194"},{"taxonomy":"brand","embeddable":true,"href":"https:\/\/azurefilm.com\/hu\/wp-json\/wp\/v2\/brand?post=58194"}],"curies":[{"name":"wp","href":"https:\/\/api.w.org\/{rel}","templated":true}]}}