
{"id":58198,"date":"2023-10-29T14:29:24","date_gmt":"2023-10-29T14:29:24","guid":{"rendered":"https:\/\/azurefilm.com\/product\/precizios-kes-6-pengevel\/"},"modified":"2023-10-29T14:29:24","modified_gmt":"2023-10-29T14:29:24","slug":"precizios-kes-6-pengevel","status":"publish","type":"product","link":"https:\/\/azurefilm.com\/hu\/termek\/precizios-kes-6-pengevel\/","title":{"rendered":"Prec\u00edzi\u00f3s k\u00e9s 6 peng\u00e9vel"},"content":{"rendered":"<p><strong>Prec\u00edzi\u00f3s k\u00e9s 6 peng\u00e9vel<\/strong><\/p>\n<ul>\n<li>A kiv\u00e1l\u00f3 min\u0151s\u00e9g\u0171 rozsdamentes ac\u00e9lb\u00f3l k\u00e9sz\u00fclt penge rendk\u00edv\u00fcl \u00e9les cs\u00faccsal rendelkezik a prec\u00edz finom v\u00e1g\u00e1shoz, \u00e9s kiv\u00e1l\u00f3 eszk\u00f6z a 3D nyomtat\u00e1s vagy b\u00e1rmely m\u00e1s anyag, p\u00e9ld\u00e1ul pap\u00edr, karton, fa,&#8230; (pap\u00edrszobrok, b\u00e9lyegz\u0151, fa- vagy gumifarag\u00e1s)<\/li>\n<li>Ez a megb\u00edzhat\u00f3 prec\u00edzi\u00f3s k\u00e9s 6 cserepeng\u00e9t tartalmaz, hogy sok nagyszer\u0171 alkot\u00e1son \u00e1tessen a sorban. Minden penge a legt\u00f6bb prec\u00edzi\u00f3s k\u00e9shez illeszkedik, \u00e9s biztons\u00e1gi kupakkal van ell\u00e1tva a k\u00f6nny\u0171 t\u00e1rol\u00e1s \u00e9s hordozhat\u00f3s\u00e1g \u00e9rdek\u00e9ben. <\/li>\n<li>Ak\u00e1r m\u0171anyaggal, pap\u00edrral, kartonnal, habszivaccsal, vinillel, modellk\u00e9szletekkel, anyaggal, b\u0151rrel vagy f\u00e1val dolgozik, ez az ipari min\u0151s\u00e9g\u0171 rozsdamentes ac\u00e9lb\u00f3l k\u00e9sz\u00fclt prec\u00edzi\u00f3s k\u00e9s \u00e9s a pr\u00e9mium min\u0151s\u00e9g\u0171 peng\u00e9k biztos\u00edtj\u00e1k a sz\u00fcks\u00e9ges tart\u00f3ss\u00e1got \u00e9s pontoss\u00e1got.<\/li>\n<li>Cs\u00fasz\u00e1smentes, k\u00f6nny\u0171, rozsdamentes ac\u00e9l k\u00e9sny\u00e9llel rendelkezik a legjobb min\u0151s\u00e9g\u0171 v\u00e1g\u00e1sokhoz.<\/li>\n<li>A k\u00f6zepes s\u00faly\u00fa alum\u00ednium foganty\u00faval k\u00f6nny\u0171 man\u0151verezni.<\/li>\n<li>\u00dagy tervezt\u00e9k, hogy a k\u00f6nny\u0171 \u00e9s a neh\u00e9z anyagokt\u00f3l kezdve mindent v\u00e1gjon.<\/li>\n<li>K\u00f6nnyen cser\u00e9lhet\u0151 penge rendszer.<\/li>\n<\/ul>\n","protected":false},"excerpt":{"rendered":"<p>A kiv\u00e1l\u00f3 min\u0151s\u00e9g\u0171 rozsdamentes ac\u00e9l penge rendk\u00edv\u00fcl \u00e9les hegy\u0171 a prec\u00edz, finom v\u00e1g\u00e1shoz, kiv\u00e1l\u00f3an alkalmas 3D nyomtat\u00e1shoz vagy b\u00e1rmilyen r\u00e9szletgazdag k\u00e9zm\u0171ves alkot\u00e1shoz, p\u00e9ld\u00e1ul pap\u00edrszobrokhoz, b\u00e9lyegz\u0151-, fa- vagy gumifarag\u00e1shoz.<\/p>\n","protected":false},"featured_media":58199,"comment_status":"closed","ping_status":"closed","template":"","meta":{"_acf_changed":false},"product_brand":[],"product_cat":[2221,1679,2224,2237,2395],"product_tag":[],"brand":[],"class_list":{"0":"post-58198","1":"product","2":"type-product","3":"status-publish","4":"has-post-thumbnail","6":"product_cat-potalkatreszek","7":"product_cat-elado","8":"product_cat-minden-potalkatresz","9":"product_cat-szerszerek","10":"product_cat-utofeldolgozas","12":"first","13":"outofstock","14":"sale","15":"taxable","16":"shipping-taxable","17":"purchasable","18":"product-type-simple"},"acf":[],"_links":{"self":[{"href":"https:\/\/azurefilm.com\/hu\/wp-json\/wp\/v2\/product\/58198","targetHints":{"allow":["GET"]}}],"collection":[{"href":"https:\/\/azurefilm.com\/hu\/wp-json\/wp\/v2\/product"}],"about":[{"href":"https:\/\/azurefilm.com\/hu\/wp-json\/wp\/v2\/types\/product"}],"replies":[{"embeddable":true,"href":"https:\/\/azurefilm.com\/hu\/wp-json\/wp\/v2\/comments?post=58198"}],"wp:featuredmedia":[{"embeddable":true,"href":"https:\/\/azurefilm.com\/hu\/wp-json\/wp\/v2\/media\/58199"}],"wp:attachment":[{"href":"https:\/\/azurefilm.com\/hu\/wp-json\/wp\/v2\/media?parent=58198"}],"wp:term":[{"taxonomy":"product_brand","embeddable":true,"href":"https:\/\/azurefilm.com\/hu\/wp-json\/wp\/v2\/product_brand?post=58198"},{"taxonomy":"product_cat","embeddable":true,"href":"https:\/\/azurefilm.com\/hu\/wp-json\/wp\/v2\/product_cat?post=58198"},{"taxonomy":"product_tag","embeddable":true,"href":"https:\/\/azurefilm.com\/hu\/wp-json\/wp\/v2\/product_tag?post=58198"},{"taxonomy":"brand","embeddable":true,"href":"https:\/\/azurefilm.com\/hu\/wp-json\/wp\/v2\/brand?post=58198"}],"curies":[{"name":"wp","href":"https:\/\/api.w.org\/{rel}","templated":true}]}}