
{"id":58243,"date":"2023-10-29T14:21:13","date_gmt":"2023-10-29T14:21:13","guid":{"rendered":"https:\/\/azurefilm.com\/product\/usb-sd-kartyaolvaso\/"},"modified":"2023-10-29T14:21:13","modified_gmt":"2023-10-29T14:21:13","slug":"usb-sd-kartyaolvaso","status":"publish","type":"product","link":"https:\/\/azurefilm.com\/hu\/termek\/usb-sd-kartyaolvaso\/","title":{"rendered":"USB SD k\u00e1rtyaolvas\u00f3"},"content":{"rendered":"<h2><strong>USB SD k\u00e1rtyaolvas\u00f3 f\u0151bb jellemz\u0151i:<\/strong><\/h2>\n<ul>\n<li>Nagy sebess\u00e9g\u0171 adat\u00e1tvitel ak\u00e1r 5 Gbps sebess\u00e9gig.<\/li>\n<li>USB porton kereszt\u00fcl t\u00e1pl\u00e1l, nincs sz\u00fcks\u00e9g tov\u00e1bbi t\u00e1pegys\u00e9gre.<\/li>\n<li>Kis m\u00e9ret \u00e9s hordozhat\u00f3, k\u00f6nnyen hordozhat\u00f3.<\/li>\n<li>A k\u00e1rtya nem tartoz\u00e9k.<\/li>\n<\/ul>\n","protected":false},"excerpt":{"rendered":"<p><strong>USB SD k\u00e1rtyaolvas\u00f3 <\/strong>nagy sebess\u00e9g\u0171 adat\u00e1tvitellel, kis m\u00e9ret \u00e9s hordozhat\u00f3.<\/p>\n","protected":false},"featured_media":58247,"comment_status":"closed","ping_status":"closed","template":"","meta":{"_acf_changed":false},"product_brand":[],"product_cat":[2238,1679,2224,2221],"product_tag":[],"brand":[],"class_list":{"0":"post-58243","1":"product","2":"type-product","3":"status-publish","4":"has-post-thumbnail","6":"product_cat-egyeb-tetelek","7":"product_cat-elado","8":"product_cat-minden-potalkatresz","9":"product_cat-potalkatreszek","11":"first","12":"instock","13":"sale","14":"taxable","15":"shipping-taxable","16":"purchasable","17":"product-type-simple"},"acf":[],"_links":{"self":[{"href":"https:\/\/azurefilm.com\/hu\/wp-json\/wp\/v2\/product\/58243","targetHints":{"allow":["GET"]}}],"collection":[{"href":"https:\/\/azurefilm.com\/hu\/wp-json\/wp\/v2\/product"}],"about":[{"href":"https:\/\/azurefilm.com\/hu\/wp-json\/wp\/v2\/types\/product"}],"replies":[{"embeddable":true,"href":"https:\/\/azurefilm.com\/hu\/wp-json\/wp\/v2\/comments?post=58243"}],"wp:featuredmedia":[{"embeddable":true,"href":"https:\/\/azurefilm.com\/hu\/wp-json\/wp\/v2\/media\/58247"}],"wp:attachment":[{"href":"https:\/\/azurefilm.com\/hu\/wp-json\/wp\/v2\/media?parent=58243"}],"wp:term":[{"taxonomy":"product_brand","embeddable":true,"href":"https:\/\/azurefilm.com\/hu\/wp-json\/wp\/v2\/product_brand?post=58243"},{"taxonomy":"product_cat","embeddable":true,"href":"https:\/\/azurefilm.com\/hu\/wp-json\/wp\/v2\/product_cat?post=58243"},{"taxonomy":"product_tag","embeddable":true,"href":"https:\/\/azurefilm.com\/hu\/wp-json\/wp\/v2\/product_tag?post=58243"},{"taxonomy":"brand","embeddable":true,"href":"https:\/\/azurefilm.com\/hu\/wp-json\/wp\/v2\/brand?post=58243"}],"curies":[{"name":"wp","href":"https:\/\/api.w.org\/{rel}","templated":true}]}}