
{"id":58254,"date":"2023-10-29T14:21:13","date_gmt":"2023-10-29T14:21:13","guid":{"rendered":"https:\/\/azurefilm.com\/product\/mini-elektronikus-fogo\/"},"modified":"2023-10-29T14:21:13","modified_gmt":"2023-10-29T14:21:13","slug":"mini-elektronikus-fogo","status":"publish","type":"product","link":"https:\/\/azurefilm.com\/hu\/termek\/mini-elektronikus-fogo\/","title":{"rendered":"Mini elektronikus fog\u00f3"},"content":{"rendered":"<h2><strong>F\u0151bb jellemz\u0151k:<\/strong><\/h2>\n<ul>\n<li>A mini elektronikai fog\u00f3k sokf\u00e9lek\u00e9ppen haszn\u00e1lhat\u00f3k, a 3D nyomtat\u00f3 r\u00f6gz\u00edt\u00e9s\u00e9t\u0151l kezdve a sz\u00e1lak v\u00e1g\u00e1s\u00e1ig vagy a nyomtat\u00e1si folyamat sor\u00e1n a tart\u00f3k elt\u00e1vol\u00edt\u00e1s\u00e1ig.<\/li>\n<li>Prec\u00edz hegy\u00fck van, amely k\u00e9pes a legkisebb t\u00e1rgyakat is megtartani.<\/li>\n<li>\u00f6tv\u00f6z\u00f6tt ac\u00e9lb\u00f3l k\u00e9sz\u00fclt \u00e9s edzett a nagy megb\u00edzhat\u00f3s\u00e1g \u00e9rdek\u00e9ben<\/li>\n<li>Gum\u00edrozott, cs\u00fasz\u00e1smentes markolattal.<\/li>\n<\/ul>\n","protected":false},"excerpt":{"rendered":"<p><strong>Mini elektronikus fog\u00f3<\/strong>, amely sokf\u00e9lek\u00e9ppen haszn\u00e1lhat\u00f3, a 3D nyomtat\u00f3 r\u00f6gz\u00edt\u00e9s\u00e9t\u0151l kezdve a sz\u00e1lak v\u00e1g\u00e1s\u00e1ig vagy a nyomtat\u00e1si folyamat sor\u00e1n a tart\u00f3k elt\u00e1vol\u00edt\u00e1s\u00e1ig.<\/p>\n","protected":false},"featured_media":58255,"comment_status":"closed","ping_status":"closed","template":"","meta":{"_acf_changed":false},"product_brand":[],"product_cat":[1679,2224,2221,2237],"product_tag":[],"brand":[],"class_list":{"0":"post-58254","1":"product","2":"type-product","3":"status-publish","4":"has-post-thumbnail","6":"product_cat-elado","7":"product_cat-minden-potalkatresz","8":"product_cat-potalkatreszek","9":"product_cat-szerszerek","11":"first","12":"instock","13":"sale","14":"taxable","15":"shipping-taxable","16":"purchasable","17":"product-type-simple"},"acf":[],"_links":{"self":[{"href":"https:\/\/azurefilm.com\/hu\/wp-json\/wp\/v2\/product\/58254","targetHints":{"allow":["GET"]}}],"collection":[{"href":"https:\/\/azurefilm.com\/hu\/wp-json\/wp\/v2\/product"}],"about":[{"href":"https:\/\/azurefilm.com\/hu\/wp-json\/wp\/v2\/types\/product"}],"replies":[{"embeddable":true,"href":"https:\/\/azurefilm.com\/hu\/wp-json\/wp\/v2\/comments?post=58254"}],"wp:featuredmedia":[{"embeddable":true,"href":"https:\/\/azurefilm.com\/hu\/wp-json\/wp\/v2\/media\/58255"}],"wp:attachment":[{"href":"https:\/\/azurefilm.com\/hu\/wp-json\/wp\/v2\/media?parent=58254"}],"wp:term":[{"taxonomy":"product_brand","embeddable":true,"href":"https:\/\/azurefilm.com\/hu\/wp-json\/wp\/v2\/product_brand?post=58254"},{"taxonomy":"product_cat","embeddable":true,"href":"https:\/\/azurefilm.com\/hu\/wp-json\/wp\/v2\/product_cat?post=58254"},{"taxonomy":"product_tag","embeddable":true,"href":"https:\/\/azurefilm.com\/hu\/wp-json\/wp\/v2\/product_tag?post=58254"},{"taxonomy":"brand","embeddable":true,"href":"https:\/\/azurefilm.com\/hu\/wp-json\/wp\/v2\/brand?post=58254"}],"curies":[{"name":"wp","href":"https:\/\/api.w.org\/{rel}","templated":true}]}}