
{"id":58258,"date":"2023-10-29T14:21:13","date_gmt":"2023-10-29T14:21:13","guid":{"rendered":"https:\/\/azurefilm.com\/product\/kapton-ragasztoszalag\/"},"modified":"2023-10-29T14:21:13","modified_gmt":"2023-10-29T14:21:13","slug":"kapton-ragasztoszalag","status":"publish","type":"product","link":"https:\/\/azurefilm.com\/hu\/termek\/kapton-ragasztoszalag\/","title":{"rendered":"Kapton ragaszt\u00f3szalag"},"content":{"rendered":"<p><strong>A Kapton ragaszt\u00f3szalag <\/strong>260\u00b0C-ig ellen\u00e1ll a h\u0151m\u00e9rs\u00e9kletnek.<\/p>\n<h2><strong>M\u00e9retek:<\/strong><\/h2>\n<ul>\n<li>5mm x 33m<\/li>\n<li>10mm x 33m<\/li>\n<li>15mm x 33m<\/li>\n<li>20mm x 33m<\/li>\n<li>50mm x 33m<\/li>\n<li>100mm x 33m<\/li>\n<li>200mm x 33m<\/li>\n<\/ul>\n","protected":false},"excerpt":{"rendered":"<p><strong>A Kapton ragaszt\u00f3szalag <\/strong>260\u00b0C-ig ellen\u00e1ll a h\u0151m\u00e9rs\u00e9kletnek.<\/p>\n","protected":false},"featured_media":58259,"comment_status":"closed","ping_status":"closed","template":"","meta":{"_acf_changed":false},"product_brand":[],"product_cat":[2238,1679,2224,2221],"product_tag":[],"brand":[],"class_list":{"0":"post-58258","1":"product","2":"type-product","3":"status-publish","4":"has-post-thumbnail","6":"product_cat-egyeb-tetelek","7":"product_cat-elado","8":"product_cat-minden-potalkatresz","9":"product_cat-potalkatreszek","11":"first","12":"instock","13":"sale","14":"taxable","15":"shipping-taxable","16":"purchasable","17":"product-type-variable"},"acf":[],"_links":{"self":[{"href":"https:\/\/azurefilm.com\/hu\/wp-json\/wp\/v2\/product\/58258","targetHints":{"allow":["GET"]}}],"collection":[{"href":"https:\/\/azurefilm.com\/hu\/wp-json\/wp\/v2\/product"}],"about":[{"href":"https:\/\/azurefilm.com\/hu\/wp-json\/wp\/v2\/types\/product"}],"replies":[{"embeddable":true,"href":"https:\/\/azurefilm.com\/hu\/wp-json\/wp\/v2\/comments?post=58258"}],"wp:featuredmedia":[{"embeddable":true,"href":"https:\/\/azurefilm.com\/hu\/wp-json\/wp\/v2\/media\/58259"}],"wp:attachment":[{"href":"https:\/\/azurefilm.com\/hu\/wp-json\/wp\/v2\/media?parent=58258"}],"wp:term":[{"taxonomy":"product_brand","embeddable":true,"href":"https:\/\/azurefilm.com\/hu\/wp-json\/wp\/v2\/product_brand?post=58258"},{"taxonomy":"product_cat","embeddable":true,"href":"https:\/\/azurefilm.com\/hu\/wp-json\/wp\/v2\/product_cat?post=58258"},{"taxonomy":"product_tag","embeddable":true,"href":"https:\/\/azurefilm.com\/hu\/wp-json\/wp\/v2\/product_tag?post=58258"},{"taxonomy":"brand","embeddable":true,"href":"https:\/\/azurefilm.com\/hu\/wp-json\/wp\/v2\/brand?post=58258"}],"curies":[{"name":"wp","href":"https:\/\/api.w.org\/{rel}","templated":true}]}}