
{"id":58273,"date":"2023-10-29T14:21:13","date_gmt":"2023-10-29T14:21:13","guid":{"rendered":"https:\/\/azurefilm.com\/product\/creality-eredeti-hutoborda\/"},"modified":"2023-10-29T14:21:13","modified_gmt":"2023-10-29T14:21:13","slug":"creality-eredeti-hutoborda","status":"publish","type":"product","link":"https:\/\/azurefilm.com\/hu\/termek\/creality-eredeti-hutoborda\/","title":{"rendered":"Creality eredeti h\u0171t\u0151borda"},"content":{"rendered":"<h2><strong>F\u0151bb jellemz\u0151k:<\/strong><\/h2>\n<p><strong>Fedezze fel a Creality Original h\u0171t\u0151borda el\u0151nyeit<\/strong><\/p>\n<p>Ha h\u0171t\u0151bord\u00e1kr\u00f3l van sz\u00f3, rengeteg lehet\u0151s\u00e9g \u00e1ll rendelkez\u00e9sre, de a Creality Original Heatsink n\u00e9h\u00e1ny j\u00f3 okb\u00f3l kifoly\u00f3lag kiemelkedik a legjobb v\u00e1laszt\u00e1sok k\u00f6z\u00fcl.<\/p>\n<h2><strong>F\u0151bb el\u0151ny\u00f6k:<\/strong><\/h2>\n<ol>\n<li><strong>Jobb h\u0171t\u00e9s:<\/strong> A Creality Original h\u0171t\u0151borda \u00e9s m\u00e1sok k\u00f6z\u00f6tt a f\u0151 k\u00fcl\u00f6nbs\u00e9g a hat\u00e9kony h\u0171t\u00e9s k\u00e9pess\u00e9ge. A h\u0151 hat\u00e9kony elvezet\u00e9se \u00e9rdek\u00e9ben 9 lamell\u00e1val rendelkezik, ami azt jelenti, hogy a 3D nyomtat\u00f3ja k\u00e9pes fenntartani a megfelel\u0151 h\u0151m\u00e9rs\u00e9kletet. <\/li>\n<li><strong>Cs\u00f6kkentett elt\u00f6m\u0151d\u00e9s:<\/strong> Ezzel a h\u0171t\u0151bord\u00e1val kisebb a val\u00f3sz\u00edn\u0171s\u00e9ge a f\u00fav\u00f3ka elt\u00f6m\u0151d\u00e9s\u00e9nek. A nagyobb fel\u00fclet seg\u00edt a nyomtat\u00f3 zavartalan m\u0171k\u00f6d\u00e9s\u00e9ben, \u00edgy biztos\u00edtva a k\u00f6vetkezetes \u00e9s megb\u00edzhat\u00f3 3D-nyomtat\u00e1sokat. <\/li>\n<li><strong>Tart\u00f3san \u00e9p\u00edtett<\/strong>: A t\u00f6m\u00f6r alum\u00edniumb\u00f3l k\u00e9sz\u00fclt Creality Original h\u0171t\u0151borda strapab\u00edr\u00f3 \u00e9s tart\u00f3s. Megbirk\u00f3zik a hossz\u00fa t\u00e1v\u00fa haszn\u00e1lat k\u00f6vetelm\u00e9nyeivel, \u00edgy b\u00edzhat benne, hogy 3D nyomtat\u00f3ja j\u00f3l fog m\u0171k\u00f6dni. <\/li>\n<li>Kompatibilis a k\u00f6vetkez\u0151kkel: Ender 3, Ender 3 Pro, Ender 3 V2, Ender 3 S1, Ender 3 S1 PRO, Ender 3 Neo, Ender 3 Neo V2, CR10, CR10S, CR10S PRO, CR10S PRO, CR10S PRO V2, CR10 Smart, CR10 Smart PRO,<\/li>\n<\/ol>\n","protected":false},"excerpt":{"rendered":"<p><strong>Creality eredeti h\u0171t\u0151borda<\/strong> kompatibilis a Creality 3D nyomtat\u00f3kkal:<\/p>\n<p>&nbsp;<\/p>\n","protected":false},"featured_media":58275,"comment_status":"closed","ping_status":"closed","template":"","meta":{"_acf_changed":false},"product_brand":[],"product_cat":[1679,2376,2224,2221],"product_tag":[],"brand":[],"class_list":{"0":"post-58273","1":"product","2":"type-product","3":"status-publish","4":"has-post-thumbnail","6":"product_cat-elado","7":"product_cat-hotelekek","8":"product_cat-minden-potalkatresz","9":"product_cat-potalkatreszek","10":"pa_compatible-with-creality-fdm-3d-printers","11":"pa_fits-printer-creality-cr-10","12":"pa_fits-printer-creality-ender-3","14":"first","15":"instock","16":"sale","17":"taxable","18":"shipping-taxable","19":"purchasable","20":"product-type-simple"},"acf":[],"_links":{"self":[{"href":"https:\/\/azurefilm.com\/hu\/wp-json\/wp\/v2\/product\/58273","targetHints":{"allow":["GET"]}}],"collection":[{"href":"https:\/\/azurefilm.com\/hu\/wp-json\/wp\/v2\/product"}],"about":[{"href":"https:\/\/azurefilm.com\/hu\/wp-json\/wp\/v2\/types\/product"}],"replies":[{"embeddable":true,"href":"https:\/\/azurefilm.com\/hu\/wp-json\/wp\/v2\/comments?post=58273"}],"wp:featuredmedia":[{"embeddable":true,"href":"https:\/\/azurefilm.com\/hu\/wp-json\/wp\/v2\/media\/58275"}],"wp:attachment":[{"href":"https:\/\/azurefilm.com\/hu\/wp-json\/wp\/v2\/media?parent=58273"}],"wp:term":[{"taxonomy":"product_brand","embeddable":true,"href":"https:\/\/azurefilm.com\/hu\/wp-json\/wp\/v2\/product_brand?post=58273"},{"taxonomy":"product_cat","embeddable":true,"href":"https:\/\/azurefilm.com\/hu\/wp-json\/wp\/v2\/product_cat?post=58273"},{"taxonomy":"product_tag","embeddable":true,"href":"https:\/\/azurefilm.com\/hu\/wp-json\/wp\/v2\/product_tag?post=58273"},{"taxonomy":"brand","embeddable":true,"href":"https:\/\/azurefilm.com\/hu\/wp-json\/wp\/v2\/brand?post=58273"}],"curies":[{"name":"wp","href":"https:\/\/api.w.org\/{rel}","templated":true}]}}