
{"id":58286,"date":"2023-10-29T14:21:51","date_gmt":"2023-10-29T14:21:51","guid":{"rendered":"https:\/\/azurefilm.com\/product\/aluminium-futoagy\/"},"modified":"2025-07-25T23:49:37","modified_gmt":"2025-07-25T23:49:37","slug":"aluminium-futoagy","status":"publish","type":"product","link":"https:\/\/azurefilm.com\/hu\/termek\/aluminium-futoagy\/","title":{"rendered":"Alum\u00ednium f\u0171t\u0151\u00e1gy"},"content":{"rendered":"<h2>Kulcsfontoss\u00e1g\u00fa jellemz\u0151k:<\/h2>\n<h3><strong>Alum\u00ednium f\u0171t\u0151\u00e1gy f\u0151 jellemz\u0151i:<\/strong><\/h3>\n<ul>\n<li>Alkalmas PLA, ABS, HIPS, PETG, TPE filament, nylon, PC \u00e9s RETT anyagokhoz.<\/li>\n<li>Az \u00e9lek lekerek\u00edtettek, a n\u00e9gy sarok \u00e9les sz\u00e9lek n\u00e9lk\u00fcl, biztons\u00e1gosan haszn\u00e1lhat\u00f3.<\/li>\n<li>J\u00f3 tapad\u00e1si text\u00far\u00e1val rendelkezik, \u00e9s nem vetemedik vagy v\u00e1lik le nyomtat\u00e1s k\u00f6zben.<\/li>\n<li>Olyan k\u00f6nny\u0171 lecs\u00faszni, miut\u00e1n az \u00fcveg\u00e1gyak leh\u0171ltek.<\/li>\n<\/ul>\n<h3><strong>Specifik\u00e1ci\u00f3k:<\/strong><\/h3>\n<ul>\n<li>M\u00e9ret: 328x328mm<\/li>\n<li>S\u00faly: kb. 1 kg<\/li>\n<li>Anyag: Alum\u00ednium \u00f6tv\u00f6zet<\/li>\n<li>Alkalmas: CR-10 \/ CR-10S \/ CR-10S PRO \/ CR-X<\/li>\n<\/ul>\n<h3><strong>K\u00fcl\u00f6nb\u00f6z\u0151 sz\u00e1lak h\u0151m\u00e9rs\u00e9kleti be\u00e1ll\u00edt\u00e1sai:<\/strong><\/h3>\n<ul>\n<li><a href=\"https:\/\/azurefilm.com\/hu\/3d-filmek\/pla-szalak\/\">PLA<\/a>: 50-70\u00baC<\/li>\n<li><a href=\"https:\/\/azurefilm.com\/hu\/3d-filmek\/rugalmas-szalak\/\">Rugalmas sz\u00e1l<\/a>: 50-70\u00baC<\/li>\n<li><a href=\"https:\/\/azurefilm.com\/hu\/3d-filmek\/abs-filaments-hu\/\">ABS<\/a>: 100-125\u00baC (110\u00baC aj\u00e1nlott)<\/li>\n<li><a href=\"https:\/\/azurefilm.com\/hu\/3d-filmek\/petg-szalak\/\">PETG<\/a>: 80-90\u00baC<\/li>\n<\/ul>\n","protected":false},"excerpt":{"rendered":"<p><strong>Alum\u00ednium f\u0171t\u0151\u00e1gy<\/strong> Creality 3D nyomtat\u00f3khoz<\/p>\n","protected":false},"featured_media":58293,"comment_status":"closed","ping_status":"closed","template":"","meta":{"_acf_changed":false},"product_brand":[],"product_cat":[1679,2394,2224,2221],"product_tag":[],"brand":[],"class_list":{"0":"post-58286","1":"product","2":"type-product","3":"status-publish","4":"has-post-thumbnail","6":"product_cat-elado","7":"product_cat-heatbeds-hu","8":"product_cat-minden-potalkatresz","9":"product_cat-potalkatreszek","11":"first","12":"instock","13":"sale","14":"taxable","15":"shipping-taxable","16":"purchasable","17":"product-type-simple"},"acf":[],"_links":{"self":[{"href":"https:\/\/azurefilm.com\/hu\/wp-json\/wp\/v2\/product\/58286","targetHints":{"allow":["GET"]}}],"collection":[{"href":"https:\/\/azurefilm.com\/hu\/wp-json\/wp\/v2\/product"}],"about":[{"href":"https:\/\/azurefilm.com\/hu\/wp-json\/wp\/v2\/types\/product"}],"replies":[{"embeddable":true,"href":"https:\/\/azurefilm.com\/hu\/wp-json\/wp\/v2\/comments?post=58286"}],"wp:featuredmedia":[{"embeddable":true,"href":"https:\/\/azurefilm.com\/hu\/wp-json\/wp\/v2\/media\/58293"}],"wp:attachment":[{"href":"https:\/\/azurefilm.com\/hu\/wp-json\/wp\/v2\/media?parent=58286"}],"wp:term":[{"taxonomy":"product_brand","embeddable":true,"href":"https:\/\/azurefilm.com\/hu\/wp-json\/wp\/v2\/product_brand?post=58286"},{"taxonomy":"product_cat","embeddable":true,"href":"https:\/\/azurefilm.com\/hu\/wp-json\/wp\/v2\/product_cat?post=58286"},{"taxonomy":"product_tag","embeddable":true,"href":"https:\/\/azurefilm.com\/hu\/wp-json\/wp\/v2\/product_tag?post=58286"},{"taxonomy":"brand","embeddable":true,"href":"https:\/\/azurefilm.com\/hu\/wp-json\/wp\/v2\/brand?post=58286"}],"curies":[{"name":"wp","href":"https:\/\/api.w.org\/{rel}","templated":true}]}}