
{"id":58302,"date":"2023-10-29T14:21:51","date_gmt":"2023-10-29T14:21:51","guid":{"rendered":"https:\/\/azurefilm.com\/product\/futoagy-mk3\/"},"modified":"2023-10-29T14:21:51","modified_gmt":"2023-10-29T14:21:51","slug":"futoagy-mk3","status":"publish","type":"product","link":"https:\/\/azurefilm.com\/hu\/termek\/futoagy-mk3\/","title":{"rendered":"F\u0171t\u0151\u00e1gy MK3"},"content":{"rendered":"<p>A 214&#215;214 m\u00e9ret\u0171 <strong>MK3 f\u0171t\u0151\u00e1gy <\/strong>alum\u00edniumb\u00f3l k\u00e9sz\u00fcl.<\/p>\n<h2><strong>F\u0151bb jellemz\u0151k:<\/strong><\/h2>\n<ul>\n<li>Fesz\u00fclts\u00e9g: 12V\/24V<\/li>\n<li>Teljes\u00edtm\u00e9ny: 110W\/115W<\/li>\n<li>H\u0151m\u00e9rs\u00e9klet: 95\u00b0C<\/li>\n<li>Anyag: Alum\u00ednium<\/li>\n<li>M\u00e9ret: 214x214mm<\/li>\n<li>Vastags\u00e1g: vastags\u00e1g: 3mm<\/li>\n<li>Sz\u00edn: Fekete<\/li>\n<\/ul>\n","protected":false},"excerpt":{"rendered":"<p>A 214&#215;214 m\u00e9ret\u0171 <strong>MK3 f\u0171t\u0151\u00e1gy <\/strong>alum\u00edniumb\u00f3l k\u00e9sz\u00fcl.<\/p>\n","protected":false},"featured_media":58304,"comment_status":"closed","ping_status":"closed","template":"","meta":{"_acf_changed":false},"product_brand":[],"product_cat":[1679,2394,2224,2221],"product_tag":[],"brand":[],"class_list":{"0":"post-58302","1":"product","2":"type-product","3":"status-publish","4":"has-post-thumbnail","6":"product_cat-elado","7":"product_cat-heatbeds-hu","8":"product_cat-minden-potalkatresz","9":"product_cat-potalkatreszek","11":"first","12":"instock","13":"sale","14":"taxable","15":"shipping-taxable","16":"purchasable","17":"product-type-simple"},"acf":[],"_links":{"self":[{"href":"https:\/\/azurefilm.com\/hu\/wp-json\/wp\/v2\/product\/58302","targetHints":{"allow":["GET"]}}],"collection":[{"href":"https:\/\/azurefilm.com\/hu\/wp-json\/wp\/v2\/product"}],"about":[{"href":"https:\/\/azurefilm.com\/hu\/wp-json\/wp\/v2\/types\/product"}],"replies":[{"embeddable":true,"href":"https:\/\/azurefilm.com\/hu\/wp-json\/wp\/v2\/comments?post=58302"}],"wp:featuredmedia":[{"embeddable":true,"href":"https:\/\/azurefilm.com\/hu\/wp-json\/wp\/v2\/media\/58304"}],"wp:attachment":[{"href":"https:\/\/azurefilm.com\/hu\/wp-json\/wp\/v2\/media?parent=58302"}],"wp:term":[{"taxonomy":"product_brand","embeddable":true,"href":"https:\/\/azurefilm.com\/hu\/wp-json\/wp\/v2\/product_brand?post=58302"},{"taxonomy":"product_cat","embeddable":true,"href":"https:\/\/azurefilm.com\/hu\/wp-json\/wp\/v2\/product_cat?post=58302"},{"taxonomy":"product_tag","embeddable":true,"href":"https:\/\/azurefilm.com\/hu\/wp-json\/wp\/v2\/product_tag?post=58302"},{"taxonomy":"brand","embeddable":true,"href":"https:\/\/azurefilm.com\/hu\/wp-json\/wp\/v2\/brand?post=58302"}],"curies":[{"name":"wp","href":"https:\/\/api.w.org\/{rel}","templated":true}]}}