
{"id":58309,"date":"2023-10-29T14:21:51","date_gmt":"2023-10-29T14:21:51","guid":{"rendered":"https:\/\/azurefilm.com\/product\/fekete-kapcsok\/"},"modified":"2023-10-29T14:21:51","modified_gmt":"2023-10-29T14:21:51","slug":"fekete-kapcsok","status":"publish","type":"product","link":"https:\/\/azurefilm.com\/hu\/termek\/fekete-kapcsok\/","title":{"rendered":"Fekete kapcsok"},"content":{"rendered":"<p><strong>Fekete kapcsok <\/strong>a h\u0151\u00e1gy \u00e9s az \u00fcveglap k\u00f6z\u00f6tti er\u0151s tapad\u00e1s\u00e9rt.<\/p>\n<h2><strong>F\u0151bb jellemz\u0151k:<\/strong><\/h2>\n<p>A fekete kapcsok edzett ac\u00e9lb\u00f3l k\u00e9sz\u00fclnek, tart\u00f3sak \u00e9s er\u0151sek a haszn\u00e1lat sor\u00e1n.<\/p>\n<p><strong>3 k\u00fcl\u00f6nb\u00f6z\u0151 m\u00e9retben kaphat\u00f3:<\/strong><\/p>\n<ul>\n<li>19x7mm<\/li>\n<li>25x10mm<\/li>\n<li>32x12mm<\/li>\n<\/ul>\n","protected":false},"excerpt":{"rendered":"<p><strong>Fekete kapcsok <\/strong>a h\u0151\u00e1gy \u00e9s az \u00fcveglap k\u00f6z\u00f6tti er\u0151s tapad\u00e1shoz, h\u00e1rom m\u00e9retben kaphat\u00f3.<\/p>\n","protected":false},"featured_media":58310,"comment_status":"closed","ping_status":"closed","template":"","meta":{"_acf_changed":false},"product_brand":[],"product_cat":[1679,2224,2221,2237],"product_tag":[],"brand":[],"class_list":{"0":"post-58309","1":"product","2":"type-product","3":"status-publish","4":"has-post-thumbnail","6":"product_cat-elado","7":"product_cat-minden-potalkatresz","8":"product_cat-potalkatreszek","9":"product_cat-szerszerek","10":"pa_size-19x7mm","11":"pa_size-25x10mm","12":"pa_size-32x12mm","14":"first","15":"instock","16":"sale","17":"taxable","18":"shipping-taxable","19":"purchasable","20":"product-type-variable"},"acf":[],"_links":{"self":[{"href":"https:\/\/azurefilm.com\/hu\/wp-json\/wp\/v2\/product\/58309","targetHints":{"allow":["GET"]}}],"collection":[{"href":"https:\/\/azurefilm.com\/hu\/wp-json\/wp\/v2\/product"}],"about":[{"href":"https:\/\/azurefilm.com\/hu\/wp-json\/wp\/v2\/types\/product"}],"replies":[{"embeddable":true,"href":"https:\/\/azurefilm.com\/hu\/wp-json\/wp\/v2\/comments?post=58309"}],"wp:featuredmedia":[{"embeddable":true,"href":"https:\/\/azurefilm.com\/hu\/wp-json\/wp\/v2\/media\/58310"}],"wp:attachment":[{"href":"https:\/\/azurefilm.com\/hu\/wp-json\/wp\/v2\/media?parent=58309"}],"wp:term":[{"taxonomy":"product_brand","embeddable":true,"href":"https:\/\/azurefilm.com\/hu\/wp-json\/wp\/v2\/product_brand?post=58309"},{"taxonomy":"product_cat","embeddable":true,"href":"https:\/\/azurefilm.com\/hu\/wp-json\/wp\/v2\/product_cat?post=58309"},{"taxonomy":"product_tag","embeddable":true,"href":"https:\/\/azurefilm.com\/hu\/wp-json\/wp\/v2\/product_tag?post=58309"},{"taxonomy":"brand","embeddable":true,"href":"https:\/\/azurefilm.com\/hu\/wp-json\/wp\/v2\/brand?post=58309"}],"curies":[{"name":"wp","href":"https:\/\/api.w.org\/{rel}","templated":true}]}}