
{"id":58322,"date":"2023-10-29T14:21:51","date_gmt":"2023-10-29T14:21:51","guid":{"rendered":"https:\/\/azurefilm.com\/product\/ontapados-futo-alaplemez-214x214mm\/"},"modified":"2025-07-25T23:54:33","modified_gmt":"2025-07-25T23:54:33","slug":"ontapados-futo-alaplemez-214x214mm","status":"publish","type":"product","link":"https:\/\/azurefilm.com\/hu\/termek\/ontapados-futo-alaplemez-214x214mm\/","title":{"rendered":"\u00d6ntapad\u00f3s f\u0171t\u0151 alaplemez 214x214mm"},"content":{"rendered":"<p><strong>\u00d6ntapad\u00f3s f\u0171t\u0151 alaplemez<\/strong> 214&#215;214 mm-es m\u00e9retekkel.<\/p>\n<h2><strong>K\u00fcl\u00f6nb\u00f6z\u0151 sz\u00e1lak h\u0151m\u00e9rs\u00e9kleti be\u00e1ll\u00edt\u00e1sai:<\/strong><\/h2>\n<ul>\n<li><a href=\"https:\/\/azurefilm.com\/hu\/3d-filmek\/pla-szalak\/\">PLA<\/a>: 50-70\u00baC<\/li>\n<li><a href=\"https:\/\/azurefilm.com\/hu\/3d-filmek\/rugalmas-szalak\/\">Rugalmas sz\u00e1l<\/a>: 50-70\u00baC<\/li>\n<li><a href=\"https:\/\/azurefilm.com\/hu\/3d-filmek\/abs-filaments-hu\/\">ABS<\/a>: 100-125\u00baC (110\u00baC aj\u00e1nlott)<\/li>\n<li><a href=\"https:\/\/azurefilm.com\/hu\/3d-filmek\/petg-szalak\/\">PETG<\/a>: 80-90\u00baC<\/li>\n<\/ul>\n","protected":false},"excerpt":{"rendered":"<p>3D nyomtat\u00f3kkal haszn\u00e1lt <strong>\u00f6ntapad\u00f3s f\u0171t\u0151 alaplemez<\/strong> a sz\u00e1lak jobb tapad\u00e1sa \u00e9rdek\u00e9ben a hordoz\u00f3hoz.<\/p>\n","protected":false},"featured_media":58328,"comment_status":"closed","ping_status":"closed","template":"","meta":{"_acf_changed":false},"product_brand":[],"product_cat":[1679,2280,2224,2348,2221],"product_tag":[],"brand":[],"class_list":{"0":"post-58322","1":"product","2":"type-product","3":"status-publish","4":"has-post-thumbnail","6":"product_cat-elado","7":"product_cat-epitesi-feluletek","8":"product_cat-minden-potalkatresz","9":"product_cat-ontapados-lemezek","10":"product_cat-potalkatreszek","12":"first","13":"instock","14":"sale","15":"taxable","16":"shipping-taxable","17":"purchasable","18":"product-type-simple"},"acf":[],"_links":{"self":[{"href":"https:\/\/azurefilm.com\/hu\/wp-json\/wp\/v2\/product\/58322","targetHints":{"allow":["GET"]}}],"collection":[{"href":"https:\/\/azurefilm.com\/hu\/wp-json\/wp\/v2\/product"}],"about":[{"href":"https:\/\/azurefilm.com\/hu\/wp-json\/wp\/v2\/types\/product"}],"replies":[{"embeddable":true,"href":"https:\/\/azurefilm.com\/hu\/wp-json\/wp\/v2\/comments?post=58322"}],"wp:featuredmedia":[{"embeddable":true,"href":"https:\/\/azurefilm.com\/hu\/wp-json\/wp\/v2\/media\/58328"}],"wp:attachment":[{"href":"https:\/\/azurefilm.com\/hu\/wp-json\/wp\/v2\/media?parent=58322"}],"wp:term":[{"taxonomy":"product_brand","embeddable":true,"href":"https:\/\/azurefilm.com\/hu\/wp-json\/wp\/v2\/product_brand?post=58322"},{"taxonomy":"product_cat","embeddable":true,"href":"https:\/\/azurefilm.com\/hu\/wp-json\/wp\/v2\/product_cat?post=58322"},{"taxonomy":"product_tag","embeddable":true,"href":"https:\/\/azurefilm.com\/hu\/wp-json\/wp\/v2\/product_tag?post=58322"},{"taxonomy":"brand","embeddable":true,"href":"https:\/\/azurefilm.com\/hu\/wp-json\/wp\/v2\/brand?post=58322"}],"curies":[{"name":"wp","href":"https:\/\/api.w.org\/{rel}","templated":true}]}}