
{"id":58341,"date":"2023-10-29T14:25:51","date_gmt":"2023-10-29T14:25:51","guid":{"rendered":"https:\/\/azurefilm.com\/product\/creality-extruder-magas-homersekletu\/"},"modified":"2023-10-29T14:25:51","modified_gmt":"2023-10-29T14:25:51","slug":"creality-extruder-magas-homersekletu","status":"publish","type":"product","link":"https:\/\/azurefilm.com\/hu\/termek\/creality-extruder-magas-homersekletu\/","title":{"rendered":"Creality Extruder magas h\u0151m\u00e9rs\u00e9klet\u0171"},"content":{"rendered":"<h2><strong>F\u0151bb jellemz\u0151k:<\/strong><\/h2>\n<ul>\n<li>Creality Extruder 12V 0,4mm 0,4mm magasabb h\u0151m\u00e9rs\u00e9kletre 300\u00b0C<\/li>\n<li>Telep\u00edt\u00e9s t\u00edpusa: k\u00fcls\u0151 menetes csatlakoz\u00e1s<\/li>\n<li>Kompatibilis a k\u00f6vetkez\u0151kkel: CR-10, CR-10S, CR-10 S4, CR-10 S5<\/li>\n<li>Nyomtat\u00f3 f\u00fav\u00f3ka m\u00e9rete: 0.4mm<\/li>\n<li>K\u00e1bel hossza: k\u00e1bel: kb. 1m<\/li>\n<li>F\u0171t\u0151cs\u0151: 40W<\/li>\n<li>M\u0171k\u00f6d\u00e9si h\u0151m\u00e9rs\u00e9klet-tartom\u00e1ny: -40~+300\u00b0C<\/li>\n<li>Anyag: Alum\u00ednium, rozsdamentes ac\u00e9l \u00e9s s\u00e1rgar\u00e9z<\/li>\n<li>Alum\u00ednium blokk m\u00e9rete: kb. 20x20x10mm <\/li>\n<\/ul>\n","protected":false},"excerpt":{"rendered":"<p><strong>Creality Extruder<\/strong> 12V magasabb h\u0151m\u00e9rs\u00e9kletre 300\u00b0C.<\/p>\n","protected":false},"featured_media":58343,"comment_status":"closed","ping_status":"closed","template":"","meta":{"_acf_changed":false},"product_brand":[],"product_cat":[1679,2223,2247,2222,2249,2224,2221],"product_tag":[],"brand":[],"class_list":{"0":"post-58341","1":"product","2":"type-product","3":"status-publish","4":"has-post-thumbnail","6":"product_cat-elado","7":"product_cat-extruder-hu","8":"product_cat-extruder-frissitesek","9":"product_cat-extruders-hu","10":"product_cat-hotends-hu","11":"product_cat-minden-potalkatresz","12":"product_cat-potalkatreszek","13":"pa_compatible-with-creality-fdm-3d-printers","14":"pa_fits-printer-creality-cr-10","16":"first","17":"instock","18":"sale","19":"taxable","20":"shipping-taxable","21":"purchasable","22":"product-type-simple"},"acf":[],"_links":{"self":[{"href":"https:\/\/azurefilm.com\/hu\/wp-json\/wp\/v2\/product\/58341","targetHints":{"allow":["GET"]}}],"collection":[{"href":"https:\/\/azurefilm.com\/hu\/wp-json\/wp\/v2\/product"}],"about":[{"href":"https:\/\/azurefilm.com\/hu\/wp-json\/wp\/v2\/types\/product"}],"replies":[{"embeddable":true,"href":"https:\/\/azurefilm.com\/hu\/wp-json\/wp\/v2\/comments?post=58341"}],"wp:featuredmedia":[{"embeddable":true,"href":"https:\/\/azurefilm.com\/hu\/wp-json\/wp\/v2\/media\/58343"}],"wp:attachment":[{"href":"https:\/\/azurefilm.com\/hu\/wp-json\/wp\/v2\/media?parent=58341"}],"wp:term":[{"taxonomy":"product_brand","embeddable":true,"href":"https:\/\/azurefilm.com\/hu\/wp-json\/wp\/v2\/product_brand?post=58341"},{"taxonomy":"product_cat","embeddable":true,"href":"https:\/\/azurefilm.com\/hu\/wp-json\/wp\/v2\/product_cat?post=58341"},{"taxonomy":"product_tag","embeddable":true,"href":"https:\/\/azurefilm.com\/hu\/wp-json\/wp\/v2\/product_tag?post=58341"},{"taxonomy":"brand","embeddable":true,"href":"https:\/\/azurefilm.com\/hu\/wp-json\/wp\/v2\/brand?post=58341"}],"curies":[{"name":"wp","href":"https:\/\/api.w.org\/{rel}","templated":true}]}}