
{"id":58354,"date":"2023-10-29T14:25:51","date_gmt":"2023-10-29T14:25:51","guid":{"rendered":"https:\/\/azurefilm.com\/product\/mk8-fuvoka\/"},"modified":"2025-04-15T13:20:40","modified_gmt":"2025-04-15T13:20:40","slug":"mk8-fuvoka","status":"publish","type":"product","link":"https:\/\/azurefilm.com\/hu\/termek\/mk8-fuvoka\/","title":{"rendered":"MK8 f\u00fav\u00f3ka"},"content":{"rendered":"<h4>MK8 f\u00fav\u00f3ka<\/h4>\n<h3><strong>F\u0151bb jellemz\u0151k:<\/strong><\/h3>\n<ul>\n<li><strong>MK8 s\u00e1rgar\u00e9z f\u00fav\u00f3ka 3D nyomtat\u00f3hoz<\/strong><\/li>\n<li><strong>Kompatibilit\u00e1s:<\/strong> Creality CR-10 V2, Creality CR-10S, Creality Ender 2, Creality Ender 3, Creality Ender 3 Pro, Creality Ender 3 V2, Creality Ender 5, Creality Ender 5 Pro, Creality CR10 mini, Creality CR10, Creality CR10, Creality CR10 S, Creality CR10 S 4, Creality CR10 S 5, Creality CR10 MAX, Creality CR10S Pro.<\/li>\n<li><strong>Kiv\u00e1l\u00f3 min\u0151s\u00e9g\u0171 f\u00fav\u00f3k\u00e1k:<\/strong> Biztos\u00edtja az optim\u00e1lis teljes\u00edtm\u00e9nyt \u00e9s a pontos nyomatokat.<\/li>\n<li><strong>Bemeneti \u00e1tm\u00e9r\u0151:<\/strong> Ez a 3D nyomtat\u00e1si k\u00f6z\u00f6ss\u00e9gben elterjedt m\u00e9ret.<\/li>\n<li><strong>Kimeneti \u00e1tm\u00e9r\u0151 opci\u00f3k:<\/strong> 0,2 mm, 0,3 mm, 0,4 mm, 0,5 mm, 0,6 mm \u00e9s 0,8 mm.<\/li>\n<li><strong>Anyag:<\/strong> Kiv\u00e1l\u00f3 min\u0151s\u00e9g\u0171 s\u00e1rgar\u00e9zb\u0151l k\u00e9sz\u00fclt a tart\u00f3ss\u00e1g \u00e9s az egyenletes eredm\u00e9nyek \u00e9rdek\u00e9ben.<\/li>\n<li><strong>\u00c1r:<\/strong> Az \u00d6n k\u00e9nyelme \u00e9rdek\u00e9ben egyedileg \u00e1razva.<\/li>\n<\/ul>\n","protected":false},"excerpt":{"rendered":"<p>MK8 f\u00fav\u00f3k\u00e1k Creality 3D nyomtat\u00f3khoz, k\u00fcl\u00f6nb\u00f6z\u0151 m\u00e9retekben kaphat\u00f3k: 0,2 mm, 0,3 mm, 0,4 mm, 0,5 mm, 0,6 mm \u00e9s 0,8 mm.<\/p>\n<p>&nbsp;<\/p>\n","protected":false},"featured_media":58355,"comment_status":"closed","ping_status":"closed","template":"","meta":{"_acf_changed":false},"product_brand":[],"product_cat":[1679,2226,2224,2221,2227],"product_tag":[],"brand":[270],"class_list":{"0":"post-58354","1":"product","2":"type-product","3":"status-publish","4":"has-post-thumbnail","6":"product_cat-elado","7":"product_cat-fuvoszarnyak","8":"product_cat-minden-potalkatresz","9":"product_cat-potalkatreszek","10":"product_cat-rendszeres-fuvokak","11":"pa_compatible-with-creality-fdm-3d-printers","12":"pa_fits-printer-creality-cr-10","13":"pa_fits-printer-creality-cr-10-v2","14":"pa_fits-printer-creality-ender-3","15":"pa_nozzle-diameter-0-2mm","16":"pa_nozzle-diameter-0-3mm","17":"pa_nozzle-diameter-0-4mm","18":"pa_nozzle-diameter-0-5mm","19":"pa_nozzle-diameter-0-6mm","20":"pa_nozzle-diameter-0-8mm","21":"brand-creality","23":"first","24":"instock","25":"sale","26":"taxable","27":"shipping-taxable","28":"purchasable","29":"product-type-variable"},"acf":[],"_links":{"self":[{"href":"https:\/\/azurefilm.com\/hu\/wp-json\/wp\/v2\/product\/58354","targetHints":{"allow":["GET"]}}],"collection":[{"href":"https:\/\/azurefilm.com\/hu\/wp-json\/wp\/v2\/product"}],"about":[{"href":"https:\/\/azurefilm.com\/hu\/wp-json\/wp\/v2\/types\/product"}],"replies":[{"embeddable":true,"href":"https:\/\/azurefilm.com\/hu\/wp-json\/wp\/v2\/comments?post=58354"}],"wp:featuredmedia":[{"embeddable":true,"href":"https:\/\/azurefilm.com\/hu\/wp-json\/wp\/v2\/media\/58355"}],"wp:attachment":[{"href":"https:\/\/azurefilm.com\/hu\/wp-json\/wp\/v2\/media?parent=58354"}],"wp:term":[{"taxonomy":"product_brand","embeddable":true,"href":"https:\/\/azurefilm.com\/hu\/wp-json\/wp\/v2\/product_brand?post=58354"},{"taxonomy":"product_cat","embeddable":true,"href":"https:\/\/azurefilm.com\/hu\/wp-json\/wp\/v2\/product_cat?post=58354"},{"taxonomy":"product_tag","embeddable":true,"href":"https:\/\/azurefilm.com\/hu\/wp-json\/wp\/v2\/product_tag?post=58354"},{"taxonomy":"brand","embeddable":true,"href":"https:\/\/azurefilm.com\/hu\/wp-json\/wp\/v2\/brand?post=58354"}],"curies":[{"name":"wp","href":"https:\/\/api.w.org\/{rel}","templated":true}]}}