
{"id":58374,"date":"2023-10-29T14:25:51","date_gmt":"2023-10-29T14:25:51","guid":{"rendered":"https:\/\/azurefilm.com\/product\/fem-torok\/"},"modified":"2025-07-25T23:53:51","modified_gmt":"2025-07-25T23:53:51","slug":"fem-torok","status":"publish","type":"product","link":"https:\/\/azurefilm.com\/hu\/termek\/fem-torok\/","title":{"rendered":"F\u00e9m torok"},"content":{"rendered":"<h2><strong>F\u0151bb jellemz\u0151k:<\/strong><\/h2>\n<p>Eredeti <strong>f\u00e9m torkolat <\/strong>MINDEN Creality 3D nyomtat\u00f3hoz.<\/p>\n<ul>\n<li>T\u00e9tel: 3D nyomtat\u00f3 rozsdamentes ac\u00e9l torkolat<\/li>\n<li>Anyag: Ac\u00e9l: Rozsdamentes ac\u00e9l<\/li>\n<li>M\u00e9ret: 27x7x7mm<\/li>\n<li>T\u00f6k\u00e9letesen kompatibilis a k\u00f6vetkez\u0151kkel:<br \/>\n&#8211; CR-10 S4<br \/>\n&#8211; CR-10 S5<br \/>\n&#8211; Ender 3<br \/>\n&#8211; Ender 3 Pro<br \/>\n&#8211; Creality CR-10<br \/>\n&#8211; CR-10S<\/li>\n<li>\u00c1r 1 t\u00e9telre<\/li>\n<\/ul>\n","protected":false},"excerpt":{"rendered":"<p>Eredeti <strong>f\u00e9m torkolat <\/strong>MINDEN Creality 3D nyomtat\u00f3hoz.<\/p>\n","protected":false},"featured_media":58375,"comment_status":"closed","ping_status":"closed","template":"","meta":{"_acf_changed":false},"product_brand":[],"product_cat":[2238,1679,2224,2221],"product_tag":[],"brand":[],"class_list":{"0":"post-58374","1":"product","2":"type-product","3":"status-publish","4":"has-post-thumbnail","6":"product_cat-egyeb-tetelek","7":"product_cat-elado","8":"product_cat-minden-potalkatresz","9":"product_cat-potalkatreszek","11":"first","12":"instock","13":"sale","14":"taxable","15":"shipping-taxable","16":"purchasable","17":"product-type-simple"},"acf":[],"_links":{"self":[{"href":"https:\/\/azurefilm.com\/hu\/wp-json\/wp\/v2\/product\/58374","targetHints":{"allow":["GET"]}}],"collection":[{"href":"https:\/\/azurefilm.com\/hu\/wp-json\/wp\/v2\/product"}],"about":[{"href":"https:\/\/azurefilm.com\/hu\/wp-json\/wp\/v2\/types\/product"}],"replies":[{"embeddable":true,"href":"https:\/\/azurefilm.com\/hu\/wp-json\/wp\/v2\/comments?post=58374"}],"wp:featuredmedia":[{"embeddable":true,"href":"https:\/\/azurefilm.com\/hu\/wp-json\/wp\/v2\/media\/58375"}],"wp:attachment":[{"href":"https:\/\/azurefilm.com\/hu\/wp-json\/wp\/v2\/media?parent=58374"}],"wp:term":[{"taxonomy":"product_brand","embeddable":true,"href":"https:\/\/azurefilm.com\/hu\/wp-json\/wp\/v2\/product_brand?post=58374"},{"taxonomy":"product_cat","embeddable":true,"href":"https:\/\/azurefilm.com\/hu\/wp-json\/wp\/v2\/product_cat?post=58374"},{"taxonomy":"product_tag","embeddable":true,"href":"https:\/\/azurefilm.com\/hu\/wp-json\/wp\/v2\/product_tag?post=58374"},{"taxonomy":"brand","embeddable":true,"href":"https:\/\/azurefilm.com\/hu\/wp-json\/wp\/v2\/brand?post=58374"}],"curies":[{"name":"wp","href":"https:\/\/api.w.org\/{rel}","templated":true}]}}