
{"id":58387,"date":"2023-10-29T14:26:34","date_gmt":"2023-10-29T14:26:34","guid":{"rendered":"https:\/\/azurefilm.com\/product\/digitalis-v-es-a-mero\/"},"modified":"2023-10-29T14:26:34","modified_gmt":"2023-10-29T14:26:34","slug":"digitalis-v-es-a-mero","status":"publish","type":"product","link":"https:\/\/azurefilm.com\/hu\/termek\/digitalis-v-es-a-mero\/","title":{"rendered":"Digit\u00e1lis V \u00e9s A m\u00e9r\u0151"},"content":{"rendered":"<h2><strong>F\u0151bb jellemz\u0151k:<\/strong><\/h2>\n<ul>\n<li>T\u00e1pegys\u00e9g: DC 4.5V-30V<\/li>\n<li>M\u00e9r\u00e9si pontoss\u00e1g: \u00b10,1%<\/li>\n<li>Friss\u00edt\u00e9si sebess\u00e9g: kb. 200ms\/ alkalom<\/li>\n<li>Megjelen\u00edt\u00e9s: digit\u00e1lis cs\u0151: 0,56 h\u00fcvelykes<\/li>\n<li>Kijelz\u0151 sz\u00edne: z\u00f6ld<\/li>\n<li>M\u0171k\u00f6d\u00e9si \u00e1ram: &lt;8mA<\/li>\n<li>\u00dczemi h\u0151m\u00e9rs\u00e9klet: -10\u00b0C \u00e9s +65\u00b0C k\u00f6z\u00f6tt<\/li>\n<li>Bemeneti impedancia: kb. 100K <\/li>\n<li>Csatlakoz\u00e1s: Fekete: t\u00e1pell\u00e1t\u00e1s &#8211; \u00e9s m\u00e9r\u00e9s &#8211; S\u00e1rga: m\u00e9r\u00e9s +<\/li>\n<li>Teljes m\u00e9ret: 1,85 h\u00fcvelyk X 1,1 h\u00fcvelyk X 1,0 h\u00fcvelyk.<\/li>\n<\/ul>\n","protected":false},"excerpt":{"rendered":"<p><strong>Digit\u00e1lis V \u00e9s A m\u00e9r\u0151<\/strong> \u00b10,1%-os m\u00e9r\u00e9si pontoss\u00e1ggal \u00e9s kb. 200 ms\/szoros friss\u00edt\u00e9si sebess\u00e9ggel.<\/p>\n","protected":false},"featured_media":58388,"comment_status":"closed","ping_status":"closed","template":"","meta":{"_acf_changed":false},"product_brand":[],"product_cat":[1679,2291,2224,2221],"product_tag":[],"brand":[],"class_list":{"0":"post-58387","1":"product","2":"type-product","3":"status-publish","4":"has-post-thumbnail","6":"product_cat-elado","7":"product_cat-elektronika-hu","8":"product_cat-minden-potalkatresz","9":"product_cat-potalkatreszek","11":"first","12":"instock","13":"sale","14":"taxable","15":"shipping-taxable","16":"purchasable","17":"product-type-simple"},"acf":[],"_links":{"self":[{"href":"https:\/\/azurefilm.com\/hu\/wp-json\/wp\/v2\/product\/58387","targetHints":{"allow":["GET"]}}],"collection":[{"href":"https:\/\/azurefilm.com\/hu\/wp-json\/wp\/v2\/product"}],"about":[{"href":"https:\/\/azurefilm.com\/hu\/wp-json\/wp\/v2\/types\/product"}],"replies":[{"embeddable":true,"href":"https:\/\/azurefilm.com\/hu\/wp-json\/wp\/v2\/comments?post=58387"}],"wp:featuredmedia":[{"embeddable":true,"href":"https:\/\/azurefilm.com\/hu\/wp-json\/wp\/v2\/media\/58388"}],"wp:attachment":[{"href":"https:\/\/azurefilm.com\/hu\/wp-json\/wp\/v2\/media?parent=58387"}],"wp:term":[{"taxonomy":"product_brand","embeddable":true,"href":"https:\/\/azurefilm.com\/hu\/wp-json\/wp\/v2\/product_brand?post=58387"},{"taxonomy":"product_cat","embeddable":true,"href":"https:\/\/azurefilm.com\/hu\/wp-json\/wp\/v2\/product_cat?post=58387"},{"taxonomy":"product_tag","embeddable":true,"href":"https:\/\/azurefilm.com\/hu\/wp-json\/wp\/v2\/product_tag?post=58387"},{"taxonomy":"brand","embeddable":true,"href":"https:\/\/azurefilm.com\/hu\/wp-json\/wp\/v2\/brand?post=58387"}],"curies":[{"name":"wp","href":"https:\/\/api.w.org\/{rel}","templated":true}]}}