
{"id":58395,"date":"2023-10-29T14:26:34","date_gmt":"2023-10-29T14:26:34","guid":{"rendered":"https:\/\/azurefilm.com\/product\/csapagyazas-a-v-horonnyal\/"},"modified":"2023-10-29T14:26:34","modified_gmt":"2023-10-29T14:26:34","slug":"csapagyazas-a-v-horonnyal","status":"publish","type":"product","link":"https:\/\/azurefilm.com\/hu\/termek\/csapagyazas-a-v-horonnyal\/","title":{"rendered":"Csap\u00e1gyaz\u00e1s a V horonnyal"},"content":{"rendered":"<h2><strong>Specifik\u00e1ci\u00f3k:<\/strong><\/h2>\n<ul>\n<li>Csap\u00e1gy k\u00fcls\u0151 fi 13 x bels\u0151 fi 4 x u vastags\u00e1g 4mm.<\/li>\n<li>Csap\u00e1gy k\u00fcls\u0151 16 x bels\u0151 5 x u vastags\u00e1g 5 mm.<\/li>\n<\/ul>\n","protected":false},"excerpt":{"rendered":"<p><strong>Csap\u00e1gy a V horony<\/strong> k\u00fcls\u0151 fi 13\/16 x bels\u0151 fi 4\/5 x u vastags\u00e1g 4\/5mm.<\/p>\n","protected":false},"featured_media":58396,"comment_status":"closed","ping_status":"closed","template":"","meta":{"_acf_changed":false},"product_brand":[],"product_cat":[2257,1679,2224,2221],"product_tag":[],"brand":[],"class_list":{"0":"post-58395","1":"product","2":"type-product","3":"status-publish","4":"has-post-thumbnail","6":"product_cat-csapagyak-es-vezetok","7":"product_cat-elado","8":"product_cat-minden-potalkatresz","9":"product_cat-potalkatreszek","11":"first","12":"instock","13":"sale","14":"taxable","15":"shipping-taxable","16":"purchasable","17":"product-type-variable"},"acf":[],"_links":{"self":[{"href":"https:\/\/azurefilm.com\/hu\/wp-json\/wp\/v2\/product\/58395","targetHints":{"allow":["GET"]}}],"collection":[{"href":"https:\/\/azurefilm.com\/hu\/wp-json\/wp\/v2\/product"}],"about":[{"href":"https:\/\/azurefilm.com\/hu\/wp-json\/wp\/v2\/types\/product"}],"replies":[{"embeddable":true,"href":"https:\/\/azurefilm.com\/hu\/wp-json\/wp\/v2\/comments?post=58395"}],"wp:featuredmedia":[{"embeddable":true,"href":"https:\/\/azurefilm.com\/hu\/wp-json\/wp\/v2\/media\/58396"}],"wp:attachment":[{"href":"https:\/\/azurefilm.com\/hu\/wp-json\/wp\/v2\/media?parent=58395"}],"wp:term":[{"taxonomy":"product_brand","embeddable":true,"href":"https:\/\/azurefilm.com\/hu\/wp-json\/wp\/v2\/product_brand?post=58395"},{"taxonomy":"product_cat","embeddable":true,"href":"https:\/\/azurefilm.com\/hu\/wp-json\/wp\/v2\/product_cat?post=58395"},{"taxonomy":"product_tag","embeddable":true,"href":"https:\/\/azurefilm.com\/hu\/wp-json\/wp\/v2\/product_tag?post=58395"},{"taxonomy":"brand","embeddable":true,"href":"https:\/\/azurefilm.com\/hu\/wp-json\/wp\/v2\/brand?post=58395"}],"curies":[{"name":"wp","href":"https:\/\/api.w.org\/{rel}","templated":true}]}}