
{"id":58415,"date":"2023-10-29T14:26:34","date_gmt":"2023-10-29T14:26:34","guid":{"rendered":"https:\/\/azurefilm.com\/product\/dc-ventilator-4020-turbinas-fuvo-24v\/"},"modified":"2023-10-29T14:26:34","modified_gmt":"2023-10-29T14:26:34","slug":"dc-ventilator-4020-turbinas-fuvo-24v","status":"publish","type":"product","link":"https:\/\/azurefilm.com\/hu\/termek\/dc-ventilator-4020-turbinas-fuvo-24v\/","title":{"rendered":"DC ventil\u00e1tor 4020 Turbin\u00e1s f\u00fav\u00f3 24V"},"content":{"rendered":"<h4>DC ventil\u00e1tor 4020 Turbin\u00e1s f\u00fav\u00f3 24V<\/h4>\n<h3><strong>F\u0151bb jellemz\u0151k:<\/strong><\/h3>\n<p>A 24V-os turbinaventil\u00e1tor nagyszer\u0171 h\u0171t\u0151 forr\u00f3 v\u00e9gekhez \u00e9s extruderekhez.<\/p>\n<ul>\n<li>Forradalom: FORDULATSZ\u00c1M: 5000 \u00b1 10% RPM<\/li>\n<li>Zaj: 25 dBA<\/li>\n<li>Csap\u00e1gyaz\u00e1s: olajcsap\u00e1gy<\/li>\n<li>V\u00e1rhat\u00f3 \u00e9lettartam: 30000 \u00f3ra<\/li>\n<li>Nagy forg\u00e1si sebess\u00e9g alacsony zajszint mellett.<\/li>\n<li>N\u00e9vleges fesz\u00fclts\u00e9g DC 24V, n\u00e9vleges \u00e1ram 0,18A.<\/li>\n<li>M\u00e9ret 40mm x 40mm x 20mm..<\/li>\n<\/ul>\n<p>&nbsp;<\/p>\n","protected":false},"excerpt":{"rendered":"<p>DC Fan 4020 Turbinaventil\u00e1tor 24V-os ventil\u00e1tor kiv\u00e1l\u00f3an alkalmas elektronika, hotendek, 3D nyomtat\u00e1sok \u00e9s l\u00e9zermodulok h\u0171t\u00e9s\u00e9re.<\/p>\n","protected":false},"featured_media":58416,"comment_status":"closed","ping_status":"closed","template":"","meta":{"_acf_changed":false},"product_brand":[],"product_cat":[1679,2229,2224,2221],"product_tag":[],"brand":[],"class_list":{"0":"post-58415","1":"product","2":"type-product","3":"status-publish","4":"has-post-thumbnail","6":"product_cat-elado","7":"product_cat-fans-hu","8":"product_cat-minden-potalkatresz","9":"product_cat-potalkatreszek","11":"first","12":"instock","13":"sale","14":"taxable","15":"shipping-taxable","16":"purchasable","17":"product-type-simple"},"acf":[],"_links":{"self":[{"href":"https:\/\/azurefilm.com\/hu\/wp-json\/wp\/v2\/product\/58415","targetHints":{"allow":["GET"]}}],"collection":[{"href":"https:\/\/azurefilm.com\/hu\/wp-json\/wp\/v2\/product"}],"about":[{"href":"https:\/\/azurefilm.com\/hu\/wp-json\/wp\/v2\/types\/product"}],"replies":[{"embeddable":true,"href":"https:\/\/azurefilm.com\/hu\/wp-json\/wp\/v2\/comments?post=58415"}],"wp:featuredmedia":[{"embeddable":true,"href":"https:\/\/azurefilm.com\/hu\/wp-json\/wp\/v2\/media\/58416"}],"wp:attachment":[{"href":"https:\/\/azurefilm.com\/hu\/wp-json\/wp\/v2\/media?parent=58415"}],"wp:term":[{"taxonomy":"product_brand","embeddable":true,"href":"https:\/\/azurefilm.com\/hu\/wp-json\/wp\/v2\/product_brand?post=58415"},{"taxonomy":"product_cat","embeddable":true,"href":"https:\/\/azurefilm.com\/hu\/wp-json\/wp\/v2\/product_cat?post=58415"},{"taxonomy":"product_tag","embeddable":true,"href":"https:\/\/azurefilm.com\/hu\/wp-json\/wp\/v2\/product_tag?post=58415"},{"taxonomy":"brand","embeddable":true,"href":"https:\/\/azurefilm.com\/hu\/wp-json\/wp\/v2\/brand?post=58415"}],"curies":[{"name":"wp","href":"https:\/\/api.w.org\/{rel}","templated":true}]}}