
{"id":58419,"date":"2023-10-29T14:26:34","date_gmt":"2023-10-29T14:26:34","guid":{"rendered":"https:\/\/azurefilm.com\/product\/e3d-v6-cso\/"},"modified":"2023-10-29T14:26:34","modified_gmt":"2023-10-29T14:26:34","slug":"e3d-v6-cso","status":"publish","type":"product","link":"https:\/\/azurefilm.com\/hu\/termek\/e3d-v6-cso\/","title":{"rendered":"E3D V6 cs\u0151"},"content":{"rendered":"<h4>E3D V6 cs\u0151<\/h4>\n<h3><strong>F\u0151bb jellemz\u0151k:<\/strong><\/h3>\n<ul>\n<li>E3D V6 cs\u0151 1.75mm M6 x 22mm M6 x 22mm<\/li>\n<li>Minden f\u00e9m h\u0151t\u00f6r\u00e9s a V6 sz\u00e1m\u00e1ra<\/li>\n<li>Tart\u00f3s \u00e9s stabil teljes\u00edtm\u00e9ny<\/li>\n<li>Kompatibilis az 1,75 mm-es filament Hotendekkel<\/li>\n<li>Anyag: Ac\u00e9l: Rozsdamentes ac\u00e9l<\/li>\n<li>Bels\u0151 \u00e1tm\u00e9r\u0151: 2mm<\/li>\n<\/ul>\n","protected":false},"excerpt":{"rendered":"<p>Az <strong>E3D V6 Tube<\/strong> egy teljesen f\u00e9mb\u0151l k\u00e9sz\u00fclt h\u0151sz\u00fcnet a V6, tart\u00f3s \u00e9s stabil teljes\u00edtm\u00e9ny \u00e9rdek\u00e9ben.<\/p>\n","protected":false},"featured_media":58420,"comment_status":"closed","ping_status":"closed","template":"","meta":{"_acf_changed":false},"product_brand":[],"product_cat":[1679,2428,2224,2221],"product_tag":[],"brand":[],"class_list":{"0":"post-58419","1":"product","2":"type-product","3":"status-publish","4":"has-post-thumbnail","6":"product_cat-elado","7":"product_cat-heatbreaks-hu","8":"product_cat-minden-potalkatresz","9":"product_cat-potalkatreszek","11":"first","12":"instock","13":"sale","14":"taxable","15":"shipping-taxable","16":"purchasable","17":"product-type-simple"},"acf":[],"_links":{"self":[{"href":"https:\/\/azurefilm.com\/hu\/wp-json\/wp\/v2\/product\/58419","targetHints":{"allow":["GET"]}}],"collection":[{"href":"https:\/\/azurefilm.com\/hu\/wp-json\/wp\/v2\/product"}],"about":[{"href":"https:\/\/azurefilm.com\/hu\/wp-json\/wp\/v2\/types\/product"}],"replies":[{"embeddable":true,"href":"https:\/\/azurefilm.com\/hu\/wp-json\/wp\/v2\/comments?post=58419"}],"wp:featuredmedia":[{"embeddable":true,"href":"https:\/\/azurefilm.com\/hu\/wp-json\/wp\/v2\/media\/58420"}],"wp:attachment":[{"href":"https:\/\/azurefilm.com\/hu\/wp-json\/wp\/v2\/media?parent=58419"}],"wp:term":[{"taxonomy":"product_brand","embeddable":true,"href":"https:\/\/azurefilm.com\/hu\/wp-json\/wp\/v2\/product_brand?post=58419"},{"taxonomy":"product_cat","embeddable":true,"href":"https:\/\/azurefilm.com\/hu\/wp-json\/wp\/v2\/product_cat?post=58419"},{"taxonomy":"product_tag","embeddable":true,"href":"https:\/\/azurefilm.com\/hu\/wp-json\/wp\/v2\/product_tag?post=58419"},{"taxonomy":"brand","embeddable":true,"href":"https:\/\/azurefilm.com\/hu\/wp-json\/wp\/v2\/brand?post=58419"}],"curies":[{"name":"wp","href":"https:\/\/api.w.org\/{rel}","templated":true}]}}