
{"id":58424,"date":"2023-10-29T14:26:59","date_gmt":"2023-10-29T14:26:59","guid":{"rendered":"https:\/\/azurefilm.com\/product\/golyoscsapagy\/"},"modified":"2023-10-29T14:26:59","modified_gmt":"2023-10-29T14:26:59","slug":"golyoscsapagy","status":"publish","type":"product","link":"https:\/\/azurefilm.com\/hu\/termek\/golyoscsapagy\/","title":{"rendered":"Goly\u00f3scsap\u00e1gy"},"content":{"rendered":"<h2><strong>Goly\u00f3scsap\u00e1gy f\u0151 jellemz\u0151i:<\/strong><\/h2>\n<ul>\n<li>K\u00fcls\u0151 12mm x bels\u0151 6mm, hossza 19mm<\/li>\n<li>K\u00fcls\u0151 12mm x bels\u0151 8mm, hossza 19mm<\/li>\n<\/ul>\n","protected":false},"excerpt":{"rendered":"<p><strong>Goly\u00f3scsap\u00e1gy<\/strong> k\u00fcl\u00f6nb\u00f6z\u0151 m\u00e9retekben.<\/p>\n","protected":false},"featured_media":58429,"comment_status":"closed","ping_status":"closed","template":"","meta":{"_acf_changed":false},"product_brand":[],"product_cat":[2257,1679,2224,2221],"product_tag":[],"brand":[],"class_list":{"0":"post-58424","1":"product","2":"type-product","3":"status-publish","4":"has-post-thumbnail","6":"product_cat-csapagyak-es-vezetok","7":"product_cat-elado","8":"product_cat-minden-potalkatresz","9":"product_cat-potalkatreszek","11":"first","12":"instock","13":"sale","14":"taxable","15":"shipping-taxable","16":"purchasable","17":"product-type-variable"},"acf":[],"_links":{"self":[{"href":"https:\/\/azurefilm.com\/hu\/wp-json\/wp\/v2\/product\/58424","targetHints":{"allow":["GET"]}}],"collection":[{"href":"https:\/\/azurefilm.com\/hu\/wp-json\/wp\/v2\/product"}],"about":[{"href":"https:\/\/azurefilm.com\/hu\/wp-json\/wp\/v2\/types\/product"}],"replies":[{"embeddable":true,"href":"https:\/\/azurefilm.com\/hu\/wp-json\/wp\/v2\/comments?post=58424"}],"wp:featuredmedia":[{"embeddable":true,"href":"https:\/\/azurefilm.com\/hu\/wp-json\/wp\/v2\/media\/58429"}],"wp:attachment":[{"href":"https:\/\/azurefilm.com\/hu\/wp-json\/wp\/v2\/media?parent=58424"}],"wp:term":[{"taxonomy":"product_brand","embeddable":true,"href":"https:\/\/azurefilm.com\/hu\/wp-json\/wp\/v2\/product_brand?post=58424"},{"taxonomy":"product_cat","embeddable":true,"href":"https:\/\/azurefilm.com\/hu\/wp-json\/wp\/v2\/product_cat?post=58424"},{"taxonomy":"product_tag","embeddable":true,"href":"https:\/\/azurefilm.com\/hu\/wp-json\/wp\/v2\/product_tag?post=58424"},{"taxonomy":"brand","embeddable":true,"href":"https:\/\/azurefilm.com\/hu\/wp-json\/wp\/v2\/brand?post=58424"}],"curies":[{"name":"wp","href":"https:\/\/api.w.org\/{rel}","templated":true}]}}