
{"id":58425,"date":"2023-10-29T14:26:34","date_gmt":"2023-10-29T14:26:34","guid":{"rendered":"https:\/\/azurefilm.com\/product\/futo-40w-12v-fi-6mm-15mm-30mm\/"},"modified":"2023-10-29T14:26:34","modified_gmt":"2023-10-29T14:26:34","slug":"futo-40w-12v-fi-6mm-15mm-30mm","status":"publish","type":"product","link":"https:\/\/azurefilm.com\/hu\/termek\/futo-40w-12v-fi-6mm-15mm-30mm\/","title":{"rendered":"F\u0171t\u0151 40W 12V Fi 6mm 15mm\/30mm"},"content":{"rendered":"<h4>F\u0171t\u0151 40W 12V Fi 6mm 15mm\/30mm<\/h4>\n<h3><strong>F\u0151bb jellemz\u0151k:<\/strong><\/h3>\n<ul>\n<li>A f\u0171t\u0151test 40W 12V Fi 6mm 15mm\/30mm hengeres rozsdamentes ac\u00e9lcs\u0151b\u0151l \u00e1ll, \u00edgy magas korr\u00f3zi\u00f3v\u00e9delemmel rendelkezik.<\/li>\n<li>A f\u0171t\u0151sz\u00e1l, amely bel\u00fcl ker\u00e1mia magra van tekerve.<\/li>\n<li>A tekercsek sz\u00e1ma a teljes\u00edtm\u00e9nyt\u0151l f\u00fcgg\u0151en v\u00e1ltozik, \u00e9s nagyszer\u0171 egyenletes h\u0151eloszl\u00e1st biztos\u00edt, ami jelent\u0151sen n\u00f6veli a f\u0171t\u0151test hossz\u00fa \u00e9lettartam\u00e1t, valamint megakad\u00e1lyozza a f\u0171t\u0151sz\u00e1l oxid\u00e1ci\u00f3j\u00e1t m\u00e9g magas h\u0151m\u00e9rs\u00e9kleten is.<\/li>\n<\/ul>\n<h3><strong>Specifik\u00e1ci\u00f3k:<\/strong><\/h3>\n<ul>\n<li><strong>Korr\u00f3zi\u00f3\u00e1ll\u00f3 konstrukci\u00f3:<\/strong> A f\u0171t\u0151test 40W\/12V hengeres rozsdamentes ac\u00e9lcs\u0151be van foglalva, amely nagyfok\u00fa korr\u00f3zi\u00f3v\u00e9delemmel biztos\u00edtja a k\u00fcl\u00f6nb\u00f6z\u0151 k\u00f6rnyezetekben val\u00f3 tart\u00f3ss\u00e1got.<\/li>\n<li><strong>Hat\u00e9kony f\u0171t\u00e9si technol\u00f3gia:<\/strong> A ker\u00e1mia magra tekert f\u0171t\u0151sz\u00e1l optim\u00e1lis h\u0151eloszl\u00e1st biztos\u00edt. A tekercsek sz\u00e1ma a teljes\u00edtm\u00e9nyt\u0151l f\u00fcgg\u0151en v\u00e1ltozik, el\u0151seg\u00edtve az egyenletes h\u0151t \u00e9s meghosszabb\u00edtva a f\u0171t\u0151test \u00e9lettartam\u00e1t. <\/li>\n<li><strong>Oxid\u00e1ci\u00f3 megel\u0151z\u00e9se:<\/strong> A kialak\u00edt\u00e1s m\u00e9g magas h\u0151m\u00e9rs\u00e9kleten is megakad\u00e1lyozza a f\u0171t\u0151sz\u00e1l oxid\u00e1ci\u00f3j\u00e1t, \u00edgy a f\u0171t\u0151test \u00e9ps\u00e9g\u00e9t hosszabb haszn\u00e1lat sor\u00e1n is meg\u0151rzi.<\/li>\n<li><strong>Fesz\u00fclts\u00e9g \u00e9s teljes\u00edtm\u00e9ny:<\/strong> A f\u0171t\u0151berendez\u00e9s megb\u00edzhat\u00f3 \u00e9s energiatakar\u00e9kos teljes\u00edtm\u00e9nyt ny\u00fajt a legk\u00fcl\u00f6nb\u00f6z\u0151bb alkalmaz\u00e1sokhoz.<\/li>\n<li><strong>Rozsdamentes ac\u00e9l Anyag:<\/strong> A rozsdamentes ac\u00e9l haszn\u00e1lata nemcsak a korr\u00f3zi\u00f3\u00e1ll\u00f3s\u00e1ghoz j\u00e1rul hozz\u00e1, hanem a f\u0171t\u0151elem \u00e1ltal\u00e1nos tart\u00f3ss\u00e1g\u00e1t is n\u00f6veli.<\/li>\n<li><strong>Rugalmas telep\u00edt\u00e9s:<\/strong> A nagyvonal\u00fa, 1 m\u00e9teres vezet\u00e9khossz\u00fas\u00e1ggal a f\u0171t\u0151test rugalmasan telep\u00edthet\u0151 k\u00fcl\u00f6nb\u00f6z\u0151 helyeken, k\u00fcl\u00f6nb\u00f6z\u0151 t\u00e9rbeli korl\u00e1tok k\u00f6z\u00f6tt.<\/li>\n<li><strong>Kompakt m\u00e9retek:<\/strong> A 6 mm \u00e1tm\u00e9r\u0151j\u0171 \u00e9s 15 mm vagy 30 mm hossz\u00fas\u00e1gban kaphat\u00f3 f\u0171t\u0151test kompakt kialak\u00edt\u00e1sa biztos\u00edtja a k\u00fcl\u00f6nb\u00f6z\u0151 berendez\u00e9sekhez \u00e9s helyig\u00e9nyhez val\u00f3 alkalmazkod\u00e1st.<\/li>\n<li><strong>Sokoldal\u00fa alkalmaz\u00e1sok:<\/strong> Alkalmas ipari folyamatokhoz, tudom\u00e1nyos alkalmaz\u00e1sokhoz \u00e9s minden olyan f\u0171t\u00e9si k\u00f6vetelm\u00e9nyhez, amely precizit\u00e1st \u00e9s megb\u00edzhat\u00f3s\u00e1got ig\u00e9nyel.<\/li>\n<li>A Heater 40W\/12V a fejlett anyagokat \u00e9s az \u00e1tgondolt tervez\u00e9st \u00f6tv\u00f6zi, hogy olyan f\u0171t\u00e9si megold\u00e1st k\u00edn\u00e1ljon, amely kiemelked\u0151 teljes\u00edtm\u00e9nyt, tart\u00f3ss\u00e1got \u00e9s sokoldal\u00fas\u00e1got biztos\u00edt.<\/li>\n<\/ul>\n","protected":false},"excerpt":{"rendered":"<h4><span style=\"vertical-align: inherit;\">A f\u0171t\u0151test 40W 12V Fi 6mm 15mm\/30mm hengeres rozsdamentes ac\u00e9lcs\u0151b\u0151l \u00e1ll, \u00edgy magas fok\u00fa v\u00e9delmet ny\u00fajt a korr\u00f3zi\u00f3 ellen.<\/span><\/h4>\n<p>&nbsp;<\/p>\n","protected":false},"featured_media":58426,"comment_status":"closed","ping_status":"closed","template":"","meta":{"_acf_changed":false},"product_brand":[],"product_cat":[1679,2232,2222,2224,2221],"product_tag":[],"brand":[],"class_list":{"0":"post-58425","1":"product","2":"type-product","3":"status-publish","4":"has-post-thumbnail","6":"product_cat-elado","7":"product_cat-extruder-alkatreszek","8":"product_cat-extruders-hu","9":"product_cat-minden-potalkatresz","10":"product_cat-potalkatreszek","11":"pa_compatible-with-artillery-fdm-3d-printers","12":"pa_compatible-with-creality-fdm-3d-printers","13":"pa_fits-printer-cr-x","14":"pa_fits-printer-creality-cr-10","15":"pa_fits-printer-creality-cr-10-v2","17":"first","18":"instock","19":"sale","20":"taxable","21":"shipping-taxable","22":"purchasable","23":"product-type-variable"},"acf":[],"_links":{"self":[{"href":"https:\/\/azurefilm.com\/hu\/wp-json\/wp\/v2\/product\/58425","targetHints":{"allow":["GET"]}}],"collection":[{"href":"https:\/\/azurefilm.com\/hu\/wp-json\/wp\/v2\/product"}],"about":[{"href":"https:\/\/azurefilm.com\/hu\/wp-json\/wp\/v2\/types\/product"}],"replies":[{"embeddable":true,"href":"https:\/\/azurefilm.com\/hu\/wp-json\/wp\/v2\/comments?post=58425"}],"wp:featuredmedia":[{"embeddable":true,"href":"https:\/\/azurefilm.com\/hu\/wp-json\/wp\/v2\/media\/58426"}],"wp:attachment":[{"href":"https:\/\/azurefilm.com\/hu\/wp-json\/wp\/v2\/media?parent=58425"}],"wp:term":[{"taxonomy":"product_brand","embeddable":true,"href":"https:\/\/azurefilm.com\/hu\/wp-json\/wp\/v2\/product_brand?post=58425"},{"taxonomy":"product_cat","embeddable":true,"href":"https:\/\/azurefilm.com\/hu\/wp-json\/wp\/v2\/product_cat?post=58425"},{"taxonomy":"product_tag","embeddable":true,"href":"https:\/\/azurefilm.com\/hu\/wp-json\/wp\/v2\/product_tag?post=58425"},{"taxonomy":"brand","embeddable":true,"href":"https:\/\/azurefilm.com\/hu\/wp-json\/wp\/v2\/brand?post=58425"}],"curies":[{"name":"wp","href":"https:\/\/api.w.org\/{rel}","templated":true}]}}