
{"id":58448,"date":"2023-10-29T14:26:59","date_gmt":"2023-10-29T14:26:59","guid":{"rendered":"https:\/\/azurefilm.com\/product\/menetes-pofak\/"},"modified":"2023-10-29T14:26:59","modified_gmt":"2023-10-29T14:26:59","slug":"menetes-pofak","status":"publish","type":"product","link":"https:\/\/azurefilm.com\/hu\/termek\/menetes-pofak\/","title":{"rendered":"Menetes pof\u00e1k"},"content":{"rendered":"<p><strong>Menetes pof\u00e1k<\/strong> foganty\u00faval.<\/p>\n<h2><strong>Anyag:<\/strong><\/h2>\n<ul>\n<li>Min\u0151s\u00e9gi ac\u00e9l (nagyon tart\u00f3s)<\/li>\n<li>Alum\u00ednium<\/li>\n<li>Edzett csavarok<\/li>\n<\/ul>\n<h2><strong>Sz\u00edn:<\/strong><\/h2>\n<ul>\n<li>F\u00e9msz\u00fcrke<\/li>\n<\/ul>\n<h2><strong>Az eszk\u00f6z kiv\u00e1l\u00f3:<\/strong><\/h2>\n<ul>\n<li>Az eszk\u00f6z kiemelkedik<\/li>\n<li>Min\u0151s\u00e9gi edzett ac\u00e9l<\/li>\n<li>Szil\u00e1rd konstrukci\u00f3<\/li>\n<li>K\u00f6nnyen haszn\u00e1lhat\u00f3<\/li>\n<\/ul>\n<h2><strong>Csomagol\u00e1s:<\/strong><\/h2>\n<ul>\n<li>7x menetes pof\u00e1k<\/li>\n<li>1x foganty\u00fa<\/li>\n<\/ul>\n","protected":false},"excerpt":{"rendered":"<p><strong>Menetes pof\u00e1k<\/strong> min\u0151s\u00e9gi edzett ac\u00e9lb\u00f3l k\u00e9sz\u00fclt foganty\u00faval, amelyek szil\u00e1rd konstrukci\u00f3val rendelkeznek.<\/p>\n","protected":false},"featured_media":58449,"comment_status":"closed","ping_status":"closed","template":"","meta":{"_acf_changed":false},"product_brand":[],"product_cat":[1679,2224,2221,2237],"product_tag":[],"brand":[],"class_list":{"0":"post-58448","1":"product","2":"type-product","3":"status-publish","4":"has-post-thumbnail","6":"product_cat-elado","7":"product_cat-minden-potalkatresz","8":"product_cat-potalkatreszek","9":"product_cat-szerszerek","11":"first","12":"instock","13":"sale","14":"taxable","15":"shipping-taxable","16":"purchasable","17":"product-type-simple"},"acf":[],"_links":{"self":[{"href":"https:\/\/azurefilm.com\/hu\/wp-json\/wp\/v2\/product\/58448","targetHints":{"allow":["GET"]}}],"collection":[{"href":"https:\/\/azurefilm.com\/hu\/wp-json\/wp\/v2\/product"}],"about":[{"href":"https:\/\/azurefilm.com\/hu\/wp-json\/wp\/v2\/types\/product"}],"replies":[{"embeddable":true,"href":"https:\/\/azurefilm.com\/hu\/wp-json\/wp\/v2\/comments?post=58448"}],"wp:featuredmedia":[{"embeddable":true,"href":"https:\/\/azurefilm.com\/hu\/wp-json\/wp\/v2\/media\/58449"}],"wp:attachment":[{"href":"https:\/\/azurefilm.com\/hu\/wp-json\/wp\/v2\/media?parent=58448"}],"wp:term":[{"taxonomy":"product_brand","embeddable":true,"href":"https:\/\/azurefilm.com\/hu\/wp-json\/wp\/v2\/product_brand?post=58448"},{"taxonomy":"product_cat","embeddable":true,"href":"https:\/\/azurefilm.com\/hu\/wp-json\/wp\/v2\/product_cat?post=58448"},{"taxonomy":"product_tag","embeddable":true,"href":"https:\/\/azurefilm.com\/hu\/wp-json\/wp\/v2\/product_tag?post=58448"},{"taxonomy":"brand","embeddable":true,"href":"https:\/\/azurefilm.com\/hu\/wp-json\/wp\/v2\/brand?post=58448"}],"curies":[{"name":"wp","href":"https:\/\/api.w.org\/{rel}","templated":true}]}}