
{"id":58456,"date":"2023-10-29T14:26:59","date_gmt":"2023-10-29T14:26:59","guid":{"rendered":"https:\/\/azurefilm.com\/product\/imbuszkulcsok\/"},"modified":"2023-10-29T14:26:59","modified_gmt":"2023-10-29T14:26:59","slug":"imbuszkulcsok","status":"publish","type":"product","link":"https:\/\/azurefilm.com\/hu\/termek\/imbuszkulcsok\/","title":{"rendered":"Imbuszkulcsok"},"content":{"rendered":"<p>Kilenc hossz\u00fa <strong>imbuszkulcsb\u00f3l<\/strong> \u00e1ll\u00f3 csomag m\u0171anyag akaszt\u00f3n.<\/p>\n","protected":false},"excerpt":{"rendered":"<p>Kilenc hossz\u00fa <strong>imbuszkulcsb\u00f3l<\/strong> \u00e1ll\u00f3 csomag m\u0171anyag akaszt\u00f3n.<\/p>\n","protected":false},"featured_media":58458,"comment_status":"closed","ping_status":"closed","template":"","meta":{"_acf_changed":false},"product_brand":[],"product_cat":[1679,2224,2221,2237],"product_tag":[],"brand":[],"class_list":{"0":"post-58456","1":"product","2":"type-product","3":"status-publish","4":"has-post-thumbnail","6":"product_cat-elado","7":"product_cat-minden-potalkatresz","8":"product_cat-potalkatreszek","9":"product_cat-szerszerek","11":"first","12":"instock","13":"sale","14":"taxable","15":"shipping-taxable","16":"purchasable","17":"product-type-simple"},"acf":[],"_links":{"self":[{"href":"https:\/\/azurefilm.com\/hu\/wp-json\/wp\/v2\/product\/58456","targetHints":{"allow":["GET"]}}],"collection":[{"href":"https:\/\/azurefilm.com\/hu\/wp-json\/wp\/v2\/product"}],"about":[{"href":"https:\/\/azurefilm.com\/hu\/wp-json\/wp\/v2\/types\/product"}],"replies":[{"embeddable":true,"href":"https:\/\/azurefilm.com\/hu\/wp-json\/wp\/v2\/comments?post=58456"}],"wp:featuredmedia":[{"embeddable":true,"href":"https:\/\/azurefilm.com\/hu\/wp-json\/wp\/v2\/media\/58458"}],"wp:attachment":[{"href":"https:\/\/azurefilm.com\/hu\/wp-json\/wp\/v2\/media?parent=58456"}],"wp:term":[{"taxonomy":"product_brand","embeddable":true,"href":"https:\/\/azurefilm.com\/hu\/wp-json\/wp\/v2\/product_brand?post=58456"},{"taxonomy":"product_cat","embeddable":true,"href":"https:\/\/azurefilm.com\/hu\/wp-json\/wp\/v2\/product_cat?post=58456"},{"taxonomy":"product_tag","embeddable":true,"href":"https:\/\/azurefilm.com\/hu\/wp-json\/wp\/v2\/product_tag?post=58456"},{"taxonomy":"brand","embeddable":true,"href":"https:\/\/azurefilm.com\/hu\/wp-json\/wp\/v2\/brand?post=58456"}],"curies":[{"name":"wp","href":"https:\/\/api.w.org\/{rel}","templated":true}]}}