
{"id":58460,"date":"2023-10-29T14:26:59","date_gmt":"2023-10-29T14:26:59","guid":{"rendered":"https:\/\/azurefilm.com\/product\/3-5m-meter\/"},"modified":"2023-10-29T14:26:59","modified_gmt":"2023-10-29T14:26:59","slug":"3-5m-meter","status":"publish","type":"product","link":"https:\/\/azurefilm.com\/hu\/termek\/3-5m-meter\/","title":{"rendered":"3\/5m m\u00e9ter"},"content":{"rendered":"<p>Ez egy <strong>m\u0171anyag h\u00e1zban l\u00e9v\u0151 m\u00e9r\u0151szalag<\/strong>, csatos \u00e9s f\u00e9kkel, amely 3 vagy 5 m-es t\u00e1vols\u00e1gig egyszer\u0171 m\u00e9r\u00e9seket tesz lehet\u0151v\u00e9.<\/p>\n","protected":false},"excerpt":{"rendered":"<p>Ez egy <strong>m\u0171anyag h\u00e1zban l\u00e9v\u0151 m\u00e9r\u0151szalag<\/strong>, csatos \u00e9s f\u00e9kkel, amely 3 vagy 5 m-es t\u00e1vols\u00e1gig egyszer\u0171 m\u00e9r\u00e9seket tesz lehet\u0151v\u00e9.<\/p>\n","protected":false},"featured_media":58462,"comment_status":"closed","ping_status":"closed","template":"","meta":{"_acf_changed":false},"product_brand":[],"product_cat":[1679,2224,2221,2237],"product_tag":[],"brand":[],"class_list":{"0":"post-58460","1":"product","2":"type-product","3":"status-publish","4":"has-post-thumbnail","6":"product_cat-elado","7":"product_cat-minden-potalkatresz","8":"product_cat-potalkatreszek","9":"product_cat-szerszerek","11":"first","12":"instock","13":"sale","14":"taxable","15":"shipping-taxable","16":"purchasable","17":"product-type-variable"},"acf":[],"_links":{"self":[{"href":"https:\/\/azurefilm.com\/hu\/wp-json\/wp\/v2\/product\/58460","targetHints":{"allow":["GET"]}}],"collection":[{"href":"https:\/\/azurefilm.com\/hu\/wp-json\/wp\/v2\/product"}],"about":[{"href":"https:\/\/azurefilm.com\/hu\/wp-json\/wp\/v2\/types\/product"}],"replies":[{"embeddable":true,"href":"https:\/\/azurefilm.com\/hu\/wp-json\/wp\/v2\/comments?post=58460"}],"wp:featuredmedia":[{"embeddable":true,"href":"https:\/\/azurefilm.com\/hu\/wp-json\/wp\/v2\/media\/58462"}],"wp:attachment":[{"href":"https:\/\/azurefilm.com\/hu\/wp-json\/wp\/v2\/media?parent=58460"}],"wp:term":[{"taxonomy":"product_brand","embeddable":true,"href":"https:\/\/azurefilm.com\/hu\/wp-json\/wp\/v2\/product_brand?post=58460"},{"taxonomy":"product_cat","embeddable":true,"href":"https:\/\/azurefilm.com\/hu\/wp-json\/wp\/v2\/product_cat?post=58460"},{"taxonomy":"product_tag","embeddable":true,"href":"https:\/\/azurefilm.com\/hu\/wp-json\/wp\/v2\/product_tag?post=58460"},{"taxonomy":"brand","embeddable":true,"href":"https:\/\/azurefilm.com\/hu\/wp-json\/wp\/v2\/brand?post=58460"}],"curies":[{"name":"wp","href":"https:\/\/api.w.org\/{rel}","templated":true}]}}