
{"id":58469,"date":"2023-10-29T14:26:59","date_gmt":"2023-10-29T14:26:59","guid":{"rendered":"https:\/\/azurefilm.com\/product\/thsl-vezetocsavar-anyaval\/"},"modified":"2023-10-29T14:26:59","modified_gmt":"2023-10-29T14:26:59","slug":"thsl-vezetocsavar-anyaval","status":"publish","type":"product","link":"https:\/\/azurefilm.com\/hu\/termek\/thsl-vezetocsavar-anyaval\/","title":{"rendered":"THSL vezet\u0151csavar any\u00e1val"},"content":{"rendered":"<h2><strong>F\u0151bb jellemz\u0151k:<\/strong><\/h2>\n<ul>\n<li>Kiv\u00e1l\u00f3 min\u0151s\u00e9g\u0171 anyagokb\u00f3l k\u00e9sz\u00fclt <strong>THSL \u00f3lomcsavar any\u00e1val<\/strong>.<\/li>\n<li>M\u00e9ret: M\u00e9ret: 400\/500\/1000mm fi 8mm.<\/li>\n<li>Menet: 8 mm, 2 mm-es oszt\u00e1s.<\/li>\n<li>Speci\u00e1lis s\u00e1rgar\u00e9z any\u00e1val<\/li>\n<\/ul>\n","protected":false},"excerpt":{"rendered":"<p><strong>THSL \u00f3lomcsavar any\u00e1val,<\/strong> kiv\u00e1l\u00f3 min\u0151s\u00e9g\u0171 anyagokb\u00f3l, k\u00fcl\u00f6nb\u00f6z\u0151 m\u00e9retekben.<\/p>\n","protected":false},"featured_media":58473,"comment_status":"closed","ping_status":"closed","template":"","meta":{"_acf_changed":false},"product_brand":[],"product_cat":[2257,1679,2224,2221],"product_tag":[],"brand":[],"class_list":{"0":"post-58469","1":"product","2":"type-product","3":"status-publish","4":"has-post-thumbnail","6":"product_cat-csapagyak-es-vezetok","7":"product_cat-elado","8":"product_cat-minden-potalkatresz","9":"product_cat-potalkatreszek","11":"first","12":"instock","13":"sale","14":"taxable","15":"shipping-taxable","16":"purchasable","17":"product-type-variable"},"acf":[],"_links":{"self":[{"href":"https:\/\/azurefilm.com\/hu\/wp-json\/wp\/v2\/product\/58469","targetHints":{"allow":["GET"]}}],"collection":[{"href":"https:\/\/azurefilm.com\/hu\/wp-json\/wp\/v2\/product"}],"about":[{"href":"https:\/\/azurefilm.com\/hu\/wp-json\/wp\/v2\/types\/product"}],"replies":[{"embeddable":true,"href":"https:\/\/azurefilm.com\/hu\/wp-json\/wp\/v2\/comments?post=58469"}],"wp:featuredmedia":[{"embeddable":true,"href":"https:\/\/azurefilm.com\/hu\/wp-json\/wp\/v2\/media\/58473"}],"wp:attachment":[{"href":"https:\/\/azurefilm.com\/hu\/wp-json\/wp\/v2\/media?parent=58469"}],"wp:term":[{"taxonomy":"product_brand","embeddable":true,"href":"https:\/\/azurefilm.com\/hu\/wp-json\/wp\/v2\/product_brand?post=58469"},{"taxonomy":"product_cat","embeddable":true,"href":"https:\/\/azurefilm.com\/hu\/wp-json\/wp\/v2\/product_cat?post=58469"},{"taxonomy":"product_tag","embeddable":true,"href":"https:\/\/azurefilm.com\/hu\/wp-json\/wp\/v2\/product_tag?post=58469"},{"taxonomy":"brand","embeddable":true,"href":"https:\/\/azurefilm.com\/hu\/wp-json\/wp\/v2\/brand?post=58469"}],"curies":[{"name":"wp","href":"https:\/\/api.w.org\/{rel}","templated":true}]}}