
{"id":58487,"date":"2023-10-29T14:27:26","date_gmt":"2023-10-29T14:27:26","guid":{"rendered":"https:\/\/azurefilm.com\/product\/led-szalag-120led-m-12v-96w-m\/"},"modified":"2023-10-29T14:27:26","modified_gmt":"2023-10-29T14:27:26","slug":"led-szalag-120led-m-12v-96w-m","status":"publish","type":"product","link":"https:\/\/azurefilm.com\/hu\/termek\/led-szalag-120led-m-12v-96w-m\/","title":{"rendered":"Led szalag 120led\/m 12V 9,6W\/m"},"content":{"rendered":"<ul>\n<li>LED szalagf\u00e9nyek: CW: Meleg feh\u00e9r WW, nappali feh\u00e9r DW, hideg feh\u00e9r CW<\/li>\n<li>Led\/m sz\u00e1ma: 120led\/m<\/li>\n<li>Szalag hossza: 5m<\/li>\n<li>\u00c1ramell\u00e1t\u00e1s: 12V<\/li>\n<li>Villamosenergia-fogyaszt\u00e1s: 9,6W\/m<\/li>\n<li>Lumnov: 1020lm\/m<\/li>\n<li>Szalagsz\u00e9less\u00e9g: 8mm<\/li>\n<li>IP-v\u00e9delem: IP20<\/li>\n<\/ul>\n","protected":false},"excerpt":{"rendered":"<p>LED szalagf\u00e9nyek h\u00e1rom k\u00fcl\u00f6nb\u00f6z\u0151 sz\u00ednben b\u00e1rmilyen t\u00e1rgy vagy t\u00e9r expoz\u00edci\u00f3j\u00e1hoz.<\/p>\n","protected":false},"featured_media":58489,"comment_status":"closed","ping_status":"closed","template":"","meta":{"_acf_changed":false},"product_brand":[],"product_cat":[2221,2238,1679,2224],"product_tag":[],"brand":[],"class_list":{"0":"post-58487","1":"product","2":"type-product","3":"status-publish","4":"has-post-thumbnail","6":"product_cat-potalkatreszek","7":"product_cat-egyeb-tetelek","8":"product_cat-elado","9":"product_cat-minden-potalkatresz","11":"first","12":"instock","13":"sale","14":"taxable","15":"shipping-taxable","16":"purchasable","17":"product-type-simple"},"acf":[],"_links":{"self":[{"href":"https:\/\/azurefilm.com\/hu\/wp-json\/wp\/v2\/product\/58487","targetHints":{"allow":["GET"]}}],"collection":[{"href":"https:\/\/azurefilm.com\/hu\/wp-json\/wp\/v2\/product"}],"about":[{"href":"https:\/\/azurefilm.com\/hu\/wp-json\/wp\/v2\/types\/product"}],"replies":[{"embeddable":true,"href":"https:\/\/azurefilm.com\/hu\/wp-json\/wp\/v2\/comments?post=58487"}],"wp:featuredmedia":[{"embeddable":true,"href":"https:\/\/azurefilm.com\/hu\/wp-json\/wp\/v2\/media\/58489"}],"wp:attachment":[{"href":"https:\/\/azurefilm.com\/hu\/wp-json\/wp\/v2\/media?parent=58487"}],"wp:term":[{"taxonomy":"product_brand","embeddable":true,"href":"https:\/\/azurefilm.com\/hu\/wp-json\/wp\/v2\/product_brand?post=58487"},{"taxonomy":"product_cat","embeddable":true,"href":"https:\/\/azurefilm.com\/hu\/wp-json\/wp\/v2\/product_cat?post=58487"},{"taxonomy":"product_tag","embeddable":true,"href":"https:\/\/azurefilm.com\/hu\/wp-json\/wp\/v2\/product_tag?post=58487"},{"taxonomy":"brand","embeddable":true,"href":"https:\/\/azurefilm.com\/hu\/wp-json\/wp\/v2\/brand?post=58487"}],"curies":[{"name":"wp","href":"https:\/\/api.w.org\/{rel}","templated":true}]}}