
{"id":58488,"date":"2023-10-29T14:26:59","date_gmt":"2023-10-29T14:26:59","guid":{"rendered":"https:\/\/azurefilm.com\/product\/creality-cr-10-v2-hutoborda\/"},"modified":"2023-10-29T14:26:59","modified_gmt":"2023-10-29T14:26:59","slug":"creality-cr-10-v2-hutoborda","status":"publish","type":"product","link":"https:\/\/azurefilm.com\/hu\/termek\/creality-cr-10-v2-hutoborda\/","title":{"rendered":"Creality CR-10 V2 h\u0171t\u0151borda"},"content":{"rendered":"<h4>Creality CR-10 V2 h\u0171t\u0151borda<\/h4>\n<h3><strong>F\u0151bb jellemz\u0151k:<\/strong><\/h3>\n<ul>\n<li>Anyag: Alum\u00ednium<\/li>\n<li>Csavarmenet: M6<\/li>\n<li>A csomag tartalmazza: 1x Creality alum\u00ednium extruder h\u0171t\u0151borda<\/li>\n<\/ul>\n","protected":false},"excerpt":{"rendered":"<p><strong>Creality CR-10 V2 h\u0171t\u0151borda<\/strong>, amely \u00f6sszek\u00f6ti a h\u0151f\u00e9ket \u00e9s az alum\u00ednium h\u0151blokkot.<\/p>\n","protected":false},"featured_media":56768,"comment_status":"closed","ping_status":"closed","template":"","meta":{"_acf_changed":false},"product_brand":[],"product_cat":[1679,2232,2222,2428,2224,2221],"product_tag":[],"brand":[],"class_list":{"0":"post-58488","1":"product","2":"type-product","3":"status-publish","4":"has-post-thumbnail","6":"product_cat-elado","7":"product_cat-extruder-alkatreszek","8":"product_cat-extruders-hu","9":"product_cat-heatbreaks-hu","10":"product_cat-minden-potalkatresz","11":"product_cat-potalkatreszek","12":"pa_compatible-with-creality-fdm-3d-printers","13":"pa_fits-printer-creality-cr-10-v2","15":"first","16":"instock","17":"sale","18":"taxable","19":"shipping-taxable","20":"purchasable","21":"product-type-simple"},"acf":[],"_links":{"self":[{"href":"https:\/\/azurefilm.com\/hu\/wp-json\/wp\/v2\/product\/58488","targetHints":{"allow":["GET"]}}],"collection":[{"href":"https:\/\/azurefilm.com\/hu\/wp-json\/wp\/v2\/product"}],"about":[{"href":"https:\/\/azurefilm.com\/hu\/wp-json\/wp\/v2\/types\/product"}],"replies":[{"embeddable":true,"href":"https:\/\/azurefilm.com\/hu\/wp-json\/wp\/v2\/comments?post=58488"}],"wp:featuredmedia":[{"embeddable":true,"href":"https:\/\/azurefilm.com\/hu\/wp-json\/wp\/v2\/media\/56768"}],"wp:attachment":[{"href":"https:\/\/azurefilm.com\/hu\/wp-json\/wp\/v2\/media?parent=58488"}],"wp:term":[{"taxonomy":"product_brand","embeddable":true,"href":"https:\/\/azurefilm.com\/hu\/wp-json\/wp\/v2\/product_brand?post=58488"},{"taxonomy":"product_cat","embeddable":true,"href":"https:\/\/azurefilm.com\/hu\/wp-json\/wp\/v2\/product_cat?post=58488"},{"taxonomy":"product_tag","embeddable":true,"href":"https:\/\/azurefilm.com\/hu\/wp-json\/wp\/v2\/product_tag?post=58488"},{"taxonomy":"brand","embeddable":true,"href":"https:\/\/azurefilm.com\/hu\/wp-json\/wp\/v2\/brand?post=58488"}],"curies":[{"name":"wp","href":"https:\/\/api.w.org\/{rel}","templated":true}]}}