
{"id":58519,"date":"2023-10-29T14:27:26","date_gmt":"2023-10-29T14:27:26","guid":{"rendered":"https:\/\/azurefilm.com\/product\/termikus-paszta-gd900\/"},"modified":"2023-10-29T14:27:26","modified_gmt":"2023-10-29T14:27:26","slug":"termikus-paszta-gd900","status":"publish","type":"product","link":"https:\/\/azurefilm.com\/hu\/termek\/termikus-paszta-gd900\/","title":{"rendered":"Termikus paszta GD900"},"content":{"rendered":"<p><strong>GD900 h\u0151paszta<\/strong> a h\u0151elvezet\u00e9shez.<\/p>\n<h2><strong>F\u0151bb jellemz\u0151k:<\/strong><\/h2>\n<ul>\n<li>Elektromosan nem vezet\u0151<\/li>\n<li>Szilikon alap\u00fa<\/li>\n<li>H\u0151vezet\u0151 k\u00e9pess\u00e9g:&gt; 6.0W \/ mK<\/li>\n<li>S\u0171r\u0171s\u00e9g:&gt; 2.5<\/li>\n<li>\u00dczemi h\u0151m\u00e9rs\u00e9klet: -50 ~ 240 \u00b0 C<\/li>\n<li>Sz\u00edn: sz\u00fcrke<\/li>\n<li>T\u00e9tel t\u00edpusa: G\u00e9lkr\u00e9m: H\u0151vezet\u0151 szilikon g\u00e9lkr\u00e9m<\/li>\n<li>Anyag: F\u00e9m: Oxid\u00e1lt f\u00e9m<\/li>\n<li>Alkalmaz\u00e1s: H\u0151elvezet\u00e9s: CPU\/GPU\/LED h\u0151elvezet\u00e9s<\/li>\n<li>Alkalmas a CPU\/GPU\/LED haszn\u00e1lat\u00e1ra, kiv\u00e1l\u00f3 h\u0151vezet\u0151 funkci\u00f3val<\/li>\n<li>A f\u0171t\u0151egys\u00e9g \u00e9s a h\u0171t\u0151borda \u00f6sszekapcsol\u00e1s\u00e1ra szolg\u00e1l, jobb h\u0151elvezet\u0151 hat\u00e1st \u00e9r el<\/li>\n<\/ul>\n","protected":false},"excerpt":{"rendered":"<p><strong>GD900 h\u0151paszta<\/strong> a h\u0151elvezet\u00e9shez sz\u00fcrke sz\u00ednben.<\/p>\n","protected":false},"featured_media":58520,"comment_status":"closed","ping_status":"closed","template":"","meta":{"_acf_changed":false},"product_brand":[],"product_cat":[1679,2224,2221,2237],"product_tag":[],"brand":[],"class_list":{"0":"post-58519","1":"product","2":"type-product","3":"status-publish","4":"has-post-thumbnail","6":"product_cat-elado","7":"product_cat-minden-potalkatresz","8":"product_cat-potalkatreszek","9":"product_cat-szerszerek","11":"first","12":"instock","13":"sale","14":"taxable","15":"shipping-taxable","16":"purchasable","17":"product-type-simple"},"acf":[],"_links":{"self":[{"href":"https:\/\/azurefilm.com\/hu\/wp-json\/wp\/v2\/product\/58519","targetHints":{"allow":["GET"]}}],"collection":[{"href":"https:\/\/azurefilm.com\/hu\/wp-json\/wp\/v2\/product"}],"about":[{"href":"https:\/\/azurefilm.com\/hu\/wp-json\/wp\/v2\/types\/product"}],"replies":[{"embeddable":true,"href":"https:\/\/azurefilm.com\/hu\/wp-json\/wp\/v2\/comments?post=58519"}],"wp:featuredmedia":[{"embeddable":true,"href":"https:\/\/azurefilm.com\/hu\/wp-json\/wp\/v2\/media\/58520"}],"wp:attachment":[{"href":"https:\/\/azurefilm.com\/hu\/wp-json\/wp\/v2\/media?parent=58519"}],"wp:term":[{"taxonomy":"product_brand","embeddable":true,"href":"https:\/\/azurefilm.com\/hu\/wp-json\/wp\/v2\/product_brand?post=58519"},{"taxonomy":"product_cat","embeddable":true,"href":"https:\/\/azurefilm.com\/hu\/wp-json\/wp\/v2\/product_cat?post=58519"},{"taxonomy":"product_tag","embeddable":true,"href":"https:\/\/azurefilm.com\/hu\/wp-json\/wp\/v2\/product_tag?post=58519"},{"taxonomy":"brand","embeddable":true,"href":"https:\/\/azurefilm.com\/hu\/wp-json\/wp\/v2\/brand?post=58519"}],"curies":[{"name":"wp","href":"https:\/\/api.w.org\/{rel}","templated":true}]}}