
{"id":58532,"date":"2023-10-29T14:27:26","date_gmt":"2023-10-29T14:27:26","guid":{"rendered":"https:\/\/azurefilm.com\/product\/muanyag-forro-ragasztopisztolyhoz-szines\/"},"modified":"2023-10-29T14:27:26","modified_gmt":"2023-10-29T14:27:26","slug":"muanyag-forro-ragasztopisztolyhoz-szines","status":"publish","type":"product","link":"https:\/\/azurefilm.com\/hu\/termek\/muanyag-forro-ragasztopisztolyhoz-szines\/","title":{"rendered":"M\u0171anyag forr\u00f3 ragaszt\u00f3pisztolyhoz sz\u00ednes"},"content":{"rendered":"<h2><strong>F\u0151bb jellemz\u0151k:<\/strong><\/h2>\n<ul>\n<li><strong>M\u0171anyag forr\u00f3 ragaszt\u00f3pisztolyhoz Sz\u00ednes.<\/strong><\/li>\n<li>A csomagban 10 darab sz\u00ednes m\u0171anyagot kapsz, amelyek m\u00e9rete fi7, hossza 180 mm.<\/li>\n<\/ul>\n","protected":false},"excerpt":{"rendered":"<p>A csomagban 10 db <strong>m\u0171anyag forr\u00f3 ragaszt\u00f3pisztolyhoz sz\u00ednes<\/strong>, fi7-es m\u00e9ret\u0171 \u00e9s 180 mm hossz\u00fas\u00e1g\u00fa <strong>m\u0171anyagot<\/strong> kap.<\/p>\n","protected":false},"featured_media":58534,"comment_status":"closed","ping_status":"closed","template":"","meta":{"_acf_changed":false},"product_brand":[],"product_cat":[1679,2224,2221,2237],"product_tag":[],"brand":[],"class_list":{"0":"post-58532","1":"product","2":"type-product","3":"status-publish","4":"has-post-thumbnail","6":"product_cat-elado","7":"product_cat-minden-potalkatresz","8":"product_cat-potalkatreszek","9":"product_cat-szerszerek","11":"first","12":"instock","13":"sale","14":"taxable","15":"shipping-taxable","16":"purchasable","17":"product-type-simple"},"acf":[],"_links":{"self":[{"href":"https:\/\/azurefilm.com\/hu\/wp-json\/wp\/v2\/product\/58532","targetHints":{"allow":["GET"]}}],"collection":[{"href":"https:\/\/azurefilm.com\/hu\/wp-json\/wp\/v2\/product"}],"about":[{"href":"https:\/\/azurefilm.com\/hu\/wp-json\/wp\/v2\/types\/product"}],"replies":[{"embeddable":true,"href":"https:\/\/azurefilm.com\/hu\/wp-json\/wp\/v2\/comments?post=58532"}],"wp:featuredmedia":[{"embeddable":true,"href":"https:\/\/azurefilm.com\/hu\/wp-json\/wp\/v2\/media\/58534"}],"wp:attachment":[{"href":"https:\/\/azurefilm.com\/hu\/wp-json\/wp\/v2\/media?parent=58532"}],"wp:term":[{"taxonomy":"product_brand","embeddable":true,"href":"https:\/\/azurefilm.com\/hu\/wp-json\/wp\/v2\/product_brand?post=58532"},{"taxonomy":"product_cat","embeddable":true,"href":"https:\/\/azurefilm.com\/hu\/wp-json\/wp\/v2\/product_cat?post=58532"},{"taxonomy":"product_tag","embeddable":true,"href":"https:\/\/azurefilm.com\/hu\/wp-json\/wp\/v2\/product_tag?post=58532"},{"taxonomy":"brand","embeddable":true,"href":"https:\/\/azurefilm.com\/hu\/wp-json\/wp\/v2\/brand?post=58532"}],"curies":[{"name":"wp","href":"https:\/\/api.w.org\/{rel}","templated":true}]}}