
{"id":58555,"date":"2023-10-29T14:27:26","date_gmt":"2023-10-29T14:27:26","guid":{"rendered":"https:\/\/azurefilm.com\/product\/hatlapos-csavarhuzo-szerszamkeszlet\/"},"modified":"2023-10-29T14:27:26","modified_gmt":"2023-10-29T14:27:26","slug":"hatlapos-csavarhuzo-szerszamkeszlet","status":"publish","type":"product","link":"https:\/\/azurefilm.com\/hu\/termek\/hatlapos-csavarhuzo-szerszamkeszlet\/","title":{"rendered":"Hatlapos csavarh\u00faz\u00f3 szersz\u00e1mk\u00e9szlet"},"content":{"rendered":"<h2><strong>F\u0151bb jellemz\u0151k:<\/strong><\/h2>\n<ul>\n<li><strong>Sz\u00e9les k\u00f6r\u0171 felhaszn\u00e1l\u00e1s <\/strong><br \/>\nEz a <strong>hatlapos csavarh\u00faz\u00f3 szersz\u00e1mk\u00e9szlet<\/strong> \u00f6sszesen 7 csavarh\u00faz\u00f3t tartalmaz k\u00fcl\u00f6nb\u00f6z\u0151 m\u00e9ret\u0171 H1.5\/H2.0\/H2.5\/ 0&#8243;+\/1&#8243;-\/4.0 BOX\/5.0 BOX, sz\u00e9les k\u00f6rben haszn\u00e1lhat\u00f3ak t\u00e1vir\u00e1ny\u00edt\u00f3s aut\u00f3k, modell rep\u00fcl\u0151g\u00e9pek stb. jav\u00edt\u00e1s\u00e1hoz vagy \u00f6sszeszerel\u00e9s\u00e9hez, ami teljesen megfelel az \u00d6n ig\u00e9nyeinek.<\/li>\n<li><strong>Tippek<\/strong><br \/>\nModellrajong\u00f3k\u00e9nt n\u00e9ha sz\u00e9t kell szednie vagy \u00f6ssze kell raknia a modelljeit, akkor ez a csavarh\u00faz\u00f3 k\u00e9szlet j\u00f3l fog j\u00f6nni.<\/li>\n<li><strong>Magas min\u0151s\u00e9g<\/strong><br \/>\nA csavarh\u00faz\u00f3hegyek nagy sebess\u00e9g\u0171 ac\u00e9lb\u00f3l k\u00e9sz\u00fcltek, titaniz\u00e1l\u00f3 fel\u00fclettel, a csavarh\u00faz\u00f3 foganty\u00fak kiv\u00e1l\u00f3 min\u0151s\u00e9g\u0171 alum\u00ednium\u00f6tv\u00f6zetb\u0151l k\u00e9sz\u00fcltek \u00e9s prec\u00edzi\u00f3s CNC-vel kiv\u00e1jtak. Ezek a kiv\u00e1l\u00f3 min\u0151s\u00e9g\u0171 anyagok biztos\u00edtj\u00e1k a nagy teljes\u00edtm\u00e9nyt. <\/li>\n<li><strong>K\u00f6nnyed kialak\u00edt\u00e1s<\/strong><br \/>\nAz \u00fcreges foganty\u00fa kialak\u00edt\u00e1sa cs\u00f6kkenti a s\u00falyt \u00e9s k\u00e9nyelmes haszn\u00e1latot biztos\u00edt.<\/li>\n<\/ul>\n","protected":false},"excerpt":{"rendered":"<p>Ez a <strong>hatlapos csavarh\u00faz\u00f3 szersz\u00e1mk\u00e9szlet<\/strong> \u00f6sszesen 7 k\u00fcl\u00f6nb\u00f6z\u0151 m\u00e9ret\u0171 csavarh\u00faz\u00f3t tartalmaz.<\/p>\n","protected":false},"featured_media":58556,"comment_status":"closed","ping_status":"closed","template":"","meta":{"_acf_changed":false},"product_brand":[],"product_cat":[1679,2224,2221,2237],"product_tag":[],"brand":[],"class_list":{"0":"post-58555","1":"product","2":"type-product","3":"status-publish","4":"has-post-thumbnail","6":"product_cat-elado","7":"product_cat-minden-potalkatresz","8":"product_cat-potalkatreszek","9":"product_cat-szerszerek","11":"first","12":"instock","13":"sale","14":"taxable","15":"shipping-taxable","16":"purchasable","17":"product-type-simple"},"acf":[],"_links":{"self":[{"href":"https:\/\/azurefilm.com\/hu\/wp-json\/wp\/v2\/product\/58555","targetHints":{"allow":["GET"]}}],"collection":[{"href":"https:\/\/azurefilm.com\/hu\/wp-json\/wp\/v2\/product"}],"about":[{"href":"https:\/\/azurefilm.com\/hu\/wp-json\/wp\/v2\/types\/product"}],"replies":[{"embeddable":true,"href":"https:\/\/azurefilm.com\/hu\/wp-json\/wp\/v2\/comments?post=58555"}],"wp:featuredmedia":[{"embeddable":true,"href":"https:\/\/azurefilm.com\/hu\/wp-json\/wp\/v2\/media\/58556"}],"wp:attachment":[{"href":"https:\/\/azurefilm.com\/hu\/wp-json\/wp\/v2\/media?parent=58555"}],"wp:term":[{"taxonomy":"product_brand","embeddable":true,"href":"https:\/\/azurefilm.com\/hu\/wp-json\/wp\/v2\/product_brand?post=58555"},{"taxonomy":"product_cat","embeddable":true,"href":"https:\/\/azurefilm.com\/hu\/wp-json\/wp\/v2\/product_cat?post=58555"},{"taxonomy":"product_tag","embeddable":true,"href":"https:\/\/azurefilm.com\/hu\/wp-json\/wp\/v2\/product_tag?post=58555"},{"taxonomy":"brand","embeddable":true,"href":"https:\/\/azurefilm.com\/hu\/wp-json\/wp\/v2\/brand?post=58555"}],"curies":[{"name":"wp","href":"https:\/\/api.w.org\/{rel}","templated":true}]}}