
{"id":58567,"date":"2023-10-29T14:27:57","date_gmt":"2023-10-29T14:27:57","guid":{"rendered":"https:\/\/azurefilm.com\/product\/fuvoka-e3d-v5-v6-steel\/"},"modified":"2023-10-29T14:27:57","modified_gmt":"2023-10-29T14:27:57","slug":"fuvoka-e3d-v5-v6-steel","status":"publish","type":"product","link":"https:\/\/azurefilm.com\/hu\/termek\/fuvoka-e3d-v5-v6-steel\/","title":{"rendered":"F\u00fav\u00f3ka E3D V5\/V6 STEEL"},"content":{"rendered":"<h2><strong>F\u0151bb jellemz\u0151k:<\/strong><\/h2>\n<ul>\n<li>Egyenletes, sima \u00e9s f\u00e9nyes f\u00e9nyez\u00e9s\u0171 nyomatok k\u00e9sz\u00edt\u00e9se,<\/li>\n<li>A 3D nyomtat\u00f3 f\u00fav\u00f3k\u00e1ja kiv\u00e1l\u00f3 min\u0151s\u00e9g\u0171 rozsdamentes ac\u00e9lb\u00f3l k\u00e9sz\u00fclt,<\/li>\n<li>Ellen\u00e1ll a rozsd\u00e1nak \u00e9s a korr\u00f3zi\u00f3nak,<\/li>\n<li>Stabil \u00e9s tart\u00f3s,<\/li>\n<li>K\u00f6nnyen telep\u00edthet\u0151,<\/li>\n<li>Kompatibilis minden 1,75 mm-es PLA ABS 3D nyomtat\u00f3val,<\/li>\n<li>A f\u00fav\u00f3ka cser\u00e9je ut\u00e1n kalibr\u00e1lja \u00fajra a f\u00fav\u00f3ka \u00e9s az \u00e9p\u00edt\u0151lemez k\u00f6z\u00f6tti t\u00e1vols\u00e1got a nyomtatott alkatr\u00e9szek min\u0151s\u00e9g\u00e9nek biztos\u00edt\u00e1sa \u00e9rdek\u00e9ben.<\/li>\n<li>Az \u00e1r 1 darabra vonatkozik.<\/li>\n<\/ul>\n","protected":false},"excerpt":{"rendered":"<p>Az 1,75 mm-es bemenettel rendelkez\u0151 <strong>E3D V5\/V6 STEEL f\u00fav\u00f3ka<\/strong> hat\u00e9konyan megakad\u00e1lyozza a nyomtat\u00f3fej sziv\u00e1rg\u00e1s\u00e1t, \u00e9s egyenletes, sima \u00e9s f\u00e9nyes f\u00e9ny\u0171 nyomatokat k\u00e9sz\u00edt.<\/p>\n","protected":false},"featured_media":58573,"comment_status":"closed","ping_status":"closed","template":"","meta":{"_acf_changed":false},"product_brand":[],"product_cat":[2243,1679,2226,2224,2221],"product_tag":[],"brand":[],"class_list":{"0":"post-58567","1":"product","2":"type-product","3":"status-publish","4":"has-post-thumbnail","6":"product_cat-edzett-es-kopasallo-fuvokak","7":"product_cat-elado","8":"product_cat-fuvoszarnyak","9":"product_cat-minden-potalkatresz","10":"product_cat-potalkatreszek","11":"pa_nozzle-diameter-0-2mm","12":"pa_nozzle-diameter-0-3mm","13":"pa_nozzle-diameter-0-4mm","14":"pa_nozzle-diameter-0-6mm","16":"first","17":"instock","18":"sale","19":"taxable","20":"shipping-taxable","21":"purchasable","22":"product-type-variable"},"acf":[],"_links":{"self":[{"href":"https:\/\/azurefilm.com\/hu\/wp-json\/wp\/v2\/product\/58567","targetHints":{"allow":["GET"]}}],"collection":[{"href":"https:\/\/azurefilm.com\/hu\/wp-json\/wp\/v2\/product"}],"about":[{"href":"https:\/\/azurefilm.com\/hu\/wp-json\/wp\/v2\/types\/product"}],"replies":[{"embeddable":true,"href":"https:\/\/azurefilm.com\/hu\/wp-json\/wp\/v2\/comments?post=58567"}],"wp:featuredmedia":[{"embeddable":true,"href":"https:\/\/azurefilm.com\/hu\/wp-json\/wp\/v2\/media\/58573"}],"wp:attachment":[{"href":"https:\/\/azurefilm.com\/hu\/wp-json\/wp\/v2\/media?parent=58567"}],"wp:term":[{"taxonomy":"product_brand","embeddable":true,"href":"https:\/\/azurefilm.com\/hu\/wp-json\/wp\/v2\/product_brand?post=58567"},{"taxonomy":"product_cat","embeddable":true,"href":"https:\/\/azurefilm.com\/hu\/wp-json\/wp\/v2\/product_cat?post=58567"},{"taxonomy":"product_tag","embeddable":true,"href":"https:\/\/azurefilm.com\/hu\/wp-json\/wp\/v2\/product_tag?post=58567"},{"taxonomy":"brand","embeddable":true,"href":"https:\/\/azurefilm.com\/hu\/wp-json\/wp\/v2\/brand?post=58567"}],"curies":[{"name":"wp","href":"https:\/\/api.w.org\/{rel}","templated":true}]}}