
{"id":58579,"date":"2023-10-29T14:27:57","date_gmt":"2023-10-29T14:27:57","guid":{"rendered":"https:\/\/azurefilm.com\/product\/sd-kartyaolvaso\/"},"modified":"2023-10-29T14:27:57","modified_gmt":"2023-10-29T14:27:57","slug":"sd-kartyaolvaso","status":"publish","type":"product","link":"https:\/\/azurefilm.com\/hu\/termek\/sd-kartyaolvaso\/","title":{"rendered":"SD k\u00e1rtyaolvas\u00f3"},"content":{"rendered":"<h2><b>F\u0151bb jellemz\u0151k:<\/b><\/h2>\n<ul>\n<li>Hordozhat\u00f3 USB 2.0 4 az 1-ben Memory Multi Card Reader SD TF T-Flash M2 Card.<\/li>\n<li>Ez a t\u00f6bbhelyes k\u00e1rtyaolvas\u00f3 t\u00e1mogatja az M2 SD SDHC DV Micro SD Mini SD TF.<\/li>\n<li>V\u00e9kony m\u00e9ret, k\u00f6nnyen hordozhat\u00f3.<\/li>\n<li>USB specifik\u00e1ci\u00f3 Ver2.0 480Mbps.<\/li>\n<li>K\u00f6zvetlen\u00fcl az USB-portr\u00f3l veheti fel az \u00e1ramot.<\/li>\n<li>Nincs sz\u00fcks\u00e9g k\u00fcls\u0151 \u00e1ramell\u00e1t\u00e1sra.<\/li>\n<li>Ez a Micro SD k\u00e1rtyaolvas\u00f3 kompatibilis az USB 2.0-val<\/li>\n<li>A rendszer t\u00e1mogatja: Windows 98 \/ 98SE \/ ME \/ 2000\/XP \/ Vista \/ WIN7\/ Mac OS X 9.0 \u00e9s Linus2.4 k\u00e9s\u0151bbi verzi\u00f3.<\/li>\n<\/ul>\n<h2><strong>Specifik\u00e1ci\u00f3k:<\/strong><\/h2>\n<ul>\n<li>Sz\u00edn: k\u00e9k \u00e9s feh\u00e9r<\/li>\n<li>Term\u00e9k m\u00e9rete: 57x21x12mm<\/li>\n<li>Nett\u00f3 s\u00faly: 13g<\/li>\n<li>Csomag s\u00falya: 22g<\/li>\n<\/ul>\n<h2><strong>Csomagol\u00e1s tartalma:<\/strong><\/h2>\n<ul>\n<li>1 x 4 az 1-ben k\u00e9k \u00e9s feh\u00e9r mem\u00f3ria Multi k\u00e1rtyaolvas\u00f3<\/li>\n<\/ul>\n","protected":false},"excerpt":{"rendered":"<p>Ez a multislot <strong>SD k\u00e1rtyaolvas\u00f3<\/strong> t\u00e1mogatja az M2 SD SD SDHC DV Micro SD Mini SD TF.<\/p>\n","protected":false},"featured_media":58582,"comment_status":"closed","ping_status":"closed","template":"","meta":{"_acf_changed":false},"product_brand":[],"product_cat":[1679,2224,2221,2237],"product_tag":[],"brand":[],"class_list":{"0":"post-58579","1":"product","2":"type-product","3":"status-publish","4":"has-post-thumbnail","6":"product_cat-elado","7":"product_cat-minden-potalkatresz","8":"product_cat-potalkatreszek","9":"product_cat-szerszerek","11":"first","12":"instock","13":"sale","14":"taxable","15":"shipping-taxable","16":"purchasable","17":"product-type-simple"},"acf":[],"_links":{"self":[{"href":"https:\/\/azurefilm.com\/hu\/wp-json\/wp\/v2\/product\/58579","targetHints":{"allow":["GET"]}}],"collection":[{"href":"https:\/\/azurefilm.com\/hu\/wp-json\/wp\/v2\/product"}],"about":[{"href":"https:\/\/azurefilm.com\/hu\/wp-json\/wp\/v2\/types\/product"}],"replies":[{"embeddable":true,"href":"https:\/\/azurefilm.com\/hu\/wp-json\/wp\/v2\/comments?post=58579"}],"wp:featuredmedia":[{"embeddable":true,"href":"https:\/\/azurefilm.com\/hu\/wp-json\/wp\/v2\/media\/58582"}],"wp:attachment":[{"href":"https:\/\/azurefilm.com\/hu\/wp-json\/wp\/v2\/media?parent=58579"}],"wp:term":[{"taxonomy":"product_brand","embeddable":true,"href":"https:\/\/azurefilm.com\/hu\/wp-json\/wp\/v2\/product_brand?post=58579"},{"taxonomy":"product_cat","embeddable":true,"href":"https:\/\/azurefilm.com\/hu\/wp-json\/wp\/v2\/product_cat?post=58579"},{"taxonomy":"product_tag","embeddable":true,"href":"https:\/\/azurefilm.com\/hu\/wp-json\/wp\/v2\/product_tag?post=58579"},{"taxonomy":"brand","embeddable":true,"href":"https:\/\/azurefilm.com\/hu\/wp-json\/wp\/v2\/brand?post=58579"}],"curies":[{"name":"wp","href":"https:\/\/api.w.org\/{rel}","templated":true}]}}