
{"id":58585,"date":"2023-10-29T14:27:57","date_gmt":"2023-10-29T14:27:57","guid":{"rendered":"https:\/\/azurefilm.com\/product\/fuvoka-a-zortraxhoz\/"},"modified":"2023-10-29T14:27:57","modified_gmt":"2023-10-29T14:27:57","slug":"fuvoka-a-zortraxhoz","status":"publish","type":"product","link":"https:\/\/azurefilm.com\/hu\/termek\/fuvoka-a-zortraxhoz\/","title":{"rendered":"F\u00fav\u00f3ka a Zortraxhoz"},"content":{"rendered":"<h2><strong>F\u0151bb jellemz\u0151k:<\/strong><\/h2>\n<ul>\n<li>Kiv\u00e1l\u00f3 min\u0151s\u00e9g\u0171 3D nyomtat\u00f3 f\u00fav\u00f3ka,<\/li>\n<li>Bemeneti \u00e1tm\u00e9r\u0151: 1,75 mm,<\/li>\n<li>Kimeneti \u00e1tm\u00e9r\u0151: 0.4mm, 0.5mm<\/li>\n<li>Anyag: R\u00e9z (s\u00e1rgar\u00e9z).<\/li>\n<li>Az \u00e1r 1 darabra vonatkozik.<\/li>\n<\/ul>\n","protected":false},"excerpt":{"rendered":"<p>Kiv\u00e1l\u00f3 min\u0151s\u00e9g\u0171 <strong>f\u00fav\u00f3ka a Zortrax M<\/strong> 200\/M300-hoz.<\/p>\n","protected":false},"featured_media":58587,"comment_status":"closed","ping_status":"closed","template":"","meta":{"_acf_changed":false},"product_brand":[],"product_cat":[1679,2232,2222,2226,2224,2221,2227],"product_tag":[],"brand":[277],"class_list":{"0":"post-58585","1":"product","2":"type-product","3":"status-publish","4":"has-post-thumbnail","6":"product_cat-elado","7":"product_cat-extruder-alkatreszek","8":"product_cat-extruders-hu","9":"product_cat-fuvoszarnyak","10":"product_cat-minden-potalkatresz","11":"product_cat-potalkatreszek","12":"product_cat-rendszeres-fuvokak","13":"pa_nozzle-diameter-0-4mm","14":"pa_nozzle-diameter-0-5mm","15":"brand-zortrax","17":"first","18":"instock","19":"sale","20":"taxable","21":"shipping-taxable","22":"purchasable","23":"product-type-variable"},"acf":[],"_links":{"self":[{"href":"https:\/\/azurefilm.com\/hu\/wp-json\/wp\/v2\/product\/58585","targetHints":{"allow":["GET"]}}],"collection":[{"href":"https:\/\/azurefilm.com\/hu\/wp-json\/wp\/v2\/product"}],"about":[{"href":"https:\/\/azurefilm.com\/hu\/wp-json\/wp\/v2\/types\/product"}],"replies":[{"embeddable":true,"href":"https:\/\/azurefilm.com\/hu\/wp-json\/wp\/v2\/comments?post=58585"}],"wp:featuredmedia":[{"embeddable":true,"href":"https:\/\/azurefilm.com\/hu\/wp-json\/wp\/v2\/media\/58587"}],"wp:attachment":[{"href":"https:\/\/azurefilm.com\/hu\/wp-json\/wp\/v2\/media?parent=58585"}],"wp:term":[{"taxonomy":"product_brand","embeddable":true,"href":"https:\/\/azurefilm.com\/hu\/wp-json\/wp\/v2\/product_brand?post=58585"},{"taxonomy":"product_cat","embeddable":true,"href":"https:\/\/azurefilm.com\/hu\/wp-json\/wp\/v2\/product_cat?post=58585"},{"taxonomy":"product_tag","embeddable":true,"href":"https:\/\/azurefilm.com\/hu\/wp-json\/wp\/v2\/product_tag?post=58585"},{"taxonomy":"brand","embeddable":true,"href":"https:\/\/azurefilm.com\/hu\/wp-json\/wp\/v2\/brand?post=58585"}],"curies":[{"name":"wp","href":"https:\/\/api.w.org\/{rel}","templated":true}]}}