
{"id":58586,"date":"2023-10-29T14:27:57","date_gmt":"2023-10-29T14:27:57","guid":{"rendered":"https:\/\/azurefilm.com\/product\/dc-ventilator-12v-24v-4020\/"},"modified":"2023-10-29T14:27:57","modified_gmt":"2023-10-29T14:27:57","slug":"dc-ventilator-12v-24v-4020","status":"publish","type":"product","link":"https:\/\/azurefilm.com\/hu\/termek\/dc-ventilator-12v-24v-4020\/","title":{"rendered":"DC ventil\u00e1tor 12V\/24V- 4020"},"content":{"rendered":"<h4>DC ventil\u00e1tor 12V\/24V- 4020<\/h4>\n<h3><strong>F\u0151bb jellemz\u0151k:<\/strong><\/h3>\n<ul>\n<li>DC ventil\u00e1tor m\u00e9rete: 40x40x20mm<\/li>\n<li>Ventil\u00e1tor fordulatsz\u00e1m: 9000 RPM (\u00b110% RPM)<\/li>\n<li>Dr\u00f3t hossza: 25cm<\/li>\n<li>Zajszint: 24 DBA<\/li>\n<li>N\u00e9vleges fesz\u00fclts\u00e9g: 12V vagy 24V-kompatibilis az Ender 3, Ender 3 Pro, Ender 3 V2, Ender 5, Ender 5 Pro, CR-10, CR-10S, CR-10S Pro \u00e9s CR-10 V2 modellekkel, bele\u00e9rtve az Ender 3, Ender 3 Pro, Ender 3 V2, Ender 5, Ender 5 Pro, CR-10, CR-10S, CR-10S, CR-10S Pro \u00e9s CR-10 V2 modelleket.<\/li>\n<\/ul>\n","protected":false},"excerpt":{"rendered":"<h4>A DC ventil\u00e1tor 12V\/24V- 4020 ventil\u00e1tor m\u00e9rete 40x40x40x20mm<\/h4>\n","protected":false},"featured_media":58590,"comment_status":"closed","ping_status":"closed","template":"","meta":{"_acf_changed":false},"product_brand":[],"product_cat":[1679,2229,2224,2221],"product_tag":[],"brand":[270],"class_list":{"0":"post-58586","1":"product","2":"type-product","3":"status-publish","4":"has-post-thumbnail","6":"product_cat-elado","7":"product_cat-fans-hu","8":"product_cat-minden-potalkatresz","9":"product_cat-potalkatreszek","10":"brand-creality","12":"first","13":"instock","14":"sale","15":"taxable","16":"shipping-taxable","17":"purchasable","18":"product-type-variable"},"acf":[],"_links":{"self":[{"href":"https:\/\/azurefilm.com\/hu\/wp-json\/wp\/v2\/product\/58586","targetHints":{"allow":["GET"]}}],"collection":[{"href":"https:\/\/azurefilm.com\/hu\/wp-json\/wp\/v2\/product"}],"about":[{"href":"https:\/\/azurefilm.com\/hu\/wp-json\/wp\/v2\/types\/product"}],"replies":[{"embeddable":true,"href":"https:\/\/azurefilm.com\/hu\/wp-json\/wp\/v2\/comments?post=58586"}],"wp:featuredmedia":[{"embeddable":true,"href":"https:\/\/azurefilm.com\/hu\/wp-json\/wp\/v2\/media\/58590"}],"wp:attachment":[{"href":"https:\/\/azurefilm.com\/hu\/wp-json\/wp\/v2\/media?parent=58586"}],"wp:term":[{"taxonomy":"product_brand","embeddable":true,"href":"https:\/\/azurefilm.com\/hu\/wp-json\/wp\/v2\/product_brand?post=58586"},{"taxonomy":"product_cat","embeddable":true,"href":"https:\/\/azurefilm.com\/hu\/wp-json\/wp\/v2\/product_cat?post=58586"},{"taxonomy":"product_tag","embeddable":true,"href":"https:\/\/azurefilm.com\/hu\/wp-json\/wp\/v2\/product_tag?post=58586"},{"taxonomy":"brand","embeddable":true,"href":"https:\/\/azurefilm.com\/hu\/wp-json\/wp\/v2\/brand?post=58586"}],"curies":[{"name":"wp","href":"https:\/\/api.w.org\/{rel}","templated":true}]}}