
{"id":58595,"date":"2023-10-29T14:27:57","date_gmt":"2023-10-29T14:27:57","guid":{"rendered":"https:\/\/azurefilm.com\/product\/bowden-klip\/"},"modified":"2025-07-25T23:50:42","modified_gmt":"2025-07-25T23:50:42","slug":"bowden-klip","status":"publish","type":"product","link":"https:\/\/azurefilm.com\/hu\/termek\/bowden-klip\/","title":{"rendered":"Bowden klip"},"content":{"rendered":"<h2><strong>F\u0151bb jellemz\u0151k:<\/strong><\/h2>\n<ul>\n<li>Ezt az elemet 3D nyomtat\u00f3kban haszn\u00e1lj\u00e1k a Bowden cs\u00f6vek csatlakoztat\u00e1s\u00e1ra az extruderhez \u00e9s a hotendhez.<\/li>\n<li>A Bowden Clip k\u00f6nnyen telep\u00edthet\u0151. Egyszer\u0171en csatlakoztassa a cs\u0151 behelyez\u00e9s\u00e9vel, \u00e9s automatikusan szorosan r\u00f6gz\u00fcl.<\/li>\n<li>A cs\u00f6vet is k\u00f6nny\u0171 lev\u00e1lasztani a m\u0171anyag kupak egyetlen nyom\u00e1s\u00e1val.<\/li>\n<li>Kompatibilis az \u00f6sszes 1,75 mm-es PLA ABS <a href=\"https:\/\/azurefilm.com\/hu\/3d-nyomtatok\/\">3D nyomtat\u00f3val<\/a>.<\/li>\n<li>M\u0171k\u00f6dik az Ender 3, Creality CR-10, &#8230;<\/li>\n<li>T\u00e1mogatja a 360-as fordulatot szabadon.<\/li>\n<li>Bowden csatlakoz\u00e1s PC4-M6<strong> tefloncs\u0151 fi 4mm <\/strong>\u00e1tmegy.<\/li>\n<li>Az anyag vegyszer\u00e1ll\u00f3, nem gy\u00fal\u00e9kony \u00e9s h\u0151\u00e1ll\u00f3.<\/li>\n<\/ul>\n<h2><strong>Specifik\u00e1ci\u00f3k:<\/strong><\/h2>\n<ul>\n<li><strong>Anyag: <\/strong>M\u0171anyag.<\/li>\n<li><strong>Sz\u00edn:<\/strong> arany \u00e9s k\u00e9k.<\/li>\n<li><strong>Szerelv\u00e9nyek:<\/strong> PTFE cs\u00f6vek.<\/li>\n<li><strong>OD:<\/strong> 4mm.<\/li>\n<li><strong>Sz\u00e1l: <\/strong>M6.<\/li>\n<\/ul>\n<p>&nbsp;<\/p>\n","protected":false},"excerpt":{"rendered":"<p><strong>A bowdencsipeszt<\/strong> a 3D nyomtat\u00f3kban a bowdencs\u00f6vek extruderhez \u00e9s a hotendhez val\u00f3 csatlakoztat\u00e1s\u00e1ra haszn\u00e1lj\u00e1k.<\/p>\n","protected":false},"featured_media":58602,"comment_status":"closed","ping_status":"closed","template":"","meta":{"_acf_changed":false},"product_brand":[],"product_cat":[2238,1679,2224,2221],"product_tag":[],"brand":[],"class_list":{"0":"post-58595","1":"product","2":"type-product","3":"status-publish","4":"has-post-thumbnail","6":"product_cat-egyeb-tetelek","7":"product_cat-elado","8":"product_cat-minden-potalkatresz","9":"product_cat-potalkatreszek","11":"first","12":"instock","13":"sale","14":"taxable","15":"shipping-taxable","16":"purchasable","17":"product-type-simple"},"acf":[],"_links":{"self":[{"href":"https:\/\/azurefilm.com\/hu\/wp-json\/wp\/v2\/product\/58595","targetHints":{"allow":["GET"]}}],"collection":[{"href":"https:\/\/azurefilm.com\/hu\/wp-json\/wp\/v2\/product"}],"about":[{"href":"https:\/\/azurefilm.com\/hu\/wp-json\/wp\/v2\/types\/product"}],"replies":[{"embeddable":true,"href":"https:\/\/azurefilm.com\/hu\/wp-json\/wp\/v2\/comments?post=58595"}],"wp:featuredmedia":[{"embeddable":true,"href":"https:\/\/azurefilm.com\/hu\/wp-json\/wp\/v2\/media\/58602"}],"wp:attachment":[{"href":"https:\/\/azurefilm.com\/hu\/wp-json\/wp\/v2\/media?parent=58595"}],"wp:term":[{"taxonomy":"product_brand","embeddable":true,"href":"https:\/\/azurefilm.com\/hu\/wp-json\/wp\/v2\/product_brand?post=58595"},{"taxonomy":"product_cat","embeddable":true,"href":"https:\/\/azurefilm.com\/hu\/wp-json\/wp\/v2\/product_cat?post=58595"},{"taxonomy":"product_tag","embeddable":true,"href":"https:\/\/azurefilm.com\/hu\/wp-json\/wp\/v2\/product_tag?post=58595"},{"taxonomy":"brand","embeddable":true,"href":"https:\/\/azurefilm.com\/hu\/wp-json\/wp\/v2\/brand?post=58595"}],"curies":[{"name":"wp","href":"https:\/\/api.w.org\/{rel}","templated":true}]}}