
{"id":58596,"date":"2023-10-29T14:27:57","date_gmt":"2023-10-29T14:27:57","guid":{"rendered":"https:\/\/azurefilm.com\/product\/gt2-vezermuszij-dupla\/"},"modified":"2023-10-29T14:27:57","modified_gmt":"2023-10-29T14:27:57","slug":"gt2-vezermuszij-dupla","status":"publish","type":"product","link":"https:\/\/azurefilm.com\/hu\/termek\/gt2-vezermuszij-dupla\/","title":{"rendered":"GT2 vez\u00e9rm\u0171sz\u00edj dupla"},"content":{"rendered":"<h2><strong>F\u0151bb jellemz\u0151k:<\/strong><\/h2>\n<ul>\n<li>20 fog\u00fa GT2 vez\u00e9rm\u0171sz\u00edjt\u00e1rcsa 5mm,<\/li>\n<li>20 fog\u00fa GT2 vez\u00e9rm\u0171sz\u00edjt\u00e1rcsa 8mm.<\/li>\n<li>Kiv\u00e1l\u00f3 min\u0151s\u00e9g\u0171 alum\u00edniumb\u00f3l k\u00e9sz\u00fclt,<\/li>\n<li>Nagy kem\u00e9nys\u00e9g,<\/li>\n<li>V\u00edz\u00e1ll\u00f3 \u00e9s rozsdamentes, korr\u00f3zi\u00f3\u00e1ll\u00f3 \u00e9s tart\u00f3sabb,<\/li>\n<li>Alkalmas 5 mm vagy 8 mm sz\u00e9les \u00f6vh\u00f6z (k\u00fcl\u00f6nb\u00f6z\u0151 opci\u00f3kkal rendelkez\u00fcnk),<\/li>\n<li>Sim\u00e1bb \u00e1tmenetet biztos\u00edt a sz\u00edj k\u00f6z\u00f6tt, \u00e9s minimaliz\u00e1lja a sz\u00edj elcs\u00fasz\u00e1s\u00e1nak kock\u00e1zat\u00e1t,<\/li>\n<li>GT2 vez\u00e9rm\u0171sz\u00edj-csig\u00e1s rendszer, amely k\u00fcl\u00f6n\u00f6sen alkalmas line\u00e1ris mozgat\u00e1sra \u00e9s pozicion\u00e1l\u00e1sra, j\u00f3 teljes\u00edtm\u00e9ny\u0171 3D nyomtat\u00f3khoz.<\/li>\n<\/ul>\n<p>&nbsp;<\/p>\n","protected":false},"excerpt":{"rendered":"<p><strong>GT2 Timing Pulley Double<\/strong> kiv\u00e1l\u00f3 min\u0151s\u00e9g\u0171 alum\u00edniumb\u00f3l k\u00e9sz\u00fclt, amely ellen\u00e1ll a v\u00edznek, rozsd\u00e1nak \u00e9s korr\u00f3zi\u00f3nak.<\/p>\n","protected":false},"featured_media":58597,"comment_status":"closed","ping_status":"closed","template":"","meta":{"_acf_changed":false},"product_brand":[],"product_cat":[2238,1679,2224,2221],"product_tag":[],"brand":[],"class_list":{"0":"post-58596","1":"product","2":"type-product","3":"status-publish","4":"has-post-thumbnail","6":"product_cat-egyeb-tetelek","7":"product_cat-elado","8":"product_cat-minden-potalkatresz","9":"product_cat-potalkatreszek","11":"first","12":"instock","13":"sale","14":"taxable","15":"shipping-taxable","16":"purchasable","17":"product-type-variable"},"acf":[],"_links":{"self":[{"href":"https:\/\/azurefilm.com\/hu\/wp-json\/wp\/v2\/product\/58596","targetHints":{"allow":["GET"]}}],"collection":[{"href":"https:\/\/azurefilm.com\/hu\/wp-json\/wp\/v2\/product"}],"about":[{"href":"https:\/\/azurefilm.com\/hu\/wp-json\/wp\/v2\/types\/product"}],"replies":[{"embeddable":true,"href":"https:\/\/azurefilm.com\/hu\/wp-json\/wp\/v2\/comments?post=58596"}],"wp:featuredmedia":[{"embeddable":true,"href":"https:\/\/azurefilm.com\/hu\/wp-json\/wp\/v2\/media\/58597"}],"wp:attachment":[{"href":"https:\/\/azurefilm.com\/hu\/wp-json\/wp\/v2\/media?parent=58596"}],"wp:term":[{"taxonomy":"product_brand","embeddable":true,"href":"https:\/\/azurefilm.com\/hu\/wp-json\/wp\/v2\/product_brand?post=58596"},{"taxonomy":"product_cat","embeddable":true,"href":"https:\/\/azurefilm.com\/hu\/wp-json\/wp\/v2\/product_cat?post=58596"},{"taxonomy":"product_tag","embeddable":true,"href":"https:\/\/azurefilm.com\/hu\/wp-json\/wp\/v2\/product_tag?post=58596"},{"taxonomy":"brand","embeddable":true,"href":"https:\/\/azurefilm.com\/hu\/wp-json\/wp\/v2\/brand?post=58596"}],"curies":[{"name":"wp","href":"https:\/\/api.w.org\/{rel}","templated":true}]}}