
{"id":58679,"date":"2023-10-29T14:17:44","date_gmt":"2023-10-29T14:17:44","guid":{"rendered":"https:\/\/azurefilm.com\/product\/creality-halot-lite\/"},"modified":"2023-10-29T14:17:44","modified_gmt":"2023-10-29T14:17:44","slug":"creality-halot-lite","status":"publish","type":"product","link":"https:\/\/azurefilm.com\/hu\/termek\/creality-halot-lite\/","title":{"rendered":"Creality HALOT-LITE"},"content":{"rendered":"<p><span style=\"font-weight: 400;\">A Creality HALOT-LITE egy olyan 3D nyomtat\u00f3, amelyet \u00fagy terveztek, hogy b\u0151s\u00e9ges nyomtat\u00e1si helyet biztos\u00edtson, \u00e9s \u00edgy v\u00e9gtelen kreat\u00edv lehet\u0151s\u00e9geket tegyen lehet\u0151v\u00e9.<\/span><\/p>\n<h2><strong>Integr\u00e1lt f\u00e9nyforr\u00e1s a pontoss\u00e1g\u00e9rt<\/strong><\/h2>\n<p><span style=\"font-weight: 400;\">Ez a nyomtat\u00f3 integr\u00e1lt f\u00e9nyforr\u00e1ssal rendelkezik, amely saj\u00e1t fejleszt\u00e9s\u0171, hogy biztos\u00edtsa az egyenletes f\u00e9nyintenzit\u00e1s eloszl\u00e1st a teljes k\u00e9perny\u0151n. Minden dimenzi\u00f3ban egyenletes modellpontoss\u00e1got biztos\u00edt a 12 l\u00e1mpagy\u00f6ngy be\u00e9p\u00edt\u00e9s\u00e9vel, amelyek mindegyike 4 f\u00e9nykibocs\u00e1t\u00f3 chippel van felszerelve. Figyelemre m\u00e9lt\u00f3, hogy m\u00e9g az egyes l\u00e1mpagy\u00f6ngy\u00f6k el\u00f6reged\u00e9s\u00e9vel sem v\u00e1ltozik a nyomtatott modellek egyenletess\u00e9ge.  <\/span><\/p>\n<h2><strong>A bonyolult r\u00e9szletek meg\u00f6r\u00f6k\u00edt\u00e9se<\/strong><\/h2>\n<p><span style=\"font-weight: 400;\">8,9 h\u00fcvelykes monokr\u00f3m kijelz\u0151j\u00e9vel \u00e9s leny\u0171g\u00f6z\u0151 3840 x 2400-as felbont\u00e1s\u00e1val a HALOT-LITE kiv\u00e1l\u00f3an alkalmas a lenyomatok apr\u00f3 r\u00e9szleteinek meg\u00f6r\u00f6k\u00edt\u00e9s\u00e9re.<\/span><\/p>\n<h2><strong>Kiterjedt nyomtat\u00e1si ter\u00fclet<\/strong><\/h2>\n<p><span style=\"font-weight: 400;\">A nagyvonal\u00fa, 192 x 120 x 200 mm-es form\u00e1z\u00f3fel\u00fcletet k\u00edn\u00e1l\u00f3 3D nyomtat\u00f3val a legambici\u00f3zusabb alkot\u00e1sait is \u00e9letre keltheti.<\/span><\/p>\n<h2><strong>Hat\u00e9kony nyomtat\u00e1s intelligens chippel<\/strong><\/h2>\n<p><span style=\"font-weight: 400;\">Az ARM Cortex-A53 megvil\u00e1g\u00edt\u00e1st, 64 bites n\u00e9gymagos CPU+GPU-t \u00e9s 1 GB+8 GB mem\u00f3ri\u00e1t tartalmaz\u00f3 nagy teljes\u00edtm\u00e9ny\u0171 sz\u00e1m\u00edt\u00e1si be\u00e1ll\u00edt\u00e1ssal felszerelt HALOT-LITE z\u00f6kken\u0151mentes m\u0171k\u00f6d\u00e9st, k\u00f6vetkezetes nyomtat\u00e1si pontoss\u00e1got \u00e9s hat\u00e9konys\u00e1got biztos\u00edt.<\/span><\/p>\n<h2><strong>Wi-Fi \u00e9s APP vez\u00e9rl\u00e9s<\/strong><\/h2>\n<p><span style=\"font-weight: 400;\">Ir\u00e1ny\u00edtsa a nyomtat\u00e1si folyamatot a Creality Cloud APP seg\u00edts\u00e9g\u00e9vel. Seg\u00edts\u00e9g\u00e9vel k\u00f6nnyed\u00e9n nyomon k\u00f6vetheti a folyamatot, m\u00f3dos\u00edthatja a be\u00e1ll\u00edt\u00e1sokat, \u00e9s elind\u00edthatja vagy le\u00e1ll\u00edthatja a nyomtat\u00e1st. A be\u00e9p\u00edtett Wi-Fi funkci\u00f3 megk\u00f6nny\u00edti az egy kattint\u00e1ssal elv\u00e9gezhet\u0151 firmware-friss\u00edt\u00e9st is.  <\/span><\/p>\n<h2><strong>Intuit\u00edv \u00e9rint\u0151k\u00e9perny\u0151s fel\u00fclet<\/strong><\/h2>\n<p><span style=\"font-weight: 400;\">Navig\u00e1ljon a nyomtat\u00f3 funkci\u00f3iban k\u00f6nnyed\u00e9n az 5 h\u00fcvelykes sz\u00ednes \u00e9rint\u0151k\u00e9perny\u0151n kereszt\u00fcl, amely egyszer\u0171 vizu\u00e1lis fel\u00fclettel rendelkezik a felhaszn\u00e1l\u00f3bar\u00e1t kezel\u00e9s \u00e9rdek\u00e9ben.<\/span><\/p>\n<h2><strong>Egyszer\u0171s\u00edtett \u00e9s hat\u00e9kony szeletel\u00e9s<\/strong><\/h2>\n<p><span style=\"font-weight: 400;\">A Lychee vagy a HALOT Box szoftverrel k\u00f6nnyed\u00e9n felszeletelheti terveit, mindkett\u0151 rugalmass\u00e1got, egyszer\u0171 haszn\u00e1latot \u00e9s \u00e1tfog\u00f3 funkcionalit\u00e1st k\u00edn\u00e1l.<\/span><\/p>\n<h2><strong>Dupla h\u0151elvezet\u00e9s \u00e9s hat\u00e9kony tiszt\u00edt\u00e1s<\/strong><\/h2>\n<p><span style=\"font-weight: 400;\">A HALOT-LITE kett\u0151s h\u0151elvezet\u0151 rendszert tartalmaz, amelyet \u00fagy terveztek, hogy hat\u00e9konyan kezelje a h\u0151forr\u00e1sokat \u00e9s gyorsan elvezesse a felesleges h\u0151t. Emellett az akt\u00edvszenes leveg\u0151sz\u0171r\u0151 rendszer cs\u00f6kkenti a szagok kibocs\u00e1t\u00e1s\u00e1t, jav\u00edtva ezzel a nyomtat\u00e1si \u00e9lm\u00e9nyt. <\/span><\/p>\n<h2><strong>M\u0171szaki r\u00e9szletek:<\/strong><\/h2>\n<ul>\n<li style=\"font-weight: 400;\" aria-level=\"1\"><span style=\"font-weight: 400;\">LCD pixel: 3840&#215;2400<\/span><\/li>\n<li style=\"font-weight: 400;\" aria-level=\"1\"><span style=\"font-weight: 400;\">F\u00e9nyforr\u00e1s: F\u00e9nyforr\u00e1s: Integr\u00e1lt f\u00e9nyforr\u00e1s<\/span><\/li>\n<li style=\"font-weight: 400;\" aria-level=\"1\"><span style=\"font-weight: 400;\">XY-tengely pontoss\u00e1g: 0,05 mm<\/span><\/li>\n<li style=\"font-weight: 400;\" aria-level=\"1\"><span style=\"font-weight: 400;\">Interakci\u00f3s k\u00e9perny\u0151: sz\u00ednes \u00e9rint\u0151k\u00e9perny\u0151: 5&#8243; sz\u00ednes \u00e9rint\u0151k\u00e9perny\u0151<\/span><\/li>\n<li style=\"font-weight: 400;\" aria-level=\"1\"><span style=\"font-weight: 400;\">A g\u00e9p s\u00falya: 10,6 kg<\/span><\/li>\n<li style=\"font-weight: 400;\" aria-level=\"1\"><span style=\"font-weight: 400;\">Anyag: UV gyanta: 405 nm-es UV gyanta<\/span><\/li>\n<li style=\"font-weight: 400;\" aria-level=\"1\"><span style=\"font-weight: 400;\">G\u00e9p m\u00e9rete: 330x301x572mm<\/span><\/li>\n<li style=\"font-weight: 400;\" aria-level=\"1\"><span style=\"font-weight: 400;\">LCD k\u00e9perny\u0151: 8,9&#8243; monokr\u00f3m<\/span><\/li>\n<li style=\"font-weight: 400;\" aria-level=\"1\"><span style=\"font-weight: 400;\">Nyomtat\u00e1si m\u00e9ret: 192x120x200mm<\/span><\/li>\n<li style=\"font-weight: 400;\" aria-level=\"1\"><span style=\"font-weight: 400;\">Nyomtat\u00e1si sebess\u00e9g: 1-4s\/r\u00e9teg<\/span><\/li>\n<li style=\"font-weight: 400;\" aria-level=\"1\"><span style=\"font-weight: 400;\">Bemeneti teljes\u00edtm\u00e9ny: 100-240V<\/span><\/li>\n<li style=\"font-weight: 400;\" aria-level=\"1\"><span style=\"font-weight: 400;\">R\u00e9tegvastags\u00e1g: 0.01-0.2mm<\/span><\/li>\n<li style=\"font-weight: 400;\" aria-level=\"1\"><span style=\"font-weight: 400;\">Automatikus szintez\u00e9s: Egyszer\u0171 k\u00e9zi szintez\u00e9s<\/span><\/li>\n<\/ul>\n","protected":false},"excerpt":{"rendered":"<p>A <strong>Creality HALOT-LITE<\/strong> egy nagyobb nyomtat\u00e1si m\u00e9ret\u0171 3D nyomtat\u00f3 a v\u00e9gtelen alkot\u00e1shoz, tov\u00e1bbfejlesztve az \u00f6sszes r\u00e9szlet megragad\u00e1s\u00e1hoz.<\/p>\n","protected":false},"featured_media":58680,"comment_status":"closed","ping_status":"closed","template":"","meta":{"_acf_changed":false},"product_brand":[],"product_cat":[1677,2535,1679,1680,2354],"product_tag":[],"brand":[],"class_list":{"0":"post-58679","1":"product","2":"type-product","3":"status-publish","4":"has-post-thumbnail","6":"product_cat-3d-nyomtato","7":"product_cat-creality-mugyanta-nyomtatok","8":"product_cat-elado","9":"product_cat-minden-3d-nyomtato","10":"product_cat-resin-nyomtato","12":"first","13":"outofstock","14":"sale","15":"taxable","16":"shipping-taxable","17":"purchasable","18":"product-type-simple"},"acf":[],"_links":{"self":[{"href":"https:\/\/azurefilm.com\/hu\/wp-json\/wp\/v2\/product\/58679","targetHints":{"allow":["GET"]}}],"collection":[{"href":"https:\/\/azurefilm.com\/hu\/wp-json\/wp\/v2\/product"}],"about":[{"href":"https:\/\/azurefilm.com\/hu\/wp-json\/wp\/v2\/types\/product"}],"replies":[{"embeddable":true,"href":"https:\/\/azurefilm.com\/hu\/wp-json\/wp\/v2\/comments?post=58679"}],"wp:featuredmedia":[{"embeddable":true,"href":"https:\/\/azurefilm.com\/hu\/wp-json\/wp\/v2\/media\/58680"}],"wp:attachment":[{"href":"https:\/\/azurefilm.com\/hu\/wp-json\/wp\/v2\/media?parent=58679"}],"wp:term":[{"taxonomy":"product_brand","embeddable":true,"href":"https:\/\/azurefilm.com\/hu\/wp-json\/wp\/v2\/product_brand?post=58679"},{"taxonomy":"product_cat","embeddable":true,"href":"https:\/\/azurefilm.com\/hu\/wp-json\/wp\/v2\/product_cat?post=58679"},{"taxonomy":"product_tag","embeddable":true,"href":"https:\/\/azurefilm.com\/hu\/wp-json\/wp\/v2\/product_tag?post=58679"},{"taxonomy":"brand","embeddable":true,"href":"https:\/\/azurefilm.com\/hu\/wp-json\/wp\/v2\/brand?post=58679"}],"curies":[{"name":"wp","href":"https:\/\/api.w.org\/{rel}","templated":true}]}}