
{"id":58719,"date":"2023-10-29T14:18:08","date_gmt":"2023-10-29T14:18:08","guid":{"rendered":"https:\/\/azurefilm.com\/product\/flashforge-guider-3-plus\/"},"modified":"2023-10-29T14:18:08","modified_gmt":"2023-10-29T14:18:08","slug":"flashforge-guider-3-plus","status":"publish","type":"product","link":"https:\/\/azurefilm.com\/hu\/termek\/flashforge-guider-3-plus\/","title":{"rendered":"FlashForge Guider 3 PLUS"},"content":{"rendered":"<p><span style=\"font-weight: 400;\">A FlashForge Guider 3 PLUS egy <\/span><b>m\u00e9rn\u00f6ki min\u0151s\u00e9g\u0171 3D nyomtat\u00f3<\/b><span style=\"font-weight: 400;\">, amely t\u00e1mogatja a gyors \u00e9s <\/span><b>nagym\u00e9ret\u0171 \u00e9s nagy t\u00f6meg\u0171 modellek stabil nyomtat\u00e1s\u00e1t.<\/b><span style=\"font-weight: 400;\"> \u00e9s \u00fajonnan tervezett bels\u0151 szerkezet\u00e9vel megfelel a t\u00f6bbm\u00e9ret\u0171 alkatr\u00e9szek gyors protot\u00edpus-ellen\u0151rz\u00e9s\u00e9nek k\u00f6vetelm\u00e9nyeinek.<\/span><\/p>\n<h2><strong>Nagy nyomtat\u00e1si ter\u00fclet<\/strong><\/h2>\n<p><span style=\"font-weight: 400;\">A 350 x 350 x 600 mm-es szupernagy \u00e9p\u00edt\u00e9si t\u00e9rfogattal \u00e9s a megn\u00f6velt Z-tengely magass\u00e1ggal ez a 3D nyomtat\u00f3 sz\u00e1mos modellm\u00e9ret befogad\u00e1s\u00e1ra alkalmas, \u00edgy megfelel a k\u00fcl\u00f6nb\u00f6z\u0151 nyomtat\u00e1si k\u00f6vetelm\u00e9nyeknek.<\/span><\/p>\n<h2><strong>Gyors, stabil \u00e9s pontos<\/strong><\/h2>\n<p><span style=\"font-weight: 400;\">A 16 mm-es kett\u0151s Z-tengely\u0171 TBI goly\u00f3scsavarokat haszn\u00e1l\u00f3 nyomtat\u00f3 stabilit\u00e1st \u00e9s pontoss\u00e1got biztos\u00edt. A platform ak\u00e1r 30 kg-ot is elb\u00edr, ami cs\u00f6kkenti a rezg\u00e9seket \u00e9s jav\u00edtja a nyomtat\u00e1s stabilit\u00e1s\u00e1t, m\u00e9g a nagym\u00e9ret\u0171 modellek eset\u00e9ben is. Ez lehet\u0151v\u00e9 teszi a 24\/7 folyamatos \u00e9s megb\u00edzhat\u00f3 m\u0171k\u00f6d\u00e9st.  <\/span><\/p>\n<h2><strong>Z\u00e1rt sz\u00e1lsz\u00e1r\u00edt\u00f3 kamra<\/strong><\/h2>\n<p><span style=\"font-weight: 400;\">A nyomtat\u00f3 z\u00e1rt sz\u00e1r\u00edt\u00f3kamr\u00e1val rendelkezik, amely 5 napon bel\u00fcl mind\u00f6ssze 3 csomag sz\u00e1r\u00edt\u00f3szerrel 20% alatt tartja a p\u00e1ratartalmat. A be\u00e9p\u00edtett nedvess\u00e9gm\u00e9r\u0151 biztos\u00edtja a p\u00e1ratartalom pontos nyomon k\u00f6vet\u00e9s\u00e9t. <\/span><\/p>\n<h2><strong>Intelligens multiplatformos ir\u00e1ny\u00edt\u00e1si rendszer<\/strong><\/h2>\n<p><span style=\"font-weight: 400;\">Lehet\u0151v\u00e9 teszi az online nyomtat\u00e1st a FlashCloudon kereszt\u00fcl, \u00e9s hat\u00e9konyan kezeli a nyomtat\u00f3t k\u00fcl\u00f6nb\u00f6z\u0151 platformokon. \u00c9lvezze a t\u00e1voli, val\u00f3s idej\u0171 fel\u00fcgyeletet a probl\u00e9mamentes termel\u00e9s \u00e9rdek\u00e9ben. <\/span><\/p>\n<h2><strong>Gyors modell elt\u00e1vol\u00edt\u00e1s<\/strong><\/h2>\n<p><span style=\"font-weight: 400;\">A rugalmas \u00e9s hajl\u00edthat\u00f3 platform biztos\u00edtja a modell k\u00f6nny\u0171 elt\u00e1vol\u00edt\u00e1s\u00e1t, minimaliz\u00e1lva a modell s\u00e9r\u00fcl\u00e9s\u00e9t. A kialak\u00edt\u00e1s kik\u00fcsz\u00f6b\u00f6li a rug\u00f3s any\u00e1k be\u00e1ll\u00edt\u00e1s\u00e1nak sz\u00fcks\u00e9gess\u00e9g\u00e9t. <\/span><\/p>\n<h2><strong>Gyors f\u00fav\u00f3kacsere<\/strong><\/h2>\n<p><span style=\"font-weight: 400;\">Gyorsan cser\u00e9lje ki a f\u00fav\u00f3k\u00e1t an\u00e9lk\u00fcl, hogy agg\u00f3dnia kellene az elt\u00f6m\u0151d\u00e9s miatt. Ez a funkci\u00f3 megtakar\u00edtja   <\/span><\/p>\n<p><span style=\"font-weight: 400;\">karbantart\u00e1si id\u0151 a nyomtat\u00e1si folyamat megszak\u00edt\u00e1sa n\u00e9lk\u00fcl.<\/span><\/p>\n<h2><strong>Sz\u00e9lesk\u00f6r\u0171 sz\u00e1lkompatibilit\u00e1s<\/strong><\/h2>\n<p><span style=\"font-weight: 400;\">A nyomtat\u00f3 extruderje az \u00e1ltal\u00e1nos \u00e9s m\u0171szaki sz\u00e1lak sz\u00e9les sk\u00e1l\u00e1j\u00e1t t\u00e1mogatja, \u00e9s ak\u00e1r 320\u00b0C-os h\u0151m\u00e9rs\u00e9kletet is el\u00e9rhet. Ez a kompatibilit\u00e1s mag\u00e1ban foglalja a PLA, ABS, HIPS, PC, TPE, PETG, ASA, PP, Nylon, s\u0151t m\u00e9g az \u00fcveg- \u00e9s sz\u00e9nsz\u00e1l-er\u0151s\u00edt\u00e9s\u0171 sz\u00e1lakat is. <\/span><\/p>\n<h2><strong>M\u0171szaki r\u00e9szletek:<\/strong><\/h2>\n<ul>\n<li style=\"font-weight: 400;\" aria-level=\"1\"><span style=\"font-weight: 400;\">Nyomtat\u00e1si technol\u00f3gia: FDM<\/span><\/li>\n<li style=\"font-weight: 400;\" aria-level=\"1\"><span style=\"font-weight: 400;\">\u00c9p\u00edt\u00e9si t\u00e9rfogat: 350x350x600mm<\/span><\/li>\n<li style=\"font-weight: 400;\" aria-level=\"1\"><span style=\"font-weight: 400;\">A term\u00e9k m\u00e9retei: 635x550x1070mm<\/span><\/li>\n<li style=\"font-weight: 400;\" aria-level=\"1\"><span style=\"font-weight: 400;\">Csomagol\u00e1si m\u00e9retek: 775x690x1235mm<\/span><\/li>\n<li style=\"font-weight: 400;\" aria-level=\"1\"><span style=\"font-weight: 400;\">S\u00faly: 70kg<\/span><\/li>\n<li style=\"font-weight: 400;\" aria-level=\"1\"><span style=\"font-weight: 400;\">Nyomtat\u00e1si sebess\u00e9g: \u2264250 mm\/s<\/span><\/li>\n<li style=\"font-weight: 400;\" aria-level=\"1\"><span style=\"font-weight: 400;\">Nyomtat\u00e1si pontoss\u00e1g: \u00b10,15 mm vagy \u00b10,002 mm<\/span><\/li>\n<li style=\"font-weight: 400;\" aria-level=\"1\"><span style=\"font-weight: 400;\">R\u00e9tegmagass\u00e1g: 0.05mm-0.4mm<\/span><\/li>\n<li style=\"font-weight: 400;\" aria-level=\"1\"><span style=\"font-weight: 400;\">Extruder: Egyetlen<\/span><\/li>\n<li style=\"font-weight: 400;\" aria-level=\"1\"><span style=\"font-weight: 400;\">Sz\u00e1l \u00e1tm\u00e9r\u0151: 1.75mm<\/span><\/li>\n<li style=\"font-weight: 400;\" aria-level=\"1\"><span style=\"font-weight: 400;\">F\u00fav\u00f3ka \u00e1tm\u00e9r\u0151: 0,4 mm (kompatibilis a 0,6 vagy 0,8 mm-es f\u00fav\u00f3k\u00e1val)<\/span><\/li>\n<li style=\"font-weight: 400;\" aria-level=\"1\"><span style=\"font-weight: 400;\">F\u00fav\u00f3ka h\u0151m\u00e9rs\u00e9klete: \u2264320\u00b0C<\/span><\/li>\n<li style=\"font-weight: 400;\" aria-level=\"1\"><span style=\"font-weight: 400;\">H\u0151\u00e1gy h\u0151m\u00e9rs\u00e9klete: 120\u00b0C<\/span><\/li>\n<li style=\"font-weight: 400;\" aria-level=\"1\"><span style=\"font-weight: 400;\">\u00c9p\u00edt\u00e9si fel\u00fclet: M\u00e1gneses rugalmas nyomtat\u00f3\u00e1gy<\/span><\/li>\n<li style=\"font-weight: 400;\" aria-level=\"1\"><span style=\"font-weight: 400;\">Szintez\u0151 \u00fczemm\u00f3d: Automatikus \u00e1gykiegyenl\u00edt\u00e9s<\/span><\/li>\n<li style=\"font-weight: 400;\" aria-level=\"1\"><span style=\"font-weight: 400;\">F\u00e1jl\u00e1tvitel: USB-k\u00e1bel, U-lemez, Ethernet, Wi-Fi<\/span><\/li>\n<li style=\"font-weight: 400;\" aria-level=\"1\"><span style=\"font-weight: 400;\">K\u00e9perny\u0151: k\u00e9perny\u0151: 7 h\u00fcvelykes<\/span><\/li>\n<li style=\"font-weight: 400;\" aria-level=\"1\"><span style=\"font-weight: 400;\">Megfigyel\u0151 kamera: T\u00e1voli kamera<\/span><\/li>\n<li style=\"font-weight: 400;\" aria-level=\"1\"><span style=\"font-weight: 400;\">Teljes\u00edtm\u00e9nyvesztes\u00e9g helyre\u00e1ll\u00edt\u00e1sa: Yes<\/span><\/li>\n<li style=\"font-weight: 400;\" aria-level=\"1\"><span style=\"font-weight: 400;\">Sz\u00e1l kifut\u00e1s\u00e9rz\u00e9kel\u0151: Igen<\/span><\/li>\n<li style=\"font-weight: 400;\" aria-level=\"1\"><span style=\"font-weight: 400;\">N\u00e9vleges fesz\u00fclts\u00e9g: AC100-240V<\/span><\/li>\n<li style=\"font-weight: 400;\" aria-level=\"1\"><span style=\"font-weight: 400;\">N\u00e9vleges teljes\u00edtm\u00e9ny: 6,25A, 650W<\/span><\/li>\n<li style=\"font-weight: 400;\" aria-level=\"1\"><span style=\"font-weight: 400;\">T\u00e1mogatott sz\u00e1lak: PLA, PETG, ASA, ABS, PC, PA, PLA-CF, PETG-CF, PETG-GF, PA-CF, PA-GF, PA-CF, PA-GF<\/span><\/li>\n<li style=\"font-weight: 400;\" aria-level=\"1\"><span style=\"font-weight: 400;\">Szeletel\u0151 szoftver: FlashPrint, Slic3r, Skeinforge, Cura (be kell \u00e1ll\u00edtani\uff09&#8230;<\/span><\/li>\n<li style=\"font-weight: 400;\" aria-level=\"1\"><span style=\"font-weight: 400;\">Nyomtathat\u00f3 f\u00e1jlform\u00e1tum: G-k\u00f3d, GX\/G<\/span><\/li>\n<li style=\"font-weight: 400;\" aria-level=\"1\"><span style=\"font-weight: 400;\">F\u00e1jlform\u00e1tumok szeletel\u00e9shez: 3MF, STL, OBJ, FPP, BMP, PNG, JPG, JPEG<\/span><\/li>\n<\/ul>\n","protected":false},"excerpt":{"rendered":"<p>A <strong>FlashForge Guider 3 PLUS <\/strong>egy m\u00e9rn\u00f6ki min\u0151s\u00e9g\u0171 3D nyomtat\u00f3, amely t\u00e1mogatja a nagym\u00e9ret\u0171 \u00e9s nagy t\u00f6meg\u0171 modellek gyors \u00e9s stabil nyomtat\u00e1s\u00e1t.<\/p>\n","protected":false},"featured_media":58721,"comment_status":"closed","ping_status":"closed","template":"","meta":{"_acf_changed":false},"product_brand":[],"product_cat":[1677,1679,1678,2244,1680],"product_tag":[],"brand":[],"class_list":{"0":"post-58719","1":"product","2":"type-product","3":"status-publish","4":"has-post-thumbnail","6":"product_cat-3d-nyomtato","7":"product_cat-elado","8":"product_cat-fdm-nyomtato","9":"product_cat-flashforge-fdm-nyomtatok","10":"product_cat-minden-3d-nyomtato","12":"first","13":"instock","14":"sale","15":"taxable","16":"shipping-taxable","17":"purchasable","18":"product-type-simple"},"acf":[],"_links":{"self":[{"href":"https:\/\/azurefilm.com\/hu\/wp-json\/wp\/v2\/product\/58719","targetHints":{"allow":["GET"]}}],"collection":[{"href":"https:\/\/azurefilm.com\/hu\/wp-json\/wp\/v2\/product"}],"about":[{"href":"https:\/\/azurefilm.com\/hu\/wp-json\/wp\/v2\/types\/product"}],"replies":[{"embeddable":true,"href":"https:\/\/azurefilm.com\/hu\/wp-json\/wp\/v2\/comments?post=58719"}],"wp:featuredmedia":[{"embeddable":true,"href":"https:\/\/azurefilm.com\/hu\/wp-json\/wp\/v2\/media\/58721"}],"wp:attachment":[{"href":"https:\/\/azurefilm.com\/hu\/wp-json\/wp\/v2\/media?parent=58719"}],"wp:term":[{"taxonomy":"product_brand","embeddable":true,"href":"https:\/\/azurefilm.com\/hu\/wp-json\/wp\/v2\/product_brand?post=58719"},{"taxonomy":"product_cat","embeddable":true,"href":"https:\/\/azurefilm.com\/hu\/wp-json\/wp\/v2\/product_cat?post=58719"},{"taxonomy":"product_tag","embeddable":true,"href":"https:\/\/azurefilm.com\/hu\/wp-json\/wp\/v2\/product_tag?post=58719"},{"taxonomy":"brand","embeddable":true,"href":"https:\/\/azurefilm.com\/hu\/wp-json\/wp\/v2\/brand?post=58719"}],"curies":[{"name":"wp","href":"https:\/\/api.w.org\/{rel}","templated":true}]}}