
{"id":58720,"date":"2023-10-29T14:28:24","date_gmt":"2023-10-29T14:28:24","guid":{"rendered":"https:\/\/azurefilm.com\/product\/micro-swiss-all-metal-hotend-keszlet-flashforge-hoz\/"},"modified":"2023-10-29T14:28:24","modified_gmt":"2023-10-29T14:28:24","slug":"micro-swiss-all-metal-hotend-keszlet-flashforge-hoz","status":"publish","type":"product","link":"https:\/\/azurefilm.com\/hu\/termek\/micro-swiss-all-metal-hotend-keszlet-flashforge-hoz\/","title":{"rendered":"Micro Swiss All Metal Hotend k\u00e9szlet Flashforge-hoz"},"content":{"rendered":"<h2><strong>F\u0151bb jellemz\u0151k:<\/strong><\/h2>\n<p>Ez egy teljesen f\u00e9mb\u0151l k\u00e9sz\u00fclt hotend friss\u00edt\u0151 k\u00e9szlet a Flashforge Finder \u00e9s a Flashforge Guider 2S modellekhez. A teljesen f\u00e9mb\u0151l k\u00e9sz\u00fclt hotend lehet\u0151v\u00e9 teszi, hogy sokkal magasabb h\u0151m\u00e9rs\u00e9kleten nyomtasson, mint az eredeti PTFE-b\u00e9l\u00e9s\u0171vel lehets\u00e9ges. A teljesen f\u00e9mb\u0151l k\u00e9sz\u00fclt hotend kialak\u00edt\u00e1s\u00e1nak m\u00e1sik el\u0151nye a k\u00f6vetkezetesebb olvad\u00e9kkamra-szab\u00e1lyoz\u00e1s. Lass\u00fa extrud\u00e1l\u00e1si sebess\u00e9gn\u00e9l a PTFE-b\u00e9l\u00e9s\u0171 hotendben a szil\u00e1rd \u00e9s az olvadt m\u0171anyag k\u00f6z\u00f6tti \u00e1tmeneti z\u00f3na hajlamos felfel\u00e9 k\u00faszni, ami sz\u00e1lasabb nyomatokat eredm\u00e9nyez. A teljesen f\u00e9mb\u0151l k\u00e9sz\u00fclt kialak\u00edt\u00e1sn\u00e1l az \u00e1tmeneti z\u00f3na mindig \u00e1lland\u00f3, mivel k\u00f6zvetlen\u00fcl a h\u0151t\u00f6r\u00e9sn\u00e9l helyezkedik el. Gyors extrud\u00e1l\u00e1si sebess\u00e9g eset\u00e9n a PTFE-cs\u0151nek nincs el\u00e9g h\u0151vezet\u0151 k\u00e9pess\u00e9ge ahhoz, hogy megfelel\u0151en megolvassza az \u00f6sszes kij\u00f6v\u0151 m\u0171anyagot. A teljesen f\u00e9mb\u0151l k\u00e9sz\u00fclt hotend megoldja ezt a probl\u00e9m\u00e1t, a m\u0171anyagot egy h\u0151vezet\u0151 f\u00fav\u00f3ka veszi k\u00f6r\u00fcl teljes hossz\u00e1ban.      <\/p>\n<h2><strong>Alkalmas a k\u00f6vetkez\u0151 3D nyomtat\u00f3khoz:<\/strong><\/h2>\n<ul>\n<li>FlashForge Finder<\/li>\n<li>FlashForge Inventor 2<\/li>\n<li>FlashForge Guider 2 (R\u00e9gebbi verzi\u00f3, a f\u0171t\u0151blokk feletti f\u00e9mlemez n\u00e9lk\u00fcl)<\/li>\n<li>FlashForge Guider 2S<\/li>\n<li>Dremel 3D40 Idea Builder<\/li>\n<\/ul>\n<h2><strong>Telep\u00edt\u00e9s:<\/strong><\/h2>\n<p><iframe loading=\"lazy\" class=\"allowed-iframe\" src=\"https:\/\/www.youtube.com\/embed\/G04dj9DcJUI\" width=\"900\" height=\"500\"><\/iframe><\/p>\n<p>&nbsp;<\/p>\n","protected":false},"excerpt":{"rendered":"<p><strong>A Micro Swiss All Metal Hotend Kit for Flashforge<\/strong> 1 db bevonatos s\u00e1rgar\u00e9z kop\u00e1s\u00e1ll\u00f3 f\u00fav\u00f3k\u00e1b\u00f3l, 1 db h\u0151cs\u0151b\u0151l \u00e9s 2 db lekv\u00e1rany\u00e1b\u00f3l \u00e1ll.<\/p>\n","protected":false},"featured_media":58725,"comment_status":"closed","ping_status":"closed","template":"","meta":{"_acf_changed":false},"product_brand":[],"product_cat":[2243,1679,2232,2247,2222,2226,2224,2221],"product_tag":[],"brand":[],"class_list":{"0":"post-58720","1":"product","2":"type-product","3":"status-publish","4":"has-post-thumbnail","6":"product_cat-edzett-es-kopasallo-fuvokak","7":"product_cat-elado","8":"product_cat-extruder-alkatreszek","9":"product_cat-extruder-frissitesek","10":"product_cat-extruders-hu","11":"product_cat-fuvoszarnyak","12":"product_cat-minden-potalkatresz","13":"product_cat-potalkatreszek","14":"pa_compatible-with-creality-fdm-3d-printers","15":"pa_fits-printer-flashforge-guider-2","16":"pa_fits-printer-flashforge-guider-2s","18":"first","19":"instock","20":"sale","21":"taxable","22":"shipping-taxable","23":"purchasable","24":"product-type-simple"},"acf":[],"_links":{"self":[{"href":"https:\/\/azurefilm.com\/hu\/wp-json\/wp\/v2\/product\/58720","targetHints":{"allow":["GET"]}}],"collection":[{"href":"https:\/\/azurefilm.com\/hu\/wp-json\/wp\/v2\/product"}],"about":[{"href":"https:\/\/azurefilm.com\/hu\/wp-json\/wp\/v2\/types\/product"}],"replies":[{"embeddable":true,"href":"https:\/\/azurefilm.com\/hu\/wp-json\/wp\/v2\/comments?post=58720"}],"wp:featuredmedia":[{"embeddable":true,"href":"https:\/\/azurefilm.com\/hu\/wp-json\/wp\/v2\/media\/58725"}],"wp:attachment":[{"href":"https:\/\/azurefilm.com\/hu\/wp-json\/wp\/v2\/media?parent=58720"}],"wp:term":[{"taxonomy":"product_brand","embeddable":true,"href":"https:\/\/azurefilm.com\/hu\/wp-json\/wp\/v2\/product_brand?post=58720"},{"taxonomy":"product_cat","embeddable":true,"href":"https:\/\/azurefilm.com\/hu\/wp-json\/wp\/v2\/product_cat?post=58720"},{"taxonomy":"product_tag","embeddable":true,"href":"https:\/\/azurefilm.com\/hu\/wp-json\/wp\/v2\/product_tag?post=58720"},{"taxonomy":"brand","embeddable":true,"href":"https:\/\/azurefilm.com\/hu\/wp-json\/wp\/v2\/brand?post=58720"}],"curies":[{"name":"wp","href":"https:\/\/api.w.org\/{rel}","templated":true}]}}