
{"id":58743,"date":"2023-10-29T14:20:10","date_gmt":"2023-10-29T14:20:10","guid":{"rendered":"https:\/\/azurefilm.com\/?post_type=product&#038;p=58743"},"modified":"2025-08-22T11:20:34","modified_gmt":"2025-08-22T11:20:34","slug":"nylon-szal-fekete","status":"publish","type":"product","link":"https:\/\/azurefilm.com\/hu\/termek\/nylon-szal-fekete\/","title":{"rendered":"NYLON sz\u00e1l Fekete"},"content":{"rendered":"<h2><b>NYLON sz\u00e1lak<\/b><\/h2>\n<p><span style=\"font-weight: 400;\">Az AzureFilm NYLON sz\u00e1lak <\/span><b>ipari sz\u00e1lak<\/b><span style=\"font-weight: 400;\"> szintetikus polimerekb\u0151l k\u00e9sz\u00fclnek, amelyek nagyszer\u0171 mechanikai, k\u00e9miai \u00e9s rugalmas tulajdons\u00e1gokkal rendelkeznek. Ez az anyag <\/span><b>rendk\u00edv\u00fcl er\u0151s, tart\u00f3s \u00e9s sokoldal\u00fa<\/b><span style=\"font-weight: 400;\"> m\u00e1s m\u0171szaki sz\u00e1lakhoz k\u00e9pest. A NYLON r\u00e1ad\u00e1sul <\/span><b>ellen\u00e1ll a l\u00fagok okozta korr\u00f3zi\u00f3nak<\/b><span style=\"font-weight: 400;\"> \u00e9s o<\/span><b>egy\u00e9b szerves vegyi anyagok<\/b><span style=\"font-weight: 400;\">, \u00edgy sokoldal\u00fa 3D nyomtat\u00e1si sz\u00e1l, amely sz\u00e1mos mechanikai k\u00f6vetelm\u00e9nyt k\u00e9pes megoldani a m\u00e9rn\u00f6k\u00f6k \u00e9s gy\u00e1rt\u00f3k sz\u00e1m\u00e1ra. Tulajdons\u00e1gai miatt a NYLON-t funkcion\u00e1lis protot\u00edpusok, k\u00fcl\u00f6nb\u00f6z\u0151 t\u00edpus\u00fa szersz\u00e1mok, mechanikai alkatr\u00e9szek \u00e9s olyan v\u00e9gfelhaszn\u00e1l\u00e1si alkatr\u00e9szek l\u00e9trehoz\u00e1s\u00e1ra haszn\u00e1lj\u00e1k, amelyekhez tart\u00f3ss\u00e1gra \u00e9s kop\u00e1s\u00e1ll\u00f3s\u00e1gra van sz\u00fcks\u00e9g. <\/span><\/p>\n<p><span style=\"font-weight: 400;\">Minden NYLON sz\u00e1l rendk\u00edv\u00fcl <\/span><b>\u00e9rz\u00e9keny a nedvess\u00e9gre<\/b><span style=\"font-weight: 400;\">, ez\u00e9rt javasoljuk, hogy a t\u00e1rol\u00e1s sor\u00e1n sz\u00e1r\u00edt\u00e1si int\u00e9zked\u00e9seket tegyen. <\/span><b>Tartsa az ors\u00f3t sz\u00e1raz \u00e9s h\u0171v\u00f6s helyen.<\/b><span style=\"font-weight: 400;\"> a jobb min\u0151s\u00e9g\u0171 nyomatok garant\u00e1l\u00e1sa \u00e9rdek\u00e9ben.<\/span><\/p>\n<h3><strong>NYLON sz\u00e1l Fekete<\/strong><\/h3>\n<p>Fedezze fel a r\u00e9tegek k\u00f6z\u00f6tti tapad\u00e1s \u00e9s az alacsony s\u00farl\u00f3d\u00e1s vil\u00e1g\u00e1t, \u00e9s kezdjen el nyomtatni a NYLON filament Black sz\u00e1lunkkal.<\/p>\n<p><span style=\"font-weight: 400;\">Ha t\u00f6bbet szeretne megtudni a NYLON sz\u00e1lakr\u00f3l, olvassa el blogunkat. <\/span><span style=\"font-weight: 400;\"><br \/>\n<\/span><\/p>\n<p><span style=\"font-weight: 400;\">Hozz\u00e1f\u00e9rhet a <\/span><b>M\u0171szaki adatlap<\/b><span style=\"font-weight: 400;\"><a href=\"https:\/\/azurefilm.com\/hu\/technical-data-sheets\/\"> itt<\/a>.<\/span><\/p>\n<h3><strong>Nyomtat\u00e1si aj\u00e1nl\u00e1sok:<\/strong><\/h3>\n<ul>\n<li style=\"font-weight: 400;\" aria-level=\"1\"><span style=\"font-weight: 400;\">A legjobb eredm\u00e9nyt 260-280\u00b0C-on nyomtatva \u00e9rheti el. <\/span><\/li>\n<li style=\"font-weight: 400;\" aria-level=\"1\"><span style=\"font-weight: 400;\">A nyomtat\u00f3asztal aj\u00e1nlott h\u0151m\u00e9rs\u00e9klete 90-110\u00b0C. <\/span><\/li>\n<li style=\"font-weight: 400;\" aria-level=\"1\"><span style=\"font-weight: 400;\">Haszn\u00e1ljon \u00fcveg\u00e1gyat, Kapton vagy k\u00e9k szalagot az \u00e9p\u00edt\u00e9si platformhoz Dimafix spray-vel.<\/span><\/li>\n<\/ul>\n<p><i><span style=\"font-weight: 400;\">*A k\u00fcl\u00f6nb\u00f6z\u0151 nyomtat\u00f3k haszn\u00e1lata eset\u00e9n az ide\u00e1lis h\u0151m\u00e9rs\u00e9klet elt\u00e9r\u0151 lehet.<\/span><\/i><\/p>\n","protected":false},"excerpt":{"rendered":"<p>Fedezze fel a r\u00e9tegek k\u00f6z\u00f6tti tapad\u00e1s \u00e9s az alacsony s\u00farl\u00f3d\u00e1s vil\u00e1g\u00e1t, \u00e9s kezdjen el nyomtatni a NYLON filament Black sz\u00e1lunkkal.<\/p>\n","protected":false},"featured_media":58748,"comment_status":"closed","ping_status":"closed","template":"","meta":{"_acf_changed":false},"product_brand":[],"product_cat":[1686,1688,2543],"product_tag":[],"brand":[1682],"class_list":{"0":"post-58743","1":"product","2":"type-product","3":"status-publish","4":"has-post-thumbnail","6":"product_cat-3d-filmek","7":"product_cat-minden-film","8":"product_cat-nylon-szalak","9":"pa_colour-fekete","10":"pa_filament-diameter-2-85mm-hu","11":"pa_filament-weight-1000g-hu","12":"brand-azurefilm-hu","14":"first","15":"outofstock","16":"taxable","17":"shipping-taxable","18":"purchasable","19":"product-type-variable","20":"has-default-attributes"},"acf":[],"_links":{"self":[{"href":"https:\/\/azurefilm.com\/hu\/wp-json\/wp\/v2\/product\/58743","targetHints":{"allow":["GET"]}}],"collection":[{"href":"https:\/\/azurefilm.com\/hu\/wp-json\/wp\/v2\/product"}],"about":[{"href":"https:\/\/azurefilm.com\/hu\/wp-json\/wp\/v2\/types\/product"}],"replies":[{"embeddable":true,"href":"https:\/\/azurefilm.com\/hu\/wp-json\/wp\/v2\/comments?post=58743"}],"wp:featuredmedia":[{"embeddable":true,"href":"https:\/\/azurefilm.com\/hu\/wp-json\/wp\/v2\/media\/58748"}],"wp:attachment":[{"href":"https:\/\/azurefilm.com\/hu\/wp-json\/wp\/v2\/media?parent=58743"}],"wp:term":[{"taxonomy":"product_brand","embeddable":true,"href":"https:\/\/azurefilm.com\/hu\/wp-json\/wp\/v2\/product_brand?post=58743"},{"taxonomy":"product_cat","embeddable":true,"href":"https:\/\/azurefilm.com\/hu\/wp-json\/wp\/v2\/product_cat?post=58743"},{"taxonomy":"product_tag","embeddable":true,"href":"https:\/\/azurefilm.com\/hu\/wp-json\/wp\/v2\/product_tag?post=58743"},{"taxonomy":"brand","embeddable":true,"href":"https:\/\/azurefilm.com\/hu\/wp-json\/wp\/v2\/brand?post=58743"}],"curies":[{"name":"wp","href":"https:\/\/api.w.org\/{rel}","templated":true}]}}