
{"id":58744,"date":"2023-10-29T14:28:24","date_gmt":"2023-10-29T14:28:24","guid":{"rendered":"https:\/\/azurefilm.com\/product\/csapagyak\/"},"modified":"2025-09-24T21:08:28","modified_gmt":"2025-09-24T21:08:28","slug":"csapagyak","status":"publish","type":"product","link":"https:\/\/azurefilm.com\/hu\/termek\/csapagyak\/","title":{"rendered":"Csap\u00e1gyak"},"content":{"rendered":"<h2><strong>M\u00e9retek:<\/strong><\/h2>\n<ul>\n<li>K\u00fcls\u0151 7 mm x bels\u0151 3 mm x vastags\u00e1g 3 mm,<\/li>\n<li>K\u00fcls\u0151 10 mm x bels\u0151 3 mm x vastags\u00e1g 4 mm,<\/li>\n<li>K\u00fcls\u0151 13 mm x bels\u0151 4 mm x vastags\u00e1g 5 mm,<\/li>\n<li>K\u00fcls\u0151 16 mm x bels\u0151 5 mm x vastags\u00e1g 5 mm,<\/li>\n<li>K\u00fcls\u0151 16 mm x bels\u0151 8 mm x vastags\u00e1g 5 mm,<\/li>\n<li>K\u00fcls\u0151 19 mm x bels\u0151 6 mm x vastags\u00e1g 6 mm,<\/li>\n<li>K\u00fcls\u0151 22mm x bels\u0151 8mm x vastags\u00e1g 7mm.<\/li>\n<\/ul>\n","protected":false},"excerpt":{"rendered":"<p><strong>Csap\u00e1gyak<\/strong> 7 k\u00fcl\u00f6nb\u00f6z\u0151 m\u00e9retben.<\/p>\n","protected":false},"featured_media":58755,"comment_status":"closed","ping_status":"closed","template":"","meta":{"_acf_changed":false},"product_brand":[],"product_cat":[2257,1679,2224,2221],"product_tag":[],"brand":[],"class_list":{"0":"post-58744","1":"product","2":"type-product","3":"status-publish","4":"has-post-thumbnail","6":"product_cat-csapagyak-es-vezetok","7":"product_cat-elado","8":"product_cat-minden-potalkatresz","9":"product_cat-potalkatreszek","11":"first","12":"instock","13":"sale","14":"taxable","15":"shipping-taxable","16":"purchasable","17":"product-type-variable"},"acf":[],"_links":{"self":[{"href":"https:\/\/azurefilm.com\/hu\/wp-json\/wp\/v2\/product\/58744","targetHints":{"allow":["GET"]}}],"collection":[{"href":"https:\/\/azurefilm.com\/hu\/wp-json\/wp\/v2\/product"}],"about":[{"href":"https:\/\/azurefilm.com\/hu\/wp-json\/wp\/v2\/types\/product"}],"replies":[{"embeddable":true,"href":"https:\/\/azurefilm.com\/hu\/wp-json\/wp\/v2\/comments?post=58744"}],"wp:featuredmedia":[{"embeddable":true,"href":"https:\/\/azurefilm.com\/hu\/wp-json\/wp\/v2\/media\/58755"}],"wp:attachment":[{"href":"https:\/\/azurefilm.com\/hu\/wp-json\/wp\/v2\/media?parent=58744"}],"wp:term":[{"taxonomy":"product_brand","embeddable":true,"href":"https:\/\/azurefilm.com\/hu\/wp-json\/wp\/v2\/product_brand?post=58744"},{"taxonomy":"product_cat","embeddable":true,"href":"https:\/\/azurefilm.com\/hu\/wp-json\/wp\/v2\/product_cat?post=58744"},{"taxonomy":"product_tag","embeddable":true,"href":"https:\/\/azurefilm.com\/hu\/wp-json\/wp\/v2\/product_tag?post=58744"},{"taxonomy":"brand","embeddable":true,"href":"https:\/\/azurefilm.com\/hu\/wp-json\/wp\/v2\/brand?post=58744"}],"curies":[{"name":"wp","href":"https:\/\/api.w.org\/{rel}","templated":true}]}}