
{"id":58760,"date":"2023-10-29T14:28:24","date_gmt":"2023-10-29T14:28:24","guid":{"rendered":"https:\/\/azurefilm.com\/product\/konzol-a-8-10-12-mm-es-vezetohoz\/"},"modified":"2023-10-29T14:28:24","modified_gmt":"2023-10-29T14:28:24","slug":"konzol-a-8-10-12-mm-es-vezetohoz","status":"publish","type":"product","link":"https:\/\/azurefilm.com\/hu\/termek\/konzol-a-8-10-12-mm-es-vezetohoz\/","title":{"rendered":"Konzol a 8\/10\/12 mm-es vezet\u0151h\u00f6z"},"content":{"rendered":"<h4>Konzol a 8\/10\/12 mm-es vezet\u0151h\u00f6z<\/h4>\n<h3><strong>Konzol az \u00fatmutat\u00f3hoz a m\u00e9retekben:<\/strong><\/h3>\n<ul>\n<li>8mm<\/li>\n<li>10mm<\/li>\n<li>12mm<\/li>\n<\/ul>\n","protected":false},"excerpt":{"rendered":"<h4>Konzol a 8\/10\/12 mm-es vezet\u0151h\u00f6z<\/h4>\n","protected":false},"featured_media":58761,"comment_status":"closed","ping_status":"closed","template":"","meta":{"_acf_changed":false},"product_brand":[],"product_cat":[2257,1679,2224,2221],"product_tag":[],"brand":[],"class_list":{"0":"post-58760","1":"product","2":"type-product","3":"status-publish","4":"has-post-thumbnail","6":"product_cat-csapagyak-es-vezetok","7":"product_cat-elado","8":"product_cat-minden-potalkatresz","9":"product_cat-potalkatreszek","11":"first","12":"instock","13":"sale","14":"taxable","15":"shipping-taxable","16":"purchasable","17":"product-type-variable"},"acf":[],"_links":{"self":[{"href":"https:\/\/azurefilm.com\/hu\/wp-json\/wp\/v2\/product\/58760","targetHints":{"allow":["GET"]}}],"collection":[{"href":"https:\/\/azurefilm.com\/hu\/wp-json\/wp\/v2\/product"}],"about":[{"href":"https:\/\/azurefilm.com\/hu\/wp-json\/wp\/v2\/types\/product"}],"replies":[{"embeddable":true,"href":"https:\/\/azurefilm.com\/hu\/wp-json\/wp\/v2\/comments?post=58760"}],"wp:featuredmedia":[{"embeddable":true,"href":"https:\/\/azurefilm.com\/hu\/wp-json\/wp\/v2\/media\/58761"}],"wp:attachment":[{"href":"https:\/\/azurefilm.com\/hu\/wp-json\/wp\/v2\/media?parent=58760"}],"wp:term":[{"taxonomy":"product_brand","embeddable":true,"href":"https:\/\/azurefilm.com\/hu\/wp-json\/wp\/v2\/product_brand?post=58760"},{"taxonomy":"product_cat","embeddable":true,"href":"https:\/\/azurefilm.com\/hu\/wp-json\/wp\/v2\/product_cat?post=58760"},{"taxonomy":"product_tag","embeddable":true,"href":"https:\/\/azurefilm.com\/hu\/wp-json\/wp\/v2\/product_tag?post=58760"},{"taxonomy":"brand","embeddable":true,"href":"https:\/\/azurefilm.com\/hu\/wp-json\/wp\/v2\/brand?post=58760"}],"curies":[{"name":"wp","href":"https:\/\/api.w.org\/{rel}","templated":true}]}}