
{"id":58781,"date":"2023-10-29T14:28:24","date_gmt":"2023-10-29T14:28:24","guid":{"rendered":"https:\/\/azurefilm.com\/product\/aluminium-bowden-mk8\/"},"modified":"2023-10-29T14:28:24","modified_gmt":"2023-10-29T14:28:24","slug":"aluminium-bowden-mk8","status":"publish","type":"product","link":"https:\/\/azurefilm.com\/hu\/termek\/aluminium-bowden-mk8\/","title":{"rendered":"Alum\u00ednium bowden MK8"},"content":{"rendered":"<h2><strong>F\u0151bb jellemz\u0151k:<\/strong><\/h2>\n<ul>\n<li>MK8<\/li>\n<li>f\u00fav\u00f3ka: 0.4mm<\/li>\n<li>t\u00e1mogat\u00e1s: sz\u00e1l: 1,75 mm\/3 mm-es sz\u00e1l<\/li>\n<li>minden &#8211; f\u00e9m extruder<\/li>\n<li>k\u00f6zvetlen meghajt\u00f3 extruder<\/li>\n<li>42 l\u00e9ptet\u0151motorhoz alkalmas<\/li>\n<li>r\u00f6vid vagy t\u00e1voli extruderrel is m\u0171k\u00f6dtethet\u0151<\/li>\n<\/ul>\n","protected":false},"excerpt":{"rendered":"<p><strong>Alum\u00ednium bowden MK8<\/strong> 1,75\/2,85 mm-es izz\u00f3sz\u00e1lakhoz, minden f\u00e9mb\u0151l.<\/p>\n","protected":false},"featured_media":58783,"comment_status":"closed","ping_status":"closed","template":"","meta":{"_acf_changed":false},"product_brand":[],"product_cat":[1679,2223,2247,2222,2224,2221],"product_tag":[],"brand":[],"class_list":{"0":"post-58781","1":"product","2":"type-product","3":"status-publish","4":"has-post-thumbnail","6":"product_cat-elado","7":"product_cat-extruder-hu","8":"product_cat-extruder-frissitesek","9":"product_cat-extruders-hu","10":"product_cat-minden-potalkatresz","11":"product_cat-potalkatreszek","13":"first","14":"instock","15":"sale","16":"taxable","17":"shipping-taxable","18":"purchasable","19":"product-type-simple"},"acf":[],"_links":{"self":[{"href":"https:\/\/azurefilm.com\/hu\/wp-json\/wp\/v2\/product\/58781","targetHints":{"allow":["GET"]}}],"collection":[{"href":"https:\/\/azurefilm.com\/hu\/wp-json\/wp\/v2\/product"}],"about":[{"href":"https:\/\/azurefilm.com\/hu\/wp-json\/wp\/v2\/types\/product"}],"replies":[{"embeddable":true,"href":"https:\/\/azurefilm.com\/hu\/wp-json\/wp\/v2\/comments?post=58781"}],"wp:featuredmedia":[{"embeddable":true,"href":"https:\/\/azurefilm.com\/hu\/wp-json\/wp\/v2\/media\/58783"}],"wp:attachment":[{"href":"https:\/\/azurefilm.com\/hu\/wp-json\/wp\/v2\/media?parent=58781"}],"wp:term":[{"taxonomy":"product_brand","embeddable":true,"href":"https:\/\/azurefilm.com\/hu\/wp-json\/wp\/v2\/product_brand?post=58781"},{"taxonomy":"product_cat","embeddable":true,"href":"https:\/\/azurefilm.com\/hu\/wp-json\/wp\/v2\/product_cat?post=58781"},{"taxonomy":"product_tag","embeddable":true,"href":"https:\/\/azurefilm.com\/hu\/wp-json\/wp\/v2\/product_tag?post=58781"},{"taxonomy":"brand","embeddable":true,"href":"https:\/\/azurefilm.com\/hu\/wp-json\/wp\/v2\/brand?post=58781"}],"curies":[{"name":"wp","href":"https:\/\/api.w.org\/{rel}","templated":true}]}}