
{"id":58786,"date":"2023-10-29T14:28:24","date_gmt":"2023-10-29T14:28:24","guid":{"rendered":"https:\/\/azurefilm.com\/product\/creality-cr-10-max-aluminium-450-x-450mm\/"},"modified":"2025-07-25T23:52:17","modified_gmt":"2025-07-25T23:52:17","slug":"creality-cr-10-max-aluminium-450-x-450mm","status":"publish","type":"product","link":"https:\/\/azurefilm.com\/hu\/termek\/creality-cr-10-max-aluminium-450-x-450mm\/","title":{"rendered":"Creality CR-10 MAX alum\u00ednium 450 x 450mm"},"content":{"rendered":"<p><strong>Alkalmas:<\/strong><\/p>\n<ul>\n<li><a href=\"https:\/\/azurefilm.com\/en\/pla-filaments\">PLA<\/a>, <a href=\"https:\/\/azurefilm.com\/en\/abs-plus-filaments\">ABS<\/a>, HIPS, <a href=\"https:\/\/azurefilm.com\/en\/petg-filaments\">PETG<\/a>, TPE filament, nylon, PC, RETT anyag.<\/li>\n<\/ul>\n<p><strong>Specifik\u00e1ci\u00f3k:<\/strong><\/p>\n<ul>\n<li>M\u00e9ret: 450 x 450mm<\/li>\n<li>S\u00faly: kb. 1 kg<\/li>\n<li>Anyag: Alum\u00ednium \u00f6tv\u00f6zet<\/li>\n<li>Alkalmas: MAX 3D nyomtat\u00f3hoz<\/li>\n<\/ul>\n<p><strong>K\u00fcl\u00f6nb\u00f6z\u0151 sz\u00e1lak h\u0151m\u00e9rs\u00e9kleti be\u00e1ll\u00edt\u00e1sai:<\/strong><\/p>\n<ul>\n<li><a href=\"https:\/\/azurefilm.com\/hu\/3d-filmek\/pla-szalak\/\">PLA<\/a>: 50-70\u00baC<\/li>\n<li><a href=\"https:\/\/azurefilm.com\/hu\/3d-filmek\/rugalmas-szalak\/\">Rugalmas sz\u00e1l<\/a>: 50-70\u00baC<\/li>\n<li><a href=\"https:\/\/azurefilm.com\/hu\/3d-filmek\/abs-filaments-hu\/\">ABS<\/a>: 100-125\u00baC (110\u00baC aj\u00e1nlott)<\/li>\n<li><a href=\"https:\/\/azurefilm.com\/hu\/3d-filmek\/petg-szalak\/\">PETG<\/a>: 80-90\u00baC<\/li>\n<\/ul>\n","protected":false},"excerpt":{"rendered":"<p>Alum\u00ednium f\u0171t\u00f6tt \u00e1gy plat\u00f3 Creality CR-10 MAX m\u00e9ret 450 x 450mm<\/p>\n","protected":false},"featured_media":58788,"comment_status":"closed","ping_status":"closed","template":"","meta":{"_acf_changed":false},"product_brand":[],"product_cat":[2221,1679,2224],"product_tag":[],"brand":[],"class_list":{"0":"post-58786","1":"product","2":"type-product","3":"status-publish","4":"has-post-thumbnail","6":"product_cat-potalkatreszek","7":"product_cat-elado","8":"product_cat-minden-potalkatresz","10":"first","11":"outofstock","12":"sale","13":"taxable","14":"shipping-taxable","15":"purchasable","16":"product-type-simple"},"acf":[],"_links":{"self":[{"href":"https:\/\/azurefilm.com\/hu\/wp-json\/wp\/v2\/product\/58786","targetHints":{"allow":["GET"]}}],"collection":[{"href":"https:\/\/azurefilm.com\/hu\/wp-json\/wp\/v2\/product"}],"about":[{"href":"https:\/\/azurefilm.com\/hu\/wp-json\/wp\/v2\/types\/product"}],"replies":[{"embeddable":true,"href":"https:\/\/azurefilm.com\/hu\/wp-json\/wp\/v2\/comments?post=58786"}],"wp:featuredmedia":[{"embeddable":true,"href":"https:\/\/azurefilm.com\/hu\/wp-json\/wp\/v2\/media\/58788"}],"wp:attachment":[{"href":"https:\/\/azurefilm.com\/hu\/wp-json\/wp\/v2\/media?parent=58786"}],"wp:term":[{"taxonomy":"product_brand","embeddable":true,"href":"https:\/\/azurefilm.com\/hu\/wp-json\/wp\/v2\/product_brand?post=58786"},{"taxonomy":"product_cat","embeddable":true,"href":"https:\/\/azurefilm.com\/hu\/wp-json\/wp\/v2\/product_cat?post=58786"},{"taxonomy":"product_tag","embeddable":true,"href":"https:\/\/azurefilm.com\/hu\/wp-json\/wp\/v2\/product_tag?post=58786"},{"taxonomy":"brand","embeddable":true,"href":"https:\/\/azurefilm.com\/hu\/wp-json\/wp\/v2\/brand?post=58786"}],"curies":[{"name":"wp","href":"https:\/\/api.w.org\/{rel}","templated":true}]}}