
{"id":58792,"date":"2023-10-29T14:28:49","date_gmt":"2023-10-29T14:28:49","guid":{"rendered":"https:\/\/azurefilm.com\/product\/3dlac-plus\/"},"modified":"2023-10-29T14:28:49","modified_gmt":"2023-10-29T14:28:49","slug":"3dlac-plus","status":"publish","type":"product","link":"https:\/\/azurefilm.com\/hu\/termek\/3dlac-plus\/","title":{"rendered":"3DLAC Plus"},"content":{"rendered":"<h2><strong>F\u0151bb jellemz\u0151k:<\/strong><\/h2>\n<p>A 3D nyomtat\u00e1sban elengedhetetlen a nyomat j\u00f3 tapad\u00e1sa a nyomtat\u00f3\u00e1gyhoz! Ha a nyomtat\u00e1s sor\u00e1n biztons\u00e1gosan szeretn\u00e9 tartani a nyomatot, \u00e9s el akarja ker\u00fclni a deform\u00e1ci\u00f3kat, haszn\u00e1lja a 3Dlac 100ml-t. A 3Dlac egy \u00faj aeroszolos spray ragaszt\u00f3 a f\u0171t\u00f6tt nyomtat\u00f3\u00e1gy\u00fa 3D nyomtat\u00f3khoz, amely megakad\u00e1lyozza a nagym\u00e9ret\u0171 t\u00e1rgyak deform\u00e1ci\u00f3j\u00e1t. Ha az \u00e1gyat 60\u00b0C f\u00f6l\u00e9 meleg\u00edtj\u00fck, a spray er\u0151s k\u00f6t\u00e9st biztos\u00edt az els\u0151 r\u00e9teg \u00e9s a build plate k\u00f6z\u00f6tt. A nyomatok k\u00f6nnyen elt\u00e1vol\u00edthat\u00f3k a build plate-r\u0151l, mivel a 3Dlac 60\u00b0C alatt inakt\u00edvv\u00e1 v\u00e1lik. A 3Dlac 100ml &#8211; Fix\u00e1l\u00f3 spray er\u0151s k\u00f6t\u00e9st biztos\u00edt a m\u0171anyag \u00e9s az \u00fcveg k\u00f6z\u00f6tt, amely sz\u00fcks\u00e9g eset\u00e9n k\u00f6nnyen megszak\u00edthat\u00f3. A spray teljes m\u00e9rt\u00e9kben old\u00f3dik v\u00edzben, \u00edgy a build plate tiszt\u00edt\u00e1sa egyszer\u0171 folyamat.      <\/p>\n<h2><strong>Hogyan befoly\u00e1solj\u00e1k a k\u00fcl\u00f6nb\u00f6z\u0151 h\u0151m\u00e9rs\u00e9kletek a tapad\u00e1si szinteket:<\/strong><\/h2>\n<ul>\n<li>60 \u00b0C alatt: nincs tapad\u00e1s, a t\u00e1rgyak lev\u00e1lhatnak a lemezr\u0151l.<\/li>\n<li>60 &#8211; 75\u00baC: k\u00f6zepes tapad\u00e1s, egyszer\u0171 geometri\u00e1khoz.<\/li>\n<li>75-95\u00baC: magas tapad\u00e1s, \u00f6sszetett geometri\u00e1khoz \u00e9s hossz\u00fa nyomatokhoz.<\/li>\n<li>95\u00baC felett: Nagyon magas tapad\u00e1s, nagyon \u00f6sszetett geometri\u00e1khoz \u00e9s nagyon hossz\u00fa nyomatokhoz.<\/li>\n<\/ul>\n<h2><strong>Hogyan kell haszn\u00e1lni a 3DLAC Plus:<\/strong><\/h2>\n<ul>\n<li>Tiszt\u00edtsa meg a 3D nyomtat\u00f3 \u00e9p\u00edt\u0151lemez\u00e9t<\/li>\n<li>Gy\u0151z\u0151dj\u00f6n meg r\u00f3la, hogy a nyomtat\u00f3\u00e1gy h\u0151m\u00e9rs\u00e9klete 50\u00baC alatt van.<\/li>\n<li>Permetezze a 3Dlac 100ml-t a nyomtat\u00f3\u00e1gyra (j\u00f3l szell\u0151z\u0151 helyen).<\/li>\n<li>El\u0151sz\u00f6r meleg\u00edtse fel a nyomtat\u00f3\u00e1gyat, majd nyomtasson<\/li>\n<li>A nyomtat\u00e1s ut\u00e1n v\u00e1rjon, am\u00edg a be\u00e9p\u00edt\u0151lemez leh\u0171l.<\/li>\n<li>A nyomtatott t\u00e1rgy k\u00f6nnyen leh\u00e1mlik<\/li>\n<\/ul>\n<p><iframe loading=\"lazy\" class=\"allowed-iframe\" src=\"https:\/\/www.youtube.com\/embed\/vlxXfV3wGXM\" width=\"495\" height=\"390\"><\/iframe><\/p>\n","protected":false},"excerpt":{"rendered":"<p>A <strong>3DLAC Plus<\/strong> fix\u00e1l\u00f3 spray er\u0151s k\u00f6t\u00e9st biztos\u00edt a m\u0171anyag \u00e9s az \u00fcveg k\u00f6z\u00f6tt, amely sz\u00fcks\u00e9g eset\u00e9n k\u00f6nnyen felbonthat\u00f3.<\/p>\n","protected":false},"featured_media":58793,"comment_status":"closed","ping_status":"closed","template":"","meta":{"_acf_changed":false},"product_brand":[],"product_cat":[2305,1679,2224,2221],"product_tag":[],"brand":[],"class_list":{"0":"post-58792","1":"product","2":"type-product","3":"status-publish","4":"has-post-thumbnail","6":"product_cat-agy-adhesion","7":"product_cat-elado","8":"product_cat-minden-potalkatresz","9":"product_cat-potalkatreszek","10":"pa_compatible-with-artillery-fdm-3d-printers","11":"pa_compatible-with-bambulab-fdm-3d-printers","12":"pa_compatible-with-creality-fdm-3d-printers","13":"pa_compatible-with-flashforge-fdm-3d-printers","14":"pa_compatible-with-zortrax-fdm-3d-printers","15":"pa_fits-printer-bambu-lab-x1-carbon","16":"pa_fits-printer-creality-cr-10","17":"pa_fits-printer-creality-cr-10-smart","18":"pa_fits-printer-creality-cr-10-v2","19":"pa_fits-printer-creality-cr-10s-pro-v2","20":"pa_fits-printer-creality-cr-30-printmill","21":"pa_fits-printer-creality-cr-5-pro-h","22":"pa_fits-printer-creality-cr-6-max","23":"pa_fits-printer-creality-cr-6-se","24":"pa_fits-printer-creality-cr-m4","25":"pa_fits-printer-creality-ender-3","26":"pa_fits-printer-creality-ender-3-v2-neo","27":"pa_fits-printer-creality-k1","28":"pa_fits-printer-creality-k1-max","29":"pa_fits-printer-flashforge-adventurer-4","30":"pa_fits-printer-flashforge-creator-3","31":"pa_fits-printer-flashforge-creator-3-pro","32":"pa_fits-printer-flashforge-creator-4","33":"pa_fits-printer-flashforge-guider-2","34":"pa_fits-printer-flashforge-guider-2s","35":"pa_fits-printer-flashforge-guider-3","36":"pa_fits-printer-zortrax-m200","37":"pa_fits-printer-zortrax-m300","39":"first","40":"instock","41":"sale","42":"taxable","43":"shipping-taxable","44":"purchasable","45":"product-type-simple"},"acf":[],"_links":{"self":[{"href":"https:\/\/azurefilm.com\/hu\/wp-json\/wp\/v2\/product\/58792","targetHints":{"allow":["GET"]}}],"collection":[{"href":"https:\/\/azurefilm.com\/hu\/wp-json\/wp\/v2\/product"}],"about":[{"href":"https:\/\/azurefilm.com\/hu\/wp-json\/wp\/v2\/types\/product"}],"replies":[{"embeddable":true,"href":"https:\/\/azurefilm.com\/hu\/wp-json\/wp\/v2\/comments?post=58792"}],"wp:featuredmedia":[{"embeddable":true,"href":"https:\/\/azurefilm.com\/hu\/wp-json\/wp\/v2\/media\/58793"}],"wp:attachment":[{"href":"https:\/\/azurefilm.com\/hu\/wp-json\/wp\/v2\/media?parent=58792"}],"wp:term":[{"taxonomy":"product_brand","embeddable":true,"href":"https:\/\/azurefilm.com\/hu\/wp-json\/wp\/v2\/product_brand?post=58792"},{"taxonomy":"product_cat","embeddable":true,"href":"https:\/\/azurefilm.com\/hu\/wp-json\/wp\/v2\/product_cat?post=58792"},{"taxonomy":"product_tag","embeddable":true,"href":"https:\/\/azurefilm.com\/hu\/wp-json\/wp\/v2\/product_tag?post=58792"},{"taxonomy":"brand","embeddable":true,"href":"https:\/\/azurefilm.com\/hu\/wp-json\/wp\/v2\/brand?post=58792"}],"curies":[{"name":"wp","href":"https:\/\/api.w.org\/{rel}","templated":true}]}}