
{"id":58800,"date":"2023-10-29T14:28:49","date_gmt":"2023-10-29T14:28:49","guid":{"rendered":"https:\/\/azurefilm.com\/product\/creality-fuvoka-mk\/"},"modified":"2023-10-29T14:28:49","modified_gmt":"2023-10-29T14:28:49","slug":"creality-fuvoka-mk","status":"publish","type":"product","link":"https:\/\/azurefilm.com\/hu\/termek\/creality-fuvoka-mk\/","title":{"rendered":"Creality f\u00fav\u00f3ka MK"},"content":{"rendered":"<h2><strong>F\u0151bb jellemz\u0151k:<\/strong><\/h2>\n<ul>\n<li>Kompatibilis a Creality Ender 3 S1, CR-6 SE k\u00e9sz\u00fcl\u00e9kekkel<\/li>\n<li>Kiv\u00e1l\u00f3 min\u0151s\u00e9g\u0171 3D nyomtat\u00f3 f\u00fav\u00f3k\u00e1k<\/li>\n<li>Bemeneti \u00e1tm\u00e9r\u0151: 1.75mm<\/li>\n<li>Kimeneti \u00e1tm\u00e9r\u0151: 0.4 \/ 0.6 \/ 0.8mm<\/li>\n<li>Anyag: S\u00e1rgar\u00e9z<\/li>\n<li>\u00c1r 1 darabra.<\/li>\n<\/ul>\n","protected":false},"excerpt":{"rendered":"<p><strong>MK f\u00fav\u00f3ka<\/strong> a Creality 3D nyomtat\u00f3khoz.<\/p>\n","protected":false},"featured_media":58801,"comment_status":"closed","ping_status":"closed","template":"","meta":{"_acf_changed":false},"product_brand":[],"product_cat":[1679,2226,2224,2221,2227],"product_tag":[],"brand":[],"class_list":{"0":"post-58800","1":"product","2":"type-product","3":"status-publish","4":"has-post-thumbnail","6":"product_cat-elado","7":"product_cat-fuvoszarnyak","8":"product_cat-minden-potalkatresz","9":"product_cat-potalkatreszek","10":"product_cat-rendszeres-fuvokak","11":"pa_nozzle-diameter-0-4mm","12":"pa_nozzle-diameter-0-6mm","13":"pa_nozzle-diameter-0-8mm","15":"first","16":"instock","17":"sale","18":"taxable","19":"shipping-taxable","20":"purchasable","21":"product-type-variable"},"acf":[],"_links":{"self":[{"href":"https:\/\/azurefilm.com\/hu\/wp-json\/wp\/v2\/product\/58800","targetHints":{"allow":["GET"]}}],"collection":[{"href":"https:\/\/azurefilm.com\/hu\/wp-json\/wp\/v2\/product"}],"about":[{"href":"https:\/\/azurefilm.com\/hu\/wp-json\/wp\/v2\/types\/product"}],"replies":[{"embeddable":true,"href":"https:\/\/azurefilm.com\/hu\/wp-json\/wp\/v2\/comments?post=58800"}],"wp:featuredmedia":[{"embeddable":true,"href":"https:\/\/azurefilm.com\/hu\/wp-json\/wp\/v2\/media\/58801"}],"wp:attachment":[{"href":"https:\/\/azurefilm.com\/hu\/wp-json\/wp\/v2\/media?parent=58800"}],"wp:term":[{"taxonomy":"product_brand","embeddable":true,"href":"https:\/\/azurefilm.com\/hu\/wp-json\/wp\/v2\/product_brand?post=58800"},{"taxonomy":"product_cat","embeddable":true,"href":"https:\/\/azurefilm.com\/hu\/wp-json\/wp\/v2\/product_cat?post=58800"},{"taxonomy":"product_tag","embeddable":true,"href":"https:\/\/azurefilm.com\/hu\/wp-json\/wp\/v2\/product_tag?post=58800"},{"taxonomy":"brand","embeddable":true,"href":"https:\/\/azurefilm.com\/hu\/wp-json\/wp\/v2\/brand?post=58800"}],"curies":[{"name":"wp","href":"https:\/\/api.w.org\/{rel}","templated":true}]}}