
{"id":58813,"date":"2023-10-29T14:14:48","date_gmt":"2023-10-29T14:14:48","guid":{"rendered":"https:\/\/azurefilm.com\/product\/hatlapos-csavarhuzo-csomag\/"},"modified":"2023-10-29T14:14:48","modified_gmt":"2023-10-29T14:14:48","slug":"hatlapos-csavarhuzo-csomag","status":"publish","type":"product","link":"https:\/\/azurefilm.com\/hu\/termek\/hatlapos-csavarhuzo-csomag\/","title":{"rendered":"Hatlapos csavarh\u00faz\u00f3 csomag"},"content":{"rendered":"<h2><strong>Specifik\u00e1ci\u00f3:  <\/strong><\/h2>\n<ul>\n<li>Anyag: ac\u00e9l: kr\u00f3m-van\u00e1dium \u00f6tv\u00f6zet\u0171 ac\u00e9l<\/li>\n<li>A foganty\u00fa \u00e1tm\u00e9r\u0151je: 1.5cm<\/li>\n<li>A ny\u00e9l hossza: 7.5cm<\/li>\n<li>Teljes hossz: 17cm<\/li>\n<\/ul>\n<h2><strong>Jellemz\u0151k:  <\/strong><\/h2>\n<p>Minden, amire sz\u00fcks\u00e9ged van kedvenc k\u00fcty\u00fcid jav\u00edt\u00e1s\u00e1hoz! Haszn\u00e1lhat\u00f3 aut\u00f3k, helikopterek, rep\u00fcl\u0151g\u00e9pek \u00e9s egy\u00e9b modellekhez. Egy n\u00e9lk\u00fcl\u00f6zhetetlen pick-up az RC rajong\u00f3k sz\u00e1m\u00e1ra!  <\/p>\n<h2><strong>A csomag tartalmazza:  <\/strong><\/h2>\n<ul>\n<li>1x 1,5 mm-es hatlapos kulcs,<\/li>\n<li>1x 2,0 mm-es hatlapos kulcs,<\/li>\n<li>1x 2,5 mm-es hatlapos kulcs,<\/li>\n<li>1x 3,0 mm-es hatlapos kulcs.<\/li>\n<\/ul>\n","protected":false},"excerpt":{"rendered":"<p>A hatlapos csavarh\u00faz\u00f3 csomag mindent tartalmaz, amire sz\u00fcks\u00e9ge van kedvenc szerkenty\u0171i jav\u00edt\u00e1s\u00e1hoz.<\/p>\n","protected":false},"featured_media":58814,"comment_status":"closed","ping_status":"closed","template":"","meta":{"_acf_changed":false},"product_brand":[],"product_cat":[1679,2224,2221,2237],"product_tag":[],"brand":[],"class_list":{"0":"post-58813","1":"product","2":"type-product","3":"status-publish","4":"has-post-thumbnail","6":"product_cat-elado","7":"product_cat-minden-potalkatresz","8":"product_cat-potalkatreszek","9":"product_cat-szerszerek","11":"first","12":"instock","13":"sale","14":"taxable","15":"shipping-taxable","16":"purchasable","17":"product-type-simple"},"acf":[],"_links":{"self":[{"href":"https:\/\/azurefilm.com\/hu\/wp-json\/wp\/v2\/product\/58813","targetHints":{"allow":["GET"]}}],"collection":[{"href":"https:\/\/azurefilm.com\/hu\/wp-json\/wp\/v2\/product"}],"about":[{"href":"https:\/\/azurefilm.com\/hu\/wp-json\/wp\/v2\/types\/product"}],"replies":[{"embeddable":true,"href":"https:\/\/azurefilm.com\/hu\/wp-json\/wp\/v2\/comments?post=58813"}],"wp:featuredmedia":[{"embeddable":true,"href":"https:\/\/azurefilm.com\/hu\/wp-json\/wp\/v2\/media\/58814"}],"wp:attachment":[{"href":"https:\/\/azurefilm.com\/hu\/wp-json\/wp\/v2\/media?parent=58813"}],"wp:term":[{"taxonomy":"product_brand","embeddable":true,"href":"https:\/\/azurefilm.com\/hu\/wp-json\/wp\/v2\/product_brand?post=58813"},{"taxonomy":"product_cat","embeddable":true,"href":"https:\/\/azurefilm.com\/hu\/wp-json\/wp\/v2\/product_cat?post=58813"},{"taxonomy":"product_tag","embeddable":true,"href":"https:\/\/azurefilm.com\/hu\/wp-json\/wp\/v2\/product_tag?post=58813"},{"taxonomy":"brand","embeddable":true,"href":"https:\/\/azurefilm.com\/hu\/wp-json\/wp\/v2\/brand?post=58813"}],"curies":[{"name":"wp","href":"https:\/\/api.w.org\/{rel}","templated":true}]}}