
{"id":58829,"date":"2023-10-29T14:14:48","date_gmt":"2023-10-29T14:14:48","guid":{"rendered":"https:\/\/azurefilm.com\/product\/spatula\/"},"modified":"2023-10-29T14:14:48","modified_gmt":"2023-10-29T14:14:48","slug":"spatula","status":"publish","type":"product","link":"https:\/\/azurefilm.com\/hu\/termek\/spatula\/","title":{"rendered":"Spatula"},"content":{"rendered":"<p>Gondjai vannak a 3D modellek elt\u00e1vol\u00edt\u00e1s\u00e1val az \u00e9p\u00edt\u00e9si fel\u00fcletr\u0151l? A spatula rozsdamentes ac\u00e9lb\u00f3l k\u00e9sz\u00fclt peng\u00e9vel rendelkezik, amelynek v\u00e9kony, de kem\u00e9ny el\u00fcls\u0151 \u00e9le sim\u00e1n bejut a 3D-nyomtatott modellek al\u00e1. A ny\u00e9l cs\u00fasz\u00e1smentes gumi foganty\u00faval rendelkezik. A spatula seg\u00edts\u00e9g\u00e9vel k\u00f6nnyed\u00e9n elt\u00e1vol\u00edthatja 3D modelljeit az \u00e9p\u00edt\u00e9si fel\u00fcletr\u0151l an\u00e9lk\u00fcl, hogy a 3D modell megs\u00e9r\u00fclne.  <\/p>\n","protected":false},"excerpt":{"rendered":"<p>Spatula a 3D-nyomtatott t\u00e1rgyak elt\u00e1vol\u00edt\u00e1s\u00e1hoz a gy\u00e1rt\u00e1si fel\u00fcletr\u0151l.<\/p>\n","protected":false},"featured_media":58830,"comment_status":"closed","ping_status":"closed","template":"","meta":{"_acf_changed":false},"product_brand":[],"product_cat":[1679,2221,2237],"product_tag":[],"brand":[],"class_list":{"0":"post-58829","1":"product","2":"type-product","3":"status-publish","4":"has-post-thumbnail","6":"product_cat-elado","7":"product_cat-potalkatreszek","8":"product_cat-szerszerek","10":"first","11":"instock","12":"sale","13":"taxable","14":"shipping-taxable","15":"purchasable","16":"product-type-simple"},"acf":[],"_links":{"self":[{"href":"https:\/\/azurefilm.com\/hu\/wp-json\/wp\/v2\/product\/58829","targetHints":{"allow":["GET"]}}],"collection":[{"href":"https:\/\/azurefilm.com\/hu\/wp-json\/wp\/v2\/product"}],"about":[{"href":"https:\/\/azurefilm.com\/hu\/wp-json\/wp\/v2\/types\/product"}],"replies":[{"embeddable":true,"href":"https:\/\/azurefilm.com\/hu\/wp-json\/wp\/v2\/comments?post=58829"}],"wp:featuredmedia":[{"embeddable":true,"href":"https:\/\/azurefilm.com\/hu\/wp-json\/wp\/v2\/media\/58830"}],"wp:attachment":[{"href":"https:\/\/azurefilm.com\/hu\/wp-json\/wp\/v2\/media?parent=58829"}],"wp:term":[{"taxonomy":"product_brand","embeddable":true,"href":"https:\/\/azurefilm.com\/hu\/wp-json\/wp\/v2\/product_brand?post=58829"},{"taxonomy":"product_cat","embeddable":true,"href":"https:\/\/azurefilm.com\/hu\/wp-json\/wp\/v2\/product_cat?post=58829"},{"taxonomy":"product_tag","embeddable":true,"href":"https:\/\/azurefilm.com\/hu\/wp-json\/wp\/v2\/product_tag?post=58829"},{"taxonomy":"brand","embeddable":true,"href":"https:\/\/azurefilm.com\/hu\/wp-json\/wp\/v2\/brand?post=58829"}],"curies":[{"name":"wp","href":"https:\/\/api.w.org\/{rel}","templated":true}]}}