
{"id":58831,"date":"2023-10-29T14:14:48","date_gmt":"2023-10-29T14:14:48","guid":{"rendered":"https:\/\/azurefilm.com\/product\/rozsdamentes-acel-harapogep\/"},"modified":"2023-10-29T14:14:48","modified_gmt":"2023-10-29T14:14:48","slug":"rozsdamentes-acel-harapogep","status":"publish","type":"product","link":"https:\/\/azurefilm.com\/hu\/termek\/rozsdamentes-acel-harapogep\/","title":{"rendered":"Rozsdamentes ac\u00e9l harap\u00f3g\u00e9p"},"content":{"rendered":"<h2><strong>Jellemz\u0151k:<\/strong><\/h2>\n<ul>\n<li>A rozsdamentes ac\u00e9lb\u00f3l k\u00e9sz\u00fclt fog\u00f3 100% seb\u00e9szeti min\u0151s\u00e9g\u0171 rozsdamentes ac\u00e9lb\u00f3l k\u00e9sz\u00fclt, hogy biztos\u00edtsa a hossz\u00fa \u00e9lettartam\u00fa v\u00e1g\u00f3\u00e9less\u00e9get, \u00e9s rozsd\u00e1sod\u00e1s n\u00e9lk\u00fcl steriliz\u00e1lhat\u00f3.<\/li>\n<li>A 3D nyomtat\u00e1sban elengedhetetlen eszk\u00f6z.<\/li>\n<li>A 3D modell k\u00f6r\u00fcli legapr\u00f3bb ter\u00fcletek v\u00e1g\u00e1s\u00e1ra k\u00e9sz\u00fclt.<\/li>\n<li>A ny\u00edr\u00f3g\u00e9pek tart\u00f3sak, prec\u00edzek \u00e9s k\u00f6nnyen kezelhet\u0151k.<\/li>\n<li>A fog\u00f3t nyit\u00f3 fesz\u00edt\u0151 r\u00fad j\u00f3 feszess\u00e9ggel rendelkezik, \u00e9s kiel\u00e9g\u00edt\u0151en \u00e9s biztons\u00e1gosan kattan be a bev\u00e1g\u00e1sba.<\/li>\n<li>A pr\u00e9mium min\u0151s\u00e9g\u0171 dupla rug\u00f3 sima, k\u00e9nyelmes, nagyobb pontoss\u00e1got \u00e9s k\u00f6nny\u0171 v\u00e1g\u00e1st tesz lehet\u0151v\u00e9.<\/li>\n<li>A fog\u00f3 ergonomikus kialak\u00edt\u00e1sa nagyobb kontrollt \u00e9s fog\u00e1st biztos\u00edt a fog\u00e1s \u00e9s a v\u00e1g\u00e1s sor\u00e1n.<\/li>\n<li>Haszn\u00e1lat ut\u00e1n egyszer\u0171en t\u00f6r\u00f6lje le a peng\u00e9ket alkohollal.<\/li>\n<li>A csomagol\u00e1s tartalmaz egy m\u0171anyag hegyet, amely v\u00e9d a v\u00e9letlen sz\u00far\u00e1sok vagy b\u00f6k\u00e9sek ellen.<\/li>\n<\/ul>\n","protected":false},"excerpt":{"rendered":"<p>A rozsdamentes ac\u00e9lb\u00f3l k\u00e9sz\u00fclt fog\u00f3 tart\u00f3s, prec\u00edz \u00e9s k\u00f6nnyen haszn\u00e1lhat\u00f3. Rozsdamentes ac\u00e9lb\u00f3l k\u00e9sz\u00fclt. <\/p>\n","protected":false},"featured_media":58838,"comment_status":"closed","ping_status":"closed","template":"","meta":{"_acf_changed":false},"product_brand":[],"product_cat":[1679,2224,2221,2237],"product_tag":[],"brand":[],"class_list":{"0":"post-58831","1":"product","2":"type-product","3":"status-publish","4":"has-post-thumbnail","6":"product_cat-elado","7":"product_cat-minden-potalkatresz","8":"product_cat-potalkatreszek","9":"product_cat-szerszerek","11":"first","12":"instock","13":"sale","14":"taxable","15":"shipping-taxable","16":"purchasable","17":"product-type-simple"},"acf":[],"_links":{"self":[{"href":"https:\/\/azurefilm.com\/hu\/wp-json\/wp\/v2\/product\/58831","targetHints":{"allow":["GET"]}}],"collection":[{"href":"https:\/\/azurefilm.com\/hu\/wp-json\/wp\/v2\/product"}],"about":[{"href":"https:\/\/azurefilm.com\/hu\/wp-json\/wp\/v2\/types\/product"}],"replies":[{"embeddable":true,"href":"https:\/\/azurefilm.com\/hu\/wp-json\/wp\/v2\/comments?post=58831"}],"wp:featuredmedia":[{"embeddable":true,"href":"https:\/\/azurefilm.com\/hu\/wp-json\/wp\/v2\/media\/58838"}],"wp:attachment":[{"href":"https:\/\/azurefilm.com\/hu\/wp-json\/wp\/v2\/media?parent=58831"}],"wp:term":[{"taxonomy":"product_brand","embeddable":true,"href":"https:\/\/azurefilm.com\/hu\/wp-json\/wp\/v2\/product_brand?post=58831"},{"taxonomy":"product_cat","embeddable":true,"href":"https:\/\/azurefilm.com\/hu\/wp-json\/wp\/v2\/product_cat?post=58831"},{"taxonomy":"product_tag","embeddable":true,"href":"https:\/\/azurefilm.com\/hu\/wp-json\/wp\/v2\/product_tag?post=58831"},{"taxonomy":"brand","embeddable":true,"href":"https:\/\/azurefilm.com\/hu\/wp-json\/wp\/v2\/brand?post=58831"}],"curies":[{"name":"wp","href":"https:\/\/api.w.org\/{rel}","templated":true}]}}