
{"id":58832,"date":"2023-10-29T14:15:26","date_gmt":"2023-10-29T14:15:26","guid":{"rendered":"https:\/\/azurefilm.com\/product\/terminal-krimpelo-fogo-eszkoz\/"},"modified":"2023-10-29T14:15:26","modified_gmt":"2023-10-29T14:15:26","slug":"terminal-krimpelo-fogo-eszkoz","status":"publish","type":"product","link":"https:\/\/azurefilm.com\/hu\/termek\/terminal-krimpelo-fogo-eszkoz\/","title":{"rendered":"Termin\u00e1l krimpel\u0151 fog\u00f3 eszk\u00f6z"},"content":{"rendered":"<p>Ez a professzion\u00e1lis huzal krimpel\u0151 szersz\u00e1mok \u00f6nbe\u00e1ll\u00f3 krimpel\u0151 fog\u00f3val, k\u00e9nyelemmel, hat\u00e9konys\u00e1ggal \u00e9s \u00e1rtalmatlans\u00e1ggal rendelkezik a k\u00e1belmagok sz\u00e1m\u00e1ra. K\u00f6nnyen haszn\u00e1lhat\u00f3, csak tartsa a foganty\u00fat, \u00e9s egyszer manipul\u00e1lja, hogy sikeresen szor\u00edtsa meg a vezet\u00e9ket \u00e9s a csatlakoz\u00f3blokkokat. <\/p>\n<h2><strong>SPECIFIK\u00c1CI\u00d3K:<\/strong><\/h2>\n<ul>\n<li><span style=\"color: #000000;\">Anyag: ac\u00e9l \u00e9s \u00f6tv\u00f6zet<\/span><\/li>\n<li><span style=\"color: #000000;\">Sz\u00edn: S\u00e1rga \u00e9s fekete<\/span><\/li>\n<li>Kapacit\u00e1s: 0,1-1,0 mm\u00b2<\/li>\n<li>AWG: 28-18AWG<\/li>\n<li>Hossz: 190mm<\/li>\n<li>S\u00faly: 0.37kg<\/li>\n<\/ul>\n<h2 style=\"padding: 0px; text-align: start;\"><strong><span style=\"color: #000000;\">JELLEMZ\u0150K:<\/span><\/strong><\/h2>\n<ul>\n<li><span style=\"color: #000000;\">Professzion\u00e1lis huzalgy\u0171r\u0151 szersz\u00e1m \u00f6nbe\u00e1ll\u00f3 racsnis mechanizmussal a k\u00f6nny\u0171 kezelhet\u0151s\u00e9g \u00e9rdek\u00e9ben.<\/span><\/li>\n<li><span style=\"color: #000000;\">Alkalmazhat\u00f3 a legt\u00f6bb nem szigetelt krimpel\u0151 csatlakoz\u00f3hoz \u00e9s csatlakoz\u00f3hoz.<\/span><\/li>\n<li><span style=\"color: #000000;\">A nagyszer\u0171 foganty\u00fafog\u00e1si poz\u00edci\u00f3nak, a k\u00f6nny\u0171 \u00e9s kompakt szerkezetnek \u00e9s a foganty\u00fa kialak\u00edt\u00e1s\u00e1nak k\u00f6sz\u00f6nhet\u0151en t\u00f6k\u00e9letes krimpel\u00e9si hat\u00e1st biztos\u00edt.<\/span><\/li>\n<li><span style=\"color: #000000;\"><span style=\"color: #000000;\">Az \u00e1ll\u00edthat\u00f3 szor\u00edt\u00f3er\u0151vel ell\u00e1tott racsnis mechanizmus pontos, megism\u00e9telhet\u0151 krimpel\u00e9st tesz lehet\u0151v\u00e9 | Az \u00f6sszetett m\u0171k\u00f6d\u00e9s\u0171 kialak\u00edt\u00e1s minden egyes szor\u00edt\u00e1sn\u00e1l t\u00f6bb krimpel\u00e9si er\u0151t biztos\u00edt.<\/span><\/span><\/li>\n<li><span style=\"color: #000000;\">Az ergonomikus, k\u00e9t anyagb\u00f3l k\u00e9sz\u00fclt foganty\u00fak k\u00e9nyelmes, biztons\u00e1gos fog\u00e1st biztos\u00edtanak.<\/span><\/li>\n<li><span style=\"color: #000000;\">Ide\u00e1lis nejlon szigetel\u00e9s\u0171 forraszt\u00e1s n\u00e9lk\u00fcli csatlakoz\u00f3khoz &#8211; Nem aj\u00e1nlott a h\u0151re zsugorod\u00f3 csatlakoz\u00f3kkal egy\u00fctt haszn\u00e1lni.<\/span><\/li>\n<\/ul>\n<h2 style=\"padding: 0px; text-align: start;\"><span style=\"color: #000000;\"><strong>Hogyan kell haszn\u00e1lni:<\/strong><\/span><\/h2>\n<p style=\"padding: 0px; text-align: start;\"><span style=\"color: #000000;\">1. Nyissa ki a szersz\u00e1mot a foganty\u00fak teljes \u00f6sszenyom\u00e1s\u00e1val. A z\u00e1rt l\u00f6ket v\u00e9g\u00e9n a racsnis mechanizmus kioldja a foganty\u00fakat, \u00e9s a szersz\u00e1m kiugrik. <\/span><\/p>\n<p style=\"padding: 0px; text-align: start;\"><span style=\"color: #000000;\">2. Helyezze a csatlakoz\u00f3t a megfelel\u0151 krimpel\u0151 kamr\u00e1ba (a sz\u00ednk\u00f3dot a csatlakoz\u00f3 szigetel\u00e9s\u00e9hez igaz\u00edtsa).<\/span><\/p>\n<p style=\"padding: 0px; text-align: start;\"><span style=\"color: #000000;\">3. Tartsa a csatlakoz\u00f3t a hely\u00e9n, \u00e9s \u00f3vatosan szor\u00edtsa \u00f6ssze a szersz\u00e1m foganty\u00fait, am\u00edg a racsni kell\u0151k\u00e9ppen be nem kapcsol\u00f3dik a csatlakoz\u00f3 megtart\u00e1s\u00e1hoz. NE deform\u00e1lja a huzalhengert. <\/span><\/p>\n<p style=\"padding: 0px; text-align: start;\"><span style=\"color: #000000;\">4. Helyezze be a lecsupasz\u00edtott vezet\u00e9ket a csatlakoz\u00f3h\u00fcvelybe, \u00e9s mik\u00f6zben a vezet\u00e9ket a hely\u00e9n tartja, szor\u00edtsa \u00f6ssze a foganty\u00fakat, am\u00edg a racsni ki nem enged. Hagyja, hogy a szersz\u00e1m foganty\u00fai kiny\u00edljanak, \u00e9s vegye ki a krimpelt termin\u00e1lt. <\/span><\/p>\n<p style=\"padding: 0px; text-align: start;\">\n","protected":false},"excerpt":{"rendered":"<p><span style=\"color: #000000;\"><strong>A termin\u00e1l krimpel\u0151 fog\u00f3 szersz\u00e1m<\/strong> egy professzion\u00e1lis vezet\u00e9k krimpel\u0151 szersz\u00e1m \u00f6nbe\u00e1ll\u00f3 racsnis mechanizmussal a k\u00f6nny\u0171 kezelhet\u0151s\u00e9g \u00e9rdek\u00e9ben.<\/span><\/p>\n","protected":false},"featured_media":58833,"comment_status":"closed","ping_status":"closed","template":"","meta":{"_acf_changed":false},"product_brand":[],"product_cat":[1679,2224,2221,2237],"product_tag":[],"brand":[],"class_list":{"0":"post-58832","1":"product","2":"type-product","3":"status-publish","4":"has-post-thumbnail","6":"product_cat-elado","7":"product_cat-minden-potalkatresz","8":"product_cat-potalkatreszek","9":"product_cat-szerszerek","11":"first","12":"instock","13":"sale","14":"taxable","15":"shipping-taxable","16":"purchasable","17":"product-type-simple"},"acf":[],"_links":{"self":[{"href":"https:\/\/azurefilm.com\/hu\/wp-json\/wp\/v2\/product\/58832","targetHints":{"allow":["GET"]}}],"collection":[{"href":"https:\/\/azurefilm.com\/hu\/wp-json\/wp\/v2\/product"}],"about":[{"href":"https:\/\/azurefilm.com\/hu\/wp-json\/wp\/v2\/types\/product"}],"replies":[{"embeddable":true,"href":"https:\/\/azurefilm.com\/hu\/wp-json\/wp\/v2\/comments?post=58832"}],"wp:featuredmedia":[{"embeddable":true,"href":"https:\/\/azurefilm.com\/hu\/wp-json\/wp\/v2\/media\/58833"}],"wp:attachment":[{"href":"https:\/\/azurefilm.com\/hu\/wp-json\/wp\/v2\/media?parent=58832"}],"wp:term":[{"taxonomy":"product_brand","embeddable":true,"href":"https:\/\/azurefilm.com\/hu\/wp-json\/wp\/v2\/product_brand?post=58832"},{"taxonomy":"product_cat","embeddable":true,"href":"https:\/\/azurefilm.com\/hu\/wp-json\/wp\/v2\/product_cat?post=58832"},{"taxonomy":"product_tag","embeddable":true,"href":"https:\/\/azurefilm.com\/hu\/wp-json\/wp\/v2\/product_tag?post=58832"},{"taxonomy":"brand","embeddable":true,"href":"https:\/\/azurefilm.com\/hu\/wp-json\/wp\/v2\/brand?post=58832"}],"curies":[{"name":"wp","href":"https:\/\/api.w.org\/{rel}","templated":true}]}}