
{"id":58845,"date":"2023-10-29T14:15:26","date_gmt":"2023-10-29T14:15:26","guid":{"rendered":"https:\/\/azurefilm.com\/product\/onbeallo-vago-csikozo\/"},"modified":"2023-10-29T14:15:26","modified_gmt":"2023-10-29T14:15:26","slug":"onbeallo-vago-csikozo","status":"publish","type":"product","link":"https:\/\/azurefilm.com\/hu\/termek\/onbeallo-vago-csikozo\/","title":{"rendered":"\u00d6nbe\u00e1ll\u00f3 v\u00e1g\u00f3 cs\u00edkoz\u00f3"},"content":{"rendered":"<h2>\u00d6nbe\u00e1ll\u00f3 v\u00e1g\u00f3 cs\u00edkoz\u00f3 jellemz\u0151i:<\/h2>\n<ul>\n<li>Automatikus huzalh\u00faz\u00f3 egy vagy t\u00f6bb k\u00e1belszakaszhoz AWG 10-t\u0151l AWG 24-ig.<\/li>\n<li>Nem helyezz\u00fck a vezet\u00e9ket a megfelel\u0151 nyomt\u00e1v\u00fa lyukakba (old school stripper), ez univerz\u00e1lis.<\/li>\n<li>A csavar n\u00e9mi kezdeti be\u00e1ll\u00edt\u00e1sa ut\u00e1n ez a lecsiszol\u00f3 t\u00f6k\u00e9letesen lecs\u00edkozza a vezet\u00e9keket.<\/li>\n<li>Sokkal egyszer\u0171bb, gyorsabb \u00e9s pontosabb, mint a r\u00e9gi v\u00e1g\u00f3fog\u00f3k.<\/li>\n<li>Ez az \u00faj tervez\u00e9s\u0171 sztripper nagyon k\u00f6nnyen haszn\u00e1lhat\u00f3, gyorsan \u00e9s k\u00f6nnyed\u00e9n elv\u00e9gzi a munk\u00e1t.<\/li>\n<li>K\u00e9nyelmes fog\u00e1s, nincs gond, csak helyezze be a dr\u00f3tot \u00e9s nyomja meg a foganty\u00fat k\u00e9sz!<\/li>\n<li>Ezek a dr\u00f3tcsavaroz\u00f3k j\u00f3l meg\u00e9p\u00edtettek, tart\u00f3s anyagokb\u00f3l, er\u0151s m\u0171anyagb\u00f3l \u00e9s f\u00e9mb\u0151l k\u00e9sz\u00fcltek, rozsdamentes bevonattal.<\/li>\n<\/ul>\n","protected":false},"excerpt":{"rendered":"<p>A szigetel\u00e9st gond n\u00e9lk\u00fcl elt\u00e1vol\u00edthatja, csak helyezze be a vezet\u00e9ket, \u00e9s nyomja meg az \u00f6nbe\u00e1ll\u00f3 v\u00e1g\u00f3cs\u00edkoz\u00f3 foganty\u00faj\u00e1t.<\/p>\n","protected":false},"featured_media":58852,"comment_status":"closed","ping_status":"closed","template":"","meta":{"_acf_changed":false},"product_brand":[],"product_cat":[1679,2224,2221,2237],"product_tag":[],"brand":[],"class_list":{"0":"post-58845","1":"product","2":"type-product","3":"status-publish","4":"has-post-thumbnail","6":"product_cat-elado","7":"product_cat-minden-potalkatresz","8":"product_cat-potalkatreszek","9":"product_cat-szerszerek","11":"first","12":"instock","13":"sale","14":"taxable","15":"shipping-taxable","16":"purchasable","17":"product-type-simple"},"acf":[],"_links":{"self":[{"href":"https:\/\/azurefilm.com\/hu\/wp-json\/wp\/v2\/product\/58845","targetHints":{"allow":["GET"]}}],"collection":[{"href":"https:\/\/azurefilm.com\/hu\/wp-json\/wp\/v2\/product"}],"about":[{"href":"https:\/\/azurefilm.com\/hu\/wp-json\/wp\/v2\/types\/product"}],"replies":[{"embeddable":true,"href":"https:\/\/azurefilm.com\/hu\/wp-json\/wp\/v2\/comments?post=58845"}],"wp:featuredmedia":[{"embeddable":true,"href":"https:\/\/azurefilm.com\/hu\/wp-json\/wp\/v2\/media\/58852"}],"wp:attachment":[{"href":"https:\/\/azurefilm.com\/hu\/wp-json\/wp\/v2\/media?parent=58845"}],"wp:term":[{"taxonomy":"product_brand","embeddable":true,"href":"https:\/\/azurefilm.com\/hu\/wp-json\/wp\/v2\/product_brand?post=58845"},{"taxonomy":"product_cat","embeddable":true,"href":"https:\/\/azurefilm.com\/hu\/wp-json\/wp\/v2\/product_cat?post=58845"},{"taxonomy":"product_tag","embeddable":true,"href":"https:\/\/azurefilm.com\/hu\/wp-json\/wp\/v2\/product_tag?post=58845"},{"taxonomy":"brand","embeddable":true,"href":"https:\/\/azurefilm.com\/hu\/wp-json\/wp\/v2\/brand?post=58845"}],"curies":[{"name":"wp","href":"https:\/\/api.w.org\/{rel}","templated":true}]}}